{"id":24269,"date":"2022-06-22T12:45:56","date_gmt":"2022-06-22T10:45:56","guid":{"rendered":"https:\/\/sundar.be\/product\/professionals-hydrating-lifting-serum-200-ml-fr\/"},"modified":"2025-12-11T08:19:31","modified_gmt":"2025-12-11T07:19:31","slug":"professionals-hydrating-lifting-serum-200-ml-fr","status":"publish","type":"product","link":"https:\/\/sundar.be\/fr\/produit\/professionals-hydrating-lifting-serum-200-ml-fr\/","title":{"rendered":"Monteil Professionals Hydrating Lifting Serum &#8211; 200 ml (DETOX)"},"content":{"rendered":"<p>Le <span style=\"color: #557e96;\"><strong data-start=\"270\" data-end=\"311\">Professionals Hydrating Lifting Serum<\/strong><\/span> est un s\u00e9rum intens\u00e9ment hydratant et raffermissant qui laisse la peau imm\u00e9diatement plus rebondie, plus fra\u00eeche et plus lisse. La formule est \u00e9labor\u00e9e autour de l\u2019acide hyaluronique et de puissants extraits marins tels que l\u2019extrait de plancton et l\u2019extrait de cellules souches de Crithmum Maritimum (fenouil marin), qui aident \u00e0 revitaliser la peau et \u00e0 la raffermir visiblement. Le pullulan procure un effet lifting imm\u00e9diat \u00e0 la surface de la peau, tandis que la glyc\u00e9rine et le propyl\u00e8ne-glycol offrent une hydratation durable. Gr\u00e2ce \u00e0 sa texture gel l\u00e9g\u00e8re, le s\u00e9rum est rapidement absorb\u00e9 et constitue une base id\u00e9ale pour les soins professionnels ainsi que pour une utilisation quotidienne \u00e0 domicile.<\/p>\n","protected":false},"excerpt":{"rendered":"<p data-start=\"979\" data-end=\"1137\">Un s\u00e9rum intens\u00e9ment hydratant avec un effet liftant imm\u00e9diat gr\u00e2ce \u00e0 l\u2019acide hyaluronique et aux extraits marins. La peau para\u00eet plus rebondie, plus lisse et visiblement plus fra\u00eeche. <\/p>\n","protected":false},"featured_media":59703,"comment_status":"closed","ping_status":"closed","template":"","meta":{"_acf_changed":false},"product_brand":[],"product_cat":[2683,2707],"product_tag":[2716],"class_list":{"0":"post-24269","1":"product","2":"type-product","3":"status-publish","4":"has-post-thumbnail","6":"product_cat-monteil-fr","7":"product_cat-monteil-professionals-fr","8":"product_tag-monteil-fr","10":"first","11":"instock","12":"taxable","13":"shipping-taxable","14":"product-type-simple"},"acf":[],"_links":{"self":[{"href":"https:\/\/sundar.be\/fr\/wp-json\/wp\/v2\/product\/24269","targetHints":{"allow":["GET"]}}],"collection":[{"href":"https:\/\/sundar.be\/fr\/wp-json\/wp\/v2\/product"}],"about":[{"href":"https:\/\/sundar.be\/fr\/wp-json\/wp\/v2\/types\/product"}],"replies":[{"embeddable":true,"href":"https:\/\/sundar.be\/fr\/wp-json\/wp\/v2\/comments?post=24269"}],"wp:featuredmedia":[{"embeddable":true,"href":"https:\/\/sundar.be\/fr\/wp-json\/wp\/v2\/media\/59703"}],"wp:attachment":[{"href":"https:\/\/sundar.be\/fr\/wp-json\/wp\/v2\/media?parent=24269"}],"wp:term":[{"taxonomy":"product_brand","embeddable":true,"href":"https:\/\/sundar.be\/fr\/wp-json\/wp\/v2\/product_brand?post=24269"},{"taxonomy":"product_cat","embeddable":true,"href":"https:\/\/sundar.be\/fr\/wp-json\/wp\/v2\/product_cat?post=24269"},{"taxonomy":"product_tag","embeddable":true,"href":"https:\/\/sundar.be\/fr\/wp-json\/wp\/v2\/product_tag?post=24269"}],"curies":[{"name":"wp","href":"https:\/\/api.w.org\/{rel}","templated":true}]}}