{"id":24132,"date":"2022-06-16T15:41:09","date_gmt":"2022-06-16T13:41:09","guid":{"rendered":"https:\/\/sundar.be\/product\/professionals-active-collagen-gel-200-ml-fr\/"},"modified":"2025-12-08T13:43:49","modified_gmt":"2025-12-08T12:43:49","slug":"professionals-active-collagen-gel-200-ml-fr","status":"publish","type":"product","link":"https:\/\/sundar.be\/fr\/produit\/professionals-active-collagen-gel-200-ml-fr\/","title":{"rendered":"Monteil Professionals Active Collagen Gel, 200 ml (ACTIVE)"},"content":{"rendered":"<p>La <span style=\"color: #557e96;\"><strong data-start=\"242\" data-end=\"279\">Professionals Active Collagen Gel <\/strong><\/span>est un gel hydratant et raffermissant qui soutient la peau gr\u00e2ce au collag\u00e8ne soluble, offrant une sensation imm\u00e9diate de fermet\u00e9, de souplesse et de confort. Sa texture gel l\u00e9g\u00e8re p\u00e9n\u00e8tre rapidement et assure une hydratation intense gr\u00e2ce \u00e0 la glyc\u00e9rine, tandis que le collag\u00e8ne contribue \u00e0 am\u00e9liorer la texture cutan\u00e9e et \u00e0 lisser visiblement la surface de la peau. Ce gel professionnel est id\u00e9al comme produit cabine dans les traitements raffermissants ou anti-\u00e2ge, mais convient \u00e9galement pour un usage quotidien \u00e0 domicile pour les clients recherchant un soutien suppl\u00e9mentaire pour leur peau.  <\/p>\n<p>&nbsp;<\/p>\n","protected":false},"excerpt":{"rendered":"<p data-start=\"862\" data-end=\"1049\">Un gel hydratant au collag\u00e8ne soluble qui redonne \u00e0 la peau un aspect plus ferme, lisse et souple. Parfait pour les soins anti-\u00e2ge professionnels ou comme boost d\u2019hydratation quotidienne. <\/p>\n","protected":false},"featured_media":59682,"comment_status":"closed","ping_status":"closed","template":"","meta":{"_acf_changed":false},"product_brand":[],"product_cat":[2683,2707],"product_tag":[2716],"class_list":{"0":"post-24132","1":"product","2":"type-product","3":"status-publish","4":"has-post-thumbnail","6":"product_cat-monteil-fr","7":"product_cat-monteil-professionals-fr","8":"product_tag-monteil-fr","10":"first","11":"instock","12":"taxable","13":"shipping-taxable","14":"product-type-simple"},"acf":[],"_links":{"self":[{"href":"https:\/\/sundar.be\/fr\/wp-json\/wp\/v2\/product\/24132","targetHints":{"allow":["GET"]}}],"collection":[{"href":"https:\/\/sundar.be\/fr\/wp-json\/wp\/v2\/product"}],"about":[{"href":"https:\/\/sundar.be\/fr\/wp-json\/wp\/v2\/types\/product"}],"replies":[{"embeddable":true,"href":"https:\/\/sundar.be\/fr\/wp-json\/wp\/v2\/comments?post=24132"}],"wp:featuredmedia":[{"embeddable":true,"href":"https:\/\/sundar.be\/fr\/wp-json\/wp\/v2\/media\/59682"}],"wp:attachment":[{"href":"https:\/\/sundar.be\/fr\/wp-json\/wp\/v2\/media?parent=24132"}],"wp:term":[{"taxonomy":"product_brand","embeddable":true,"href":"https:\/\/sundar.be\/fr\/wp-json\/wp\/v2\/product_brand?post=24132"},{"taxonomy":"product_cat","embeddable":true,"href":"https:\/\/sundar.be\/fr\/wp-json\/wp\/v2\/product_cat?post=24132"},{"taxonomy":"product_tag","embeddable":true,"href":"https:\/\/sundar.be\/fr\/wp-json\/wp\/v2\/product_tag?post=24132"}],"curies":[{"name":"wp","href":"https:\/\/api.w.org\/{rel}","templated":true}]}}