{"id":24123,"date":"2022-06-16T15:47:25","date_gmt":"2022-06-16T13:47:25","guid":{"rendered":"https:\/\/sundar.be\/product\/24123\/"},"modified":"2025-12-08T13:27:32","modified_gmt":"2025-12-08T12:27:32","slug":"professionals-skin-balancing-anti-acne-gel-200-ml-fr","status":"publish","type":"product","link":"https:\/\/sundar.be\/fr\/produit\/professionals-skin-balancing-anti-acne-gel-200-ml-fr\/","title":{"rendered":"Professionals Skin Balancing Anti Acne Gel, 200 ml (BALANCE)"},"content":{"rendered":"<p>La <span style=\"color: #557e96;\"><strong data-start=\"274\" data-end=\"320\">Professionals Skin Balancing Anti Acne Gel <\/strong><\/span>est un gel purifiant l\u00e9ger qui aide \u00e0 r\u00e9\u00e9quilibrer les peaux grasses et \u00e0 imperfections. Sa formule associe le Zinc PCA et l\u2019extrait de racine d\u2019Iris Florentina, deux actifs reconnus pour r\u00e9guler la production de s\u00e9bum et r\u00e9duire visiblement les imperfections. Des agents hydratants tels que la glyc\u00e9rine, le sorbitol, le butyl\u00e8ne glycol et l\u2019acide hyaluronique pr\u00e9viennent le dess\u00e8chement, tandis que la peau reste fra\u00eeche et matifi\u00e9e. Sa texture gel fra\u00eeche p\u00e9n\u00e8tre rapidement et laisse la peau nette, apais\u00e9e et plus uniforme \u2014 id\u00e9ale pour les traitements anti-acn\u00e9 professionnels et l\u2019utilisation quotidienne \u00e0 domicile.   <\/p>\n<p>&nbsp;<\/p>\n","protected":false},"excerpt":{"rendered":"<p data-start=\"966\" data-end=\"1116\">Un gel \u00e9quilibrant anti-acn\u00e9 qui aide \u00e0 r\u00e9guler le s\u00e9bum et \u00e0 r\u00e9duire les imperfections. La peau est fra\u00eeche, hydrat\u00e9e et visiblement plus nette. <\/p>\n","protected":false},"featured_media":59684,"comment_status":"closed","ping_status":"closed","template":"","meta":{"_acf_changed":false},"product_brand":[],"product_cat":[2683,2707],"product_tag":[2716],"class_list":{"0":"post-24123","1":"product","2":"type-product","3":"status-publish","4":"has-post-thumbnail","6":"product_cat-monteil-fr","7":"product_cat-monteil-professionals-fr","8":"product_tag-monteil-fr","10":"first","11":"instock","12":"taxable","13":"shipping-taxable","14":"product-type-simple"},"acf":[],"_links":{"self":[{"href":"https:\/\/sundar.be\/fr\/wp-json\/wp\/v2\/product\/24123","targetHints":{"allow":["GET"]}}],"collection":[{"href":"https:\/\/sundar.be\/fr\/wp-json\/wp\/v2\/product"}],"about":[{"href":"https:\/\/sundar.be\/fr\/wp-json\/wp\/v2\/types\/product"}],"replies":[{"embeddable":true,"href":"https:\/\/sundar.be\/fr\/wp-json\/wp\/v2\/comments?post=24123"}],"wp:featuredmedia":[{"embeddable":true,"href":"https:\/\/sundar.be\/fr\/wp-json\/wp\/v2\/media\/59684"}],"wp:attachment":[{"href":"https:\/\/sundar.be\/fr\/wp-json\/wp\/v2\/media?parent=24123"}],"wp:term":[{"taxonomy":"product_brand","embeddable":true,"href":"https:\/\/sundar.be\/fr\/wp-json\/wp\/v2\/product_brand?post=24123"},{"taxonomy":"product_cat","embeddable":true,"href":"https:\/\/sundar.be\/fr\/wp-json\/wp\/v2\/product_cat?post=24123"},{"taxonomy":"product_tag","embeddable":true,"href":"https:\/\/sundar.be\/fr\/wp-json\/wp\/v2\/product_tag?post=24123"}],"curies":[{"name":"wp","href":"https:\/\/api.w.org\/{rel}","templated":true}]}}