{"id":24112,"date":"2022-06-16T15:27:56","date_gmt":"2022-06-16T13:27:56","guid":{"rendered":"https:\/\/sundar.be\/product\/professionals-4-way-hyaluronic-gel-200-ml-fr\/"},"modified":"2025-12-08T13:50:24","modified_gmt":"2025-12-08T12:50:24","slug":"professionals-4-way-hyaluronic-gel-200-ml-fr","status":"publish","type":"product","link":"https:\/\/sundar.be\/fr\/produit\/professionals-4-way-hyaluronic-gel-200-ml-fr\/","title":{"rendered":"Monteil Professionals 4-way Hyaluronic Gel, 200 ml (BOOST)"},"content":{"rendered":"<p>Le<span style=\"color: #557e96;\"><strong data-start=\"258\" data-end=\"296\"> Professionals 4-way Hyaluronic Gel<\/strong><\/span> est un gel concentr\u00e9 intens\u00e9ment hydratant qui repulpe imm\u00e9diatement la peau, la rend plus souple et assure une hydratation durable. La formule repose sur quatre m\u00e9canismes hydratants synergiques : l\u2019acide hyaluronique classique (Sodium Hyaluronate), le polygamma-glutamate (PGA), la glyc\u00e9rine et des \u00e9mollients lipidiques. Ensemble, ils attirent l\u2019eau, la retiennent et la diffusent uniform\u00e9ment dans les diff\u00e9rentes couches de la peau. Sa texture gel l\u00e9g\u00e8re s\u2019absorbe rapidement sans laisser de film collant, ce qui en fait un produit id\u00e9al pour les soins cabine professionnels ainsi que pour l\u2019utilisation quotidienne \u00e0 domicile. Ce gel am\u00e9liore l\u2019\u00e9lasticit\u00e9 de la peau, r\u00e9duit les ridules de d\u00e9shydratation et offre un \u00e9clat frais et sain.    <\/p>\n<p>&nbsp;<\/p>\n","protected":false},"excerpt":{"rendered":"<p>Un gel ultra-hydratant dot\u00e9 de quatre puissants m\u00e9canismes d\u2019hydratation pour un apport en eau imm\u00e9diat et longue dur\u00e9e. Laisse la peau plus rebondie, plus lisse et parfaitement confortable. <\/p>\n","protected":false},"featured_media":59701,"comment_status":"closed","ping_status":"closed","template":"","meta":{"_acf_changed":false},"product_brand":[],"product_cat":[2683,2707],"product_tag":[2716],"class_list":{"0":"post-24112","1":"product","2":"type-product","3":"status-publish","4":"has-post-thumbnail","6":"product_cat-monteil-fr","7":"product_cat-monteil-professionals-fr","8":"product_tag-monteil-fr","10":"first","11":"instock","12":"taxable","13":"shipping-taxable","14":"product-type-simple"},"acf":[],"_links":{"self":[{"href":"https:\/\/sundar.be\/fr\/wp-json\/wp\/v2\/product\/24112","targetHints":{"allow":["GET"]}}],"collection":[{"href":"https:\/\/sundar.be\/fr\/wp-json\/wp\/v2\/product"}],"about":[{"href":"https:\/\/sundar.be\/fr\/wp-json\/wp\/v2\/types\/product"}],"replies":[{"embeddable":true,"href":"https:\/\/sundar.be\/fr\/wp-json\/wp\/v2\/comments?post=24112"}],"wp:featuredmedia":[{"embeddable":true,"href":"https:\/\/sundar.be\/fr\/wp-json\/wp\/v2\/media\/59701"}],"wp:attachment":[{"href":"https:\/\/sundar.be\/fr\/wp-json\/wp\/v2\/media?parent=24112"}],"wp:term":[{"taxonomy":"product_brand","embeddable":true,"href":"https:\/\/sundar.be\/fr\/wp-json\/wp\/v2\/product_brand?post=24112"},{"taxonomy":"product_cat","embeddable":true,"href":"https:\/\/sundar.be\/fr\/wp-json\/wp\/v2\/product_cat?post=24112"},{"taxonomy":"product_tag","embeddable":true,"href":"https:\/\/sundar.be\/fr\/wp-json\/wp\/v2\/product_tag?post=24112"}],"curies":[{"name":"wp","href":"https:\/\/api.w.org\/{rel}","templated":true}]}}