{"id":24092,"date":"2022-06-16T14:39:50","date_gmt":"2022-06-16T12:39:50","guid":{"rendered":"https:\/\/sundar.be\/product\/elixir-metamorphose-collagen-boost-serum-2-fr\/"},"modified":"2025-12-08T13:01:46","modified_gmt":"2025-12-08T12:01:46","slug":"elixir-metamorphose-collagen-boost-serum-2","status":"publish","type":"product","link":"https:\/\/sundar.be\/fr\/produit\/elixir-metamorphose-collagen-boost-serum-2\/","title":{"rendered":"Monteil \u00c9LIXIR M\u00c9TAMORPHOSE Collagen Boost Serum, 30ml"},"content":{"rendered":"<p>Le <span style=\"color: #557e96;\"><strong data-start=\"257\" data-end=\"301\">\u00c9LIXIR M\u00c9TAMORPHOSE Collagen Boost Serum<\/strong><\/span> est un s\u00e9rum haut de gamme, raffermissant et revitalisant, qui soutient la structure naturelle du collag\u00e8ne pour r\u00e9v\u00e9ler une peau visiblement plus lisse, plus rebondie et plus jeune. Sa formule associe des peptides bioactifs tels que l\u2019<em data-start=\"519\" data-end=\"542\">Acetyl Tetrapeptide-9<\/em>, du collag\u00e8ne soluble et une forme stable de vitamine C (Sodium Ascorbyl Phosphate) afin d\u2019am\u00e9liorer la vitalit\u00e9 et la qualit\u00e9 de la peau. Des actifs hydratants comme la glyc\u00e9rine, le sodium PCA et le butylene glycol apportent un confort imm\u00e9diat et une douceur durable. Sa texture soyeuse p\u00e9n\u00e8tre instantan\u00e9ment et laisse un \u00e9clat frais et raffin\u00e9 \u2014 id\u00e9al pour une routine anti-\u00e2ge quotidienne.   <\/p>\n<p>&nbsp;<\/p>\n","protected":false},"excerpt":{"rendered":"<p data-start=\"997\" data-end=\"1184\">Un s\u00e9rum luxueux qui aide \u00e0 renforcer la peau et lui apporte un effet repulp\u00e9 gr\u00e2ce au collag\u00e8ne, aux peptides et \u00e0 la vitamine C. La peau para\u00eet plus lisse, plus ferme et visiblement plus lumineuse.<\/p>\n","protected":false},"featured_media":46494,"comment_status":"closed","ping_status":"closed","template":"","meta":{"_acf_changed":false},"product_brand":[],"product_cat":[2701,2683],"product_tag":[2716],"class_list":{"0":"post-24092","1":"product","2":"type-product","3":"status-publish","4":"has-post-thumbnail","6":"product_cat-elixir-metamorphose-fr","7":"product_cat-monteil-fr","8":"product_tag-monteil-fr","9":"pa_inhoud-testeur-3ml","10":"pa_inhoud-testeur-non-a-la-vente-30ml","11":"pa_inhoud-vente-30ml","13":"first","14":"instock","15":"taxable","16":"shipping-taxable","17":"product-type-variable"},"acf":[],"_links":{"self":[{"href":"https:\/\/sundar.be\/fr\/wp-json\/wp\/v2\/product\/24092","targetHints":{"allow":["GET"]}}],"collection":[{"href":"https:\/\/sundar.be\/fr\/wp-json\/wp\/v2\/product"}],"about":[{"href":"https:\/\/sundar.be\/fr\/wp-json\/wp\/v2\/types\/product"}],"replies":[{"embeddable":true,"href":"https:\/\/sundar.be\/fr\/wp-json\/wp\/v2\/comments?post=24092"}],"wp:featuredmedia":[{"embeddable":true,"href":"https:\/\/sundar.be\/fr\/wp-json\/wp\/v2\/media\/46494"}],"wp:attachment":[{"href":"https:\/\/sundar.be\/fr\/wp-json\/wp\/v2\/media?parent=24092"}],"wp:term":[{"taxonomy":"product_brand","embeddable":true,"href":"https:\/\/sundar.be\/fr\/wp-json\/wp\/v2\/product_brand?post=24092"},{"taxonomy":"product_cat","embeddable":true,"href":"https:\/\/sundar.be\/fr\/wp-json\/wp\/v2\/product_cat?post=24092"},{"taxonomy":"product_tag","embeddable":true,"href":"https:\/\/sundar.be\/fr\/wp-json\/wp\/v2\/product_tag?post=24092"}],"curies":[{"name":"wp","href":"https:\/\/api.w.org\/{rel}","templated":true}]}}