{"id":24068,"date":"2022-06-16T12:04:09","date_gmt":"2022-06-16T10:04:09","guid":{"rendered":"https:\/\/sundar.be\/product\/solutions-sensitive-ampoule-fr\/"},"modified":"2025-12-08T13:11:30","modified_gmt":"2025-12-08T12:11:30","slug":"solutions-sensitive-ampoule","status":"publish","type":"product","link":"https:\/\/sundar.be\/fr\/produit\/solutions-sensitive-ampoule\/","title":{"rendered":"Monteil SOLUTIONS Sensitive Ampoule"},"content":{"rendered":"<p>La <span style=\"color: #557e96;\"><strong data-start=\"231\" data-end=\"262\">SOLUTIONS Sensitive Ampoule<\/strong><\/span> est une ampoule intensivement apaisante, ultra-douce et sp\u00e9cialement formul\u00e9e pour les peaux sensibles, r\u00e9actives ou stress\u00e9es. Sa formule associe le panth\u00e9nol, l\u2019aloe vera et l\u2019acide hyaluronique pour hydrater en profondeur, adoucir et soutenir les m\u00e9canismes naturels de r\u00e9paration de la peau. Le Palmitoyl Tripeptide-8, un peptide avanc\u00e9 aux propri\u00e9t\u00e9s calmantes, aide \u00e0 r\u00e9duire les rougeurs et les r\u00e9actions de sensibilit\u00e9, procurant une sensation de confort imm\u00e9diat. Sa texture gel-s\u00e9rum l\u00e9g\u00e8re est absorb\u00e9e instantan\u00e9ment et laisse la peau fra\u00eeche, souple et visiblement apais\u00e9e \u2014 id\u00e9ale comme soin intensif en cabine ou \u00e0 domicile.   <\/p>\n","protected":false},"excerpt":{"rendered":"<p data-start=\"949\" data-end=\"1151\">Une ampoule apaisante qui hydrate intens\u00e9ment et restaure le confort des peaux sensibles. Enrichie en panth\u00e9nol, aloe vera, acide hyaluronique et un peptide calmant avanc\u00e9 pour une peau visiblement plus sereine. <\/p>\n","protected":false},"featured_media":46502,"comment_status":"closed","ping_status":"closed","template":"","meta":{"_acf_changed":false},"product_brand":[],"product_cat":[2683,2703,2969],"product_tag":[2716],"class_list":{"0":"post-24068","1":"product","2":"type-product","3":"status-publish","4":"has-post-thumbnail","6":"product_cat-monteil-fr","7":"product_cat-solutions-fr","8":"product_cat-monteil-solutions-ampoules-fr","9":"product_tag-monteil-fr","10":"pa_inhoud-10-stk-2-ml-fr","11":"pa_inhoud-3-stk-2-ml-fr","12":"pa_inhoud-cabine-10-x-2ml","13":"pa_inhoud-vente-3x2ml","15":"first","16":"instock","17":"taxable","18":"shipping-taxable","19":"product-type-variable"},"acf":[],"_links":{"self":[{"href":"https:\/\/sundar.be\/fr\/wp-json\/wp\/v2\/product\/24068","targetHints":{"allow":["GET"]}}],"collection":[{"href":"https:\/\/sundar.be\/fr\/wp-json\/wp\/v2\/product"}],"about":[{"href":"https:\/\/sundar.be\/fr\/wp-json\/wp\/v2\/types\/product"}],"replies":[{"embeddable":true,"href":"https:\/\/sundar.be\/fr\/wp-json\/wp\/v2\/comments?post=24068"}],"wp:featuredmedia":[{"embeddable":true,"href":"https:\/\/sundar.be\/fr\/wp-json\/wp\/v2\/media\/46502"}],"wp:attachment":[{"href":"https:\/\/sundar.be\/fr\/wp-json\/wp\/v2\/media?parent=24068"}],"wp:term":[{"taxonomy":"product_brand","embeddable":true,"href":"https:\/\/sundar.be\/fr\/wp-json\/wp\/v2\/product_brand?post=24068"},{"taxonomy":"product_cat","embeddable":true,"href":"https:\/\/sundar.be\/fr\/wp-json\/wp\/v2\/product_cat?post=24068"},{"taxonomy":"product_tag","embeddable":true,"href":"https:\/\/sundar.be\/fr\/wp-json\/wp\/v2\/product_tag?post=24068"}],"curies":[{"name":"wp","href":"https:\/\/api.w.org\/{rel}","templated":true}]}}