{"id":24060,"date":"2022-06-16T11:47:45","date_gmt":"2022-06-16T09:47:45","guid":{"rendered":"https:\/\/sundar.be\/product\/solutions-caviar-de-luxe-ampoule-fr\/"},"modified":"2025-12-08T13:58:13","modified_gmt":"2025-12-08T12:58:13","slug":"solutions-caviar-de-luxe-ampoule-fr","status":"publish","type":"product","link":"https:\/\/sundar.be\/fr\/produit\/solutions-caviar-de-luxe-ampoule-fr\/","title":{"rendered":"Monteil SOLUTIONS Caviar de Luxe Ampoule"},"content":{"rendered":"<p>L\u2019<span style=\"color: #557e96;\"><strong data-start=\"232\" data-end=\"268\">Ampoule SOLUTIONS Caviar de Luxe <\/strong><\/span>est une ampoule de soin raffin\u00e9e et intensive qui nourrit, hydrate et revitalise la peau gr\u00e2ce \u00e0 un extrait de caviar luxueux. Cette formule haut de gamme apporte \u00e0 la peau des nutriments essentiels et des min\u00e9raux, tandis que l\u2019acide hyaluronique offre un effet repulpant imm\u00e9diat pour une peau plus souple, plus lisse et visiblement revitalis\u00e9e. Sa texture l\u00e9g\u00e8re et soyeuse p\u00e9n\u00e8tre rapidement et laisse la peau fra\u00eeche, confortable et \u00e9clatante. Parfaite en cure intensive dans le cadre de soins cabine professionnels ou comme traitement \u00e0 domicile pour celles et ceux qui souhaitent s\u2019offrir une exp\u00e9rience de soin luxueuse.   <\/p>\n<p>&nbsp;<\/p>\n","protected":false},"excerpt":{"rendered":"<p data-start=\"871\" data-end=\"1071\">Une ampoule luxueuse et nourrissante \u00e0 base d\u2019extrait de caviar et d\u2019acide hyaluronique qui hydrate et revitalise instantan\u00e9ment la peau. Id\u00e9ale pour une peau plus fra\u00eeche, plus rebondie et sublim\u00e9e par un soin d\u2019exception. <\/p>\n","protected":false},"featured_media":46505,"comment_status":"closed","ping_status":"closed","template":"","meta":{"_acf_changed":false},"product_brand":[],"product_cat":[2683,2703,2969],"product_tag":[2716],"class_list":{"0":"post-24060","1":"product","2":"type-product","3":"status-publish","4":"has-post-thumbnail","6":"product_cat-monteil-fr","7":"product_cat-solutions-fr","8":"product_cat-monteil-solutions-ampoules-fr","9":"product_tag-monteil-fr","10":"pa_inhoud-10-stk-2-ml-fr","11":"pa_inhoud-3-stk-2-ml-fr","12":"pa_inhoud-cabine-10-x-2ml","13":"pa_inhoud-vente-3x2ml","15":"first","16":"instock","17":"taxable","18":"shipping-taxable","19":"product-type-variable"},"acf":[],"_links":{"self":[{"href":"https:\/\/sundar.be\/fr\/wp-json\/wp\/v2\/product\/24060","targetHints":{"allow":["GET"]}}],"collection":[{"href":"https:\/\/sundar.be\/fr\/wp-json\/wp\/v2\/product"}],"about":[{"href":"https:\/\/sundar.be\/fr\/wp-json\/wp\/v2\/types\/product"}],"replies":[{"embeddable":true,"href":"https:\/\/sundar.be\/fr\/wp-json\/wp\/v2\/comments?post=24060"}],"wp:featuredmedia":[{"embeddable":true,"href":"https:\/\/sundar.be\/fr\/wp-json\/wp\/v2\/media\/46505"}],"wp:attachment":[{"href":"https:\/\/sundar.be\/fr\/wp-json\/wp\/v2\/media?parent=24060"}],"wp:term":[{"taxonomy":"product_brand","embeddable":true,"href":"https:\/\/sundar.be\/fr\/wp-json\/wp\/v2\/product_brand?post=24060"},{"taxonomy":"product_cat","embeddable":true,"href":"https:\/\/sundar.be\/fr\/wp-json\/wp\/v2\/product_cat?post=24060"},{"taxonomy":"product_tag","embeddable":true,"href":"https:\/\/sundar.be\/fr\/wp-json\/wp\/v2\/product_tag?post=24060"}],"curies":[{"name":"wp","href":"https:\/\/api.w.org\/{rel}","templated":true}]}}