{"id":24052,"date":"2022-06-16T11:30:13","date_gmt":"2022-06-16T09:30:13","guid":{"rendered":"https:\/\/sundar.be\/product\/solutions-anti-acne-ampoule-fr\/"},"modified":"2025-12-08T14:04:31","modified_gmt":"2025-12-08T13:04:31","slug":"solutions-anti-acne-ampoule-fr","status":"publish","type":"product","link":"https:\/\/sundar.be\/fr\/produit\/solutions-anti-acne-ampoule-fr\/","title":{"rendered":"Monteil SOLUTIONS Anti-Acne Ampoule"},"content":{"rendered":"<p>L\u2019<span style=\"color: #557e96;\"><strong data-start=\"236\" data-end=\"267\">Ampoule SOLUTIONS Anti-Acn\u00e9 <\/strong><\/span>est une ampoule purifiante, r\u00e9gulatrice de s\u00e9bum et apaisante, sp\u00e9cialement formul\u00e9e pour les peaux impures, grasses et \u00e0 tendance acn\u00e9ique. La formule contient le duo avanc\u00e9 Nordihydroguaiaretic Acid (NDGA) et acide ol\u00e9anolique, r\u00e9put\u00e9 pour son action synergique sur la r\u00e9gulation de la production de s\u00e9bum et la pr\u00e9vention des obstructions. Des actifs hydratants et adoucissants tels que le panth\u00e9nol, la glyc\u00e9rine, l\u2019acide hyaluronique et les PEG-60 Amandes Glyc\u00e9rides maintiennent la peau souple et confortable \u2014 un \u00e9l\u00e9ment essentiel dans les soins anti-acn\u00e9. Sa texture gel l\u00e9g\u00e8re p\u00e9n\u00e8tre rapidement et laisse la peau fra\u00eeche, apais\u00e9e et visiblement plus nette.   <\/p>\n<p>&nbsp;<\/p>\n","protected":false},"excerpt":{"rendered":"<p data-start=\"941\" data-end=\"1138\">Une ampoule purifiante et s\u00e9bo-r\u00e9gulatrice qui aide \u00e0 r\u00e9duire les imperfections et r\u00e9\u00e9quilibre la peau. Formul\u00e9e avec NDGA, acide ol\u00e9anolique, panth\u00e9nol et acide hyaluronique pour un teint clair, apais\u00e9 et sain. <\/p>\n","protected":false},"featured_media":46508,"comment_status":"closed","ping_status":"closed","template":"","meta":{"_acf_changed":false},"product_brand":[],"product_cat":[2683,2703,2969],"product_tag":[2716],"class_list":{"0":"post-24052","1":"product","2":"type-product","3":"status-publish","4":"has-post-thumbnail","6":"product_cat-monteil-fr","7":"product_cat-solutions-fr","8":"product_cat-monteil-solutions-ampoules-fr","9":"product_tag-monteil-fr","10":"pa_inhoud-10-stk-2-ml-fr","11":"pa_inhoud-3-stk-2-ml-fr","12":"pa_inhoud-cabine-10-x-2ml","13":"pa_inhoud-vente-3x2ml","15":"first","16":"instock","17":"taxable","18":"shipping-taxable","19":"product-type-variable"},"acf":[],"_links":{"self":[{"href":"https:\/\/sundar.be\/fr\/wp-json\/wp\/v2\/product\/24052","targetHints":{"allow":["GET"]}}],"collection":[{"href":"https:\/\/sundar.be\/fr\/wp-json\/wp\/v2\/product"}],"about":[{"href":"https:\/\/sundar.be\/fr\/wp-json\/wp\/v2\/types\/product"}],"replies":[{"embeddable":true,"href":"https:\/\/sundar.be\/fr\/wp-json\/wp\/v2\/comments?post=24052"}],"wp:featuredmedia":[{"embeddable":true,"href":"https:\/\/sundar.be\/fr\/wp-json\/wp\/v2\/media\/46508"}],"wp:attachment":[{"href":"https:\/\/sundar.be\/fr\/wp-json\/wp\/v2\/media?parent=24052"}],"wp:term":[{"taxonomy":"product_brand","embeddable":true,"href":"https:\/\/sundar.be\/fr\/wp-json\/wp\/v2\/product_brand?post=24052"},{"taxonomy":"product_cat","embeddable":true,"href":"https:\/\/sundar.be\/fr\/wp-json\/wp\/v2\/product_cat?post=24052"},{"taxonomy":"product_tag","embeddable":true,"href":"https:\/\/sundar.be\/fr\/wp-json\/wp\/v2\/product_tag?post=24052"}],"curies":[{"name":"wp","href":"https:\/\/api.w.org\/{rel}","templated":true}]}}