{"id":24044,"date":"2022-06-16T11:12:39","date_gmt":"2022-06-16T09:12:39","guid":{"rendered":"https:\/\/sundar.be\/product\/solutions-couperose-ampoule-fr\/"},"modified":"2025-12-08T14:14:42","modified_gmt":"2025-12-08T13:14:42","slug":"solutions-couperose-ampoule-fr","status":"publish","type":"product","link":"https:\/\/sundar.be\/fr\/produit\/solutions-couperose-ampoule-fr\/","title":{"rendered":"Monteil SOLUTIONS Couperose Ampoule"},"content":{"rendered":"<p>L\u2019<span style=\"color: #557e96;\"><strong data-start=\"222\" data-end=\"253\">Ampoule SOLUTIONS Couperose<\/strong><\/span> est un soin intensif apaisant et fortifiant, sp\u00e9cialement con\u00e7u pour les peaux sensibles sujettes aux rougeurs, aux capillaires visibles et aux sensations de couperose. La formule associe une combinaison synergique d\u2019actifs apaisants et renfor\u00e7ants des parois vasculaires, tels que l\u2019extrait de Tambourissa Trichophylla, la rutine, la chrysin, ainsi qu\u2019un complexe peptidique avanc\u00e9 (Palmitoyl Oligopeptide &amp; Palmitoyl Tetrapeptide-7). Ces actifs soutiennent la barri\u00e8re cutan\u00e9e, contribuent \u00e0 r\u00e9duire visiblement les rougeurs et procurent un confort imm\u00e9diat. L\u2019acide hyaluronique et la glyc\u00e9rine apportent une hydratation intense, tandis que la phosphatidylcholine optimise la p\u00e9n\u00e9tration des ingr\u00e9dients. Sa texture l\u00e9g\u00e8re et douce est rapidement absorb\u00e9e et laisse la peau plus calme, uniforme et renforc\u00e9e.    <\/p>\n<p>&nbsp;<\/p>\n","protected":false},"excerpt":{"rendered":"<p data-start=\"1105\" data-end=\"1291\">Une ampoule anti-rougeurs apaisante qui renforce et calme les peaux sensibles, sujettes aux rougeurs ou \u00e0 la couperose. Enrichie en extraits v\u00e9g\u00e9taux et peptides pour un teint plus uniforme, apais\u00e9 et \u00e9quilibr\u00e9. <\/p>\n","protected":false},"featured_media":46510,"comment_status":"closed","ping_status":"closed","template":"","meta":{"_acf_changed":false},"product_brand":[],"product_cat":[2683,2703,2969],"product_tag":[2716],"class_list":{"0":"post-24044","1":"product","2":"type-product","3":"status-publish","4":"has-post-thumbnail","6":"product_cat-monteil-fr","7":"product_cat-solutions-fr","8":"product_cat-monteil-solutions-ampoules-fr","9":"product_tag-monteil-fr","10":"pa_inhoud-10-stk-2-ml-fr","11":"pa_inhoud-3-stk-2-ml-fr","12":"pa_inhoud-cabine-10-x-2ml","13":"pa_inhoud-vente-3x2ml","15":"first","16":"instock","17":"taxable","18":"shipping-taxable","19":"product-type-variable"},"acf":[],"_links":{"self":[{"href":"https:\/\/sundar.be\/fr\/wp-json\/wp\/v2\/product\/24044","targetHints":{"allow":["GET"]}}],"collection":[{"href":"https:\/\/sundar.be\/fr\/wp-json\/wp\/v2\/product"}],"about":[{"href":"https:\/\/sundar.be\/fr\/wp-json\/wp\/v2\/types\/product"}],"replies":[{"embeddable":true,"href":"https:\/\/sundar.be\/fr\/wp-json\/wp\/v2\/comments?post=24044"}],"wp:featuredmedia":[{"embeddable":true,"href":"https:\/\/sundar.be\/fr\/wp-json\/wp\/v2\/media\/46510"}],"wp:attachment":[{"href":"https:\/\/sundar.be\/fr\/wp-json\/wp\/v2\/media?parent=24044"}],"wp:term":[{"taxonomy":"product_brand","embeddable":true,"href":"https:\/\/sundar.be\/fr\/wp-json\/wp\/v2\/product_brand?post=24044"},{"taxonomy":"product_cat","embeddable":true,"href":"https:\/\/sundar.be\/fr\/wp-json\/wp\/v2\/product_cat?post=24044"},{"taxonomy":"product_tag","embeddable":true,"href":"https:\/\/sundar.be\/fr\/wp-json\/wp\/v2\/product_tag?post=24044"}],"curies":[{"name":"wp","href":"https:\/\/api.w.org\/{rel}","templated":true}]}}