{"id":24031,"date":"2022-06-16T10:40:18","date_gmt":"2022-06-16T08:40:18","guid":{"rendered":"https:\/\/sundar.be\/product\/solutions-procgen-ampoule-fr\/"},"modified":"2025-12-08T15:04:29","modified_gmt":"2025-12-08T14:04:29","slug":"solutions-procgen-ampoule-fr","status":"publish","type":"product","link":"https:\/\/sundar.be\/fr\/produit\/solutions-procgen-ampoule-fr\/","title":{"rendered":"Monteil SOLUTIONS ProCGen Ampoule"},"content":{"rendered":"<p>L\u2019<span style=\"color: #557e96;\"><strong data-start=\"230\" data-end=\"259\">Ampoule SOLUTIONS ProCGen<\/strong><\/span> est un concentr\u00e9 intensif puissant \u00e0 l\u2019effet raffermissant, con\u00e7u pour revitaliser la peau, am\u00e9liorer son hydratation et soutenir la fermet\u00e9 ainsi que l\u2019\u00e9lasticit\u00e9 cutan\u00e9es. La formule renferme le complexe ProCGen, compos\u00e9 de Palmitoyl Pentapeptide-3, d\u2019un d\u00e9riv\u00e9 de vitamine C (Sodium Ascorbyl Phosphate) et d\u2019extraits nourrissants tels que l\u2019extrait de soja et l\u2019extrait de past\u00e8que. Ensemble, ces actifs contribuent \u00e0 affiner le grain de peau, \u00e0 lisser visiblement les ridules et \u00e0 offrir au teint une apparence fra\u00eeche et \u00e9nergis\u00e9e. L\u2019acide hyaluronique et la glyc\u00e9rine assurent une hydratation profonde, tandis que la phosphatidylcholine optimise l\u2019absorption des actifs. La texture gel-s\u00e9rum, l\u00e9g\u00e8re et fra\u00eeche, p\u00e9n\u00e8tre rapidement et procure un confort imm\u00e9diat.    <\/p>\n<p>&nbsp;<\/p>\n","protected":false},"excerpt":{"rendered":"<p>Une ampoule raffermissante et revitalisante qui apporte hydratation, \u00e9nergie et une peau visiblement plus lisse. Enrichie en peptides ProCGen, en vitamine C et en extraits botaniques pour un \u00e9clat jeune et frais. <\/p>\n","protected":false},"featured_media":46516,"comment_status":"closed","ping_status":"closed","template":"","meta":{"_acf_changed":false},"product_brand":[],"product_cat":[2683,2703,2969],"product_tag":[2716],"class_list":{"0":"post-24031","1":"product","2":"type-product","3":"status-publish","4":"has-post-thumbnail","6":"product_cat-monteil-fr","7":"product_cat-solutions-fr","8":"product_cat-monteil-solutions-ampoules-fr","9":"product_tag-monteil-fr","10":"pa_inhoud-10-stk-2-ml-fr","11":"pa_inhoud-3-stk-2-ml-fr","12":"pa_inhoud-cabine-10-x-2ml","13":"pa_inhoud-vente-3x2ml","15":"first","16":"instock","17":"taxable","18":"shipping-taxable","19":"product-type-variable"},"acf":[],"_links":{"self":[{"href":"https:\/\/sundar.be\/fr\/wp-json\/wp\/v2\/product\/24031","targetHints":{"allow":["GET"]}}],"collection":[{"href":"https:\/\/sundar.be\/fr\/wp-json\/wp\/v2\/product"}],"about":[{"href":"https:\/\/sundar.be\/fr\/wp-json\/wp\/v2\/types\/product"}],"replies":[{"embeddable":true,"href":"https:\/\/sundar.be\/fr\/wp-json\/wp\/v2\/comments?post=24031"}],"wp:featuredmedia":[{"embeddable":true,"href":"https:\/\/sundar.be\/fr\/wp-json\/wp\/v2\/media\/46516"}],"wp:attachment":[{"href":"https:\/\/sundar.be\/fr\/wp-json\/wp\/v2\/media?parent=24031"}],"wp:term":[{"taxonomy":"product_brand","embeddable":true,"href":"https:\/\/sundar.be\/fr\/wp-json\/wp\/v2\/product_brand?post=24031"},{"taxonomy":"product_cat","embeddable":true,"href":"https:\/\/sundar.be\/fr\/wp-json\/wp\/v2\/product_cat?post=24031"},{"taxonomy":"product_tag","embeddable":true,"href":"https:\/\/sundar.be\/fr\/wp-json\/wp\/v2\/product_tag?post=24031"}],"curies":[{"name":"wp","href":"https:\/\/api.w.org\/{rel}","templated":true}]}}