{"id":24023,"date":"2022-06-15T15:49:13","date_gmt":"2022-06-15T13:49:13","guid":{"rendered":"https:\/\/sundar.be\/product\/solutions-anti-aging-ampoule-fr\/"},"modified":"2025-01-22T08:01:46","modified_gmt":"2025-01-22T07:01:46","slug":"solutions-anti-aging-ampoule-fr","status":"publish","type":"product","link":"https:\/\/sundar.be\/fr\/produit\/solutions-anti-aging-ampoule-fr\/","title":{"rendered":"SOLUTIONS Anti-Aging Ampoule"},"content":{"rendered":"<p>La <strong><span style=\"color: #ef85ab;\">Solutions Anti-aging Ampoule <\/span><\/strong>offre un soin intensif con\u00e7u pour restaurer la fermet\u00e9, l\u2019\u00e9clat et l\u2019hydratation de la peau. Enrichi en <strong>Sodium Hyaluronate<\/strong> pour une hydratation profonde, en <strong>Sodium Ascorbyl Phosphate (vitamine C)<\/strong> pour un teint lumineux, et en peptides puissants tels que le <strong>Palmitoyl Pentapeptide-3<\/strong> et le <strong>Palmitoyl Oligopeptide<\/strong>, ce s\u00e9rum am\u00e9liore l\u2019\u00e9lasticit\u00e9 de la peau et r\u00e9duit les signes visibles du vieillissement. L\u2019<strong>extrait de haricot vert<\/strong> et l\u2019<strong>extrait de soja<\/strong> apportent une protection antioxydante, tandis que des acides amin\u00e9s comme la <strong>Proline <\/strong>et la <strong>Lysine <\/strong>soutiennent la r\u00e9g\u00e9n\u00e9ration naturelle de la peau. Ce s\u00e9rum est parfait pour un usage quotidien et laisse la peau douce, \u00e9clatante et raffermie.    &nbsp;<\/p>\n","protected":false},"excerpt":{"rendered":"<p>La <strong><span style=\"color: #ef85ab;\">Solutions Anti-aging Ampoule<\/span><\/strong> combine des ingr\u00e9dients avanc\u00e9s et naturels pour raffermir, illuminer et hydrater la peau. Avec de l\u2019acide hyaluronique, de la vitamine C, des peptides et des antioxydants, ce s\u00e9rum apporte une solution compl\u00e8te pour att\u00e9nuer les signes du vieillissement et sublimer la peau. Une \u00e9tape essentielle pour une routine de soins quotidienne et une peau \u00e9clatante et rajeunie !  <\/p>\n","protected":false},"featured_media":46518,"comment_status":"closed","ping_status":"closed","template":"","meta":{"_acf_changed":false},"product_brand":[],"product_cat":[2683,2703,2969],"product_tag":[2716],"class_list":{"0":"post-24023","1":"product","2":"type-product","3":"status-publish","4":"has-post-thumbnail","6":"product_cat-monteil-fr","7":"product_cat-solutions-fr","8":"product_cat-monteil-solutions-ampoules-fr","9":"product_tag-monteil-fr","10":"pa_inhoud-10-stk-2-ml-fr","11":"pa_inhoud-3-stk-2-ml-fr","12":"pa_inhoud-cabine-10-x-2ml","13":"pa_inhoud-vente-3x2ml","15":"first","16":"instock","17":"taxable","18":"shipping-taxable","19":"product-type-variable"},"acf":[],"_links":{"self":[{"href":"https:\/\/sundar.be\/fr\/wp-json\/wp\/v2\/product\/24023","targetHints":{"allow":["GET"]}}],"collection":[{"href":"https:\/\/sundar.be\/fr\/wp-json\/wp\/v2\/product"}],"about":[{"href":"https:\/\/sundar.be\/fr\/wp-json\/wp\/v2\/types\/product"}],"replies":[{"embeddable":true,"href":"https:\/\/sundar.be\/fr\/wp-json\/wp\/v2\/comments?post=24023"}],"wp:featuredmedia":[{"embeddable":true,"href":"https:\/\/sundar.be\/fr\/wp-json\/wp\/v2\/media\/46518"}],"wp:attachment":[{"href":"https:\/\/sundar.be\/fr\/wp-json\/wp\/v2\/media?parent=24023"}],"wp:term":[{"taxonomy":"product_brand","embeddable":true,"href":"https:\/\/sundar.be\/fr\/wp-json\/wp\/v2\/product_brand?post=24023"},{"taxonomy":"product_cat","embeddable":true,"href":"https:\/\/sundar.be\/fr\/wp-json\/wp\/v2\/product_cat?post=24023"},{"taxonomy":"product_tag","embeddable":true,"href":"https:\/\/sundar.be\/fr\/wp-json\/wp\/v2\/product_tag?post=24023"}],"curies":[{"name":"wp","href":"https:\/\/api.w.org\/{rel}","templated":true}]}}