{"id":24008,"date":"2022-06-15T15:36:45","date_gmt":"2022-06-15T13:36:45","guid":{"rendered":"https:\/\/sundar.be\/product\/solutions-hyaluronic-ampoule-fr\/"},"modified":"2025-12-08T15:26:37","modified_gmt":"2025-12-08T14:26:37","slug":"solutions-hyaluronic-ampoule-fr","status":"publish","type":"product","link":"https:\/\/sundar.be\/fr\/produit\/solutions-hyaluronic-ampoule-fr\/","title":{"rendered":"Monteil SOLUTIONS Hyaluronic Ampoule"},"content":{"rendered":"<p>L\u2019<span style=\"color: #557e96;\"><strong data-start=\"225\" data-end=\"257\">Ampoule SOLUTIONS Hyaluronic <\/strong><\/span>est un concentr\u00e9 hydratant intensif qui laisse la peau imm\u00e9diatement plus rebondie, souple et confortable. Sa formule est bas\u00e9e sur du Sodium Hyaluronate pur, un puissant agent hydratant capable d\u2019attirer et de retenir l\u2019eau dans la peau, att\u00e9nuant ainsi visiblement les ridules de d\u00e9shydratation et apportant un \u00e9clat frais et sain. Sa texture l\u00e9g\u00e8re et translucide p\u00e9n\u00e8tre rapidement sans coller, ce qui en fait un booster d\u2019hydratation id\u00e9al au quotidien, en cure ou lors de traitements professionnels en cabine.  <\/p>\n","protected":false},"excerpt":{"rendered":"<p data-start=\"821\" data-end=\"991\">Une ampoule d\u2019hydratation pure \u00e0 l\u2019acide hyaluronique qui repulpe imm\u00e9diatement la peau et la rend plus lisse. Parfaite pour tous les types de peau ayant besoin de confort et d\u2019un apport d\u2019hydratation intensif. <\/p>\n","protected":false},"featured_media":46520,"comment_status":"closed","ping_status":"closed","template":"","meta":{"_acf_changed":false},"product_brand":[],"product_cat":[2683,2703,2969],"product_tag":[2716],"class_list":{"0":"post-24008","1":"product","2":"type-product","3":"status-publish","4":"has-post-thumbnail","6":"product_cat-monteil-fr","7":"product_cat-solutions-fr","8":"product_cat-monteil-solutions-ampoules-fr","9":"product_tag-monteil-fr","10":"pa_inhoud-10-stk-2-ml-fr","11":"pa_inhoud-3-stk-2-ml-fr","12":"pa_inhoud-cabine-10-x-2ml","13":"pa_inhoud-vente-3x2ml","15":"first","16":"instock","17":"taxable","18":"shipping-taxable","19":"product-type-variable"},"acf":[],"_links":{"self":[{"href":"https:\/\/sundar.be\/fr\/wp-json\/wp\/v2\/product\/24008","targetHints":{"allow":["GET"]}}],"collection":[{"href":"https:\/\/sundar.be\/fr\/wp-json\/wp\/v2\/product"}],"about":[{"href":"https:\/\/sundar.be\/fr\/wp-json\/wp\/v2\/types\/product"}],"replies":[{"embeddable":true,"href":"https:\/\/sundar.be\/fr\/wp-json\/wp\/v2\/comments?post=24008"}],"wp:featuredmedia":[{"embeddable":true,"href":"https:\/\/sundar.be\/fr\/wp-json\/wp\/v2\/media\/46520"}],"wp:attachment":[{"href":"https:\/\/sundar.be\/fr\/wp-json\/wp\/v2\/media?parent=24008"}],"wp:term":[{"taxonomy":"product_brand","embeddable":true,"href":"https:\/\/sundar.be\/fr\/wp-json\/wp\/v2\/product_brand?post=24008"},{"taxonomy":"product_cat","embeddable":true,"href":"https:\/\/sundar.be\/fr\/wp-json\/wp\/v2\/product_cat?post=24008"},{"taxonomy":"product_tag","embeddable":true,"href":"https:\/\/sundar.be\/fr\/wp-json\/wp\/v2\/product_tag?post=24008"}],"curies":[{"name":"wp","href":"https:\/\/api.w.org\/{rel}","templated":true}]}}