{"id":24000,"date":"2022-06-15T15:18:38","date_gmt":"2022-06-15T13:18:38","guid":{"rendered":"https:\/\/sundar.be\/product\/solutions-hydro-active-ampoule-fr\/"},"modified":"2025-12-08T15:56:55","modified_gmt":"2025-12-08T14:56:55","slug":"solutions-hydro-active-ampoule-fr","status":"publish","type":"product","link":"https:\/\/sundar.be\/fr\/produit\/solutions-hydro-active-ampoule-fr\/","title":{"rendered":"Monteil SOLUTIONS Hydro Active Ampoule"},"content":{"rendered":"<p>L\u2019<span style=\"color: #557e96;\"><strong data-start=\"241\" data-end=\"275\">Ampoule SOLUTIONS Hydro Active<\/strong><\/span> est une ampoule intens\u00e9ment hydratante et revitalisante qui procure \u00e0 la peau un apport imm\u00e9diat en eau, en \u00e9nergie et en \u00e9clat. Sa formule associe de l\u2019acide hyaluronique, des min\u00e9raux marins issus du sel de mer, ainsi que des extraits marins renfor\u00e7ateurs de peau tels que l\u2019extrait de plancton et l\u2019extrait de cellules souches de Crithmum Maritimum (fenouil marin). Ce complexe puissant aide la peau \u00e0 se r\u00e9hydrater, \u00e0 se revitaliser et \u00e0 am\u00e9liorer son \u00e9lasticit\u00e9 ainsi que sa luminosit\u00e9. L\u2019Arginine Ferulate apporte une protection antioxydante suppl\u00e9mentaire pour un teint frais et sain. Sa texture l\u00e9g\u00e8re de gel-s\u00e9rum p\u00e9n\u00e8tre rapidement et laisse la peau souple, fra\u00eeche et parfaitement hydrat\u00e9e.    <\/p>\n<p>&nbsp;<\/p>\n","protected":false},"excerpt":{"rendered":"<p>Une ampoule d\u2019hydratation d\u2019inspiration marine qui revitalise, apaise et hydrate intens\u00e9ment la peau. Enrichie en acide hyaluronique, sel marin et extrait de plancton pour un \u00e9clat lisse, frais et naturellement lumineux. <\/p>\n","protected":false},"featured_media":46522,"comment_status":"closed","ping_status":"closed","template":"","meta":{"_acf_changed":false},"product_brand":[],"product_cat":[2683,2703,2969],"product_tag":[2716],"class_list":{"0":"post-24000","1":"product","2":"type-product","3":"status-publish","4":"has-post-thumbnail","6":"product_cat-monteil-fr","7":"product_cat-solutions-fr","8":"product_cat-monteil-solutions-ampoules-fr","9":"product_tag-monteil-fr","10":"pa_inhoud-10-stk-2-ml-fr","11":"pa_inhoud-3-stk-2-ml-fr","12":"pa_inhoud-cabine-10-x-2ml","13":"pa_inhoud-vente-3x2ml","15":"first","16":"instock","17":"taxable","18":"shipping-taxable","19":"product-type-variable"},"acf":[],"_links":{"self":[{"href":"https:\/\/sundar.be\/fr\/wp-json\/wp\/v2\/product\/24000","targetHints":{"allow":["GET"]}}],"collection":[{"href":"https:\/\/sundar.be\/fr\/wp-json\/wp\/v2\/product"}],"about":[{"href":"https:\/\/sundar.be\/fr\/wp-json\/wp\/v2\/types\/product"}],"replies":[{"embeddable":true,"href":"https:\/\/sundar.be\/fr\/wp-json\/wp\/v2\/comments?post=24000"}],"wp:featuredmedia":[{"embeddable":true,"href":"https:\/\/sundar.be\/fr\/wp-json\/wp\/v2\/media\/46522"}],"wp:attachment":[{"href":"https:\/\/sundar.be\/fr\/wp-json\/wp\/v2\/media?parent=24000"}],"wp:term":[{"taxonomy":"product_brand","embeddable":true,"href":"https:\/\/sundar.be\/fr\/wp-json\/wp\/v2\/product_brand?post=24000"},{"taxonomy":"product_cat","embeddable":true,"href":"https:\/\/sundar.be\/fr\/wp-json\/wp\/v2\/product_cat?post=24000"},{"taxonomy":"product_tag","embeddable":true,"href":"https:\/\/sundar.be\/fr\/wp-json\/wp\/v2\/product_tag?post=24000"}],"curies":[{"name":"wp","href":"https:\/\/api.w.org\/{rel}","templated":true}]}}