{"id":23979,"date":"2022-06-15T13:03:13","date_gmt":"2022-06-15T11:03:13","guid":{"rendered":"https:\/\/sundar.be\/product\/elixir-metamorphose-4-way-hyaluronic-eye-pads-fr\/"},"modified":"2025-12-08T16:11:55","modified_gmt":"2025-12-08T15:11:55","slug":"elixir-metamorphose-4-way-hyaluronic-eye-pads","status":"publish","type":"product","link":"https:\/\/sundar.be\/fr\/produit\/elixir-metamorphose-4-way-hyaluronic-eye-pads\/","title":{"rendered":"Monteil \u00c9LIXIR M\u00c9TAMORPHOSE 4-way Hyaluronic Eye Pads"},"content":{"rendered":"<p>Les <span style=\"color: #557e96;\"><strong>\u00c9LIXIR M\u00c9TAMORPHOSE 4-Way Hyaluronic Eye Pads <\/strong><\/span>sont des patchs yeux intens\u00e9ment hydratants et rafra\u00eechissants qui apportent un confort imm\u00e9diat au contour des yeux fatigu\u00e9, d\u00e9shydrat\u00e9 ou marqu\u00e9 par des signes de vieillissement. Gr\u00e2ce \u00e0 un complexe d\u2019acides hyaluroniques \u00e0 quadruple action et \u00e0 des actifs apaisants, ils r\u00e9duisent les ridules, am\u00e9liorent l\u2019\u00e9lasticit\u00e9 et donnent \u00e0 la peau un aspect visiblement plus lisse, repulp\u00e9 et revitalis\u00e9. Leur texture gel l\u00e9g\u00e8re adh\u00e8re parfaitement \u00e0 la peau pour une absorption optimale des ingr\u00e9dients actifs. Id\u00e9al pour une utilisation professionnelle en institut comme pour les soins \u00e0 domicile.   <\/p>\n<p>&nbsp;<\/p>\n","protected":false},"excerpt":{"rendered":"<p data-start=\"805\" data-end=\"993\">Des patchs yeux puissants contenant un complexe d\u2019acides hyaluroniques \u00e0 quadruple action qui hydratent intens\u00e9ment le contour des yeux et r\u00e9duisent les ridules. Ils offrent imm\u00e9diatement un regard plus lisse, plus frais et visiblement repulp\u00e9. <\/p>\n<h2 data-start=\"995\" data-end=\"1011\"><\/h2>\n","protected":false},"featured_media":46496,"comment_status":"closed","ping_status":"closed","template":"","meta":{"_acf_changed":false},"product_brand":[],"product_cat":[4767,2701,5255,2683,5253,4920],"product_tag":[2716],"class_list":{"0":"post-23979","1":"product","2":"type-product","3":"status-publish","4":"has-post-thumbnail","6":"product_cat-beaute","7":"product_cat-elixir-metamorphose-fr","8":"product_cat-masques-des-yeux","9":"product_cat-monteil-fr","10":"product_cat-soin-des-yeux","11":"product_cat-beaute-soins-du-visage","12":"product_tag-monteil-fr","13":"pa_inhoud-10pcs-3-ml","14":"pa_inhoud-6-pcs-3-ml","15":"pa_inhoud-cabine-10pcs-3ml","16":"pa_inhoud-testeur-1-pc-3ml","17":"pa_inhoud-vente-6pcs-3ml","19":"first","20":"instock","21":"taxable","22":"shipping-taxable","23":"product-type-variable"},"acf":[],"_links":{"self":[{"href":"https:\/\/sundar.be\/fr\/wp-json\/wp\/v2\/product\/23979","targetHints":{"allow":["GET"]}}],"collection":[{"href":"https:\/\/sundar.be\/fr\/wp-json\/wp\/v2\/product"}],"about":[{"href":"https:\/\/sundar.be\/fr\/wp-json\/wp\/v2\/types\/product"}],"replies":[{"embeddable":true,"href":"https:\/\/sundar.be\/fr\/wp-json\/wp\/v2\/comments?post=23979"}],"wp:featuredmedia":[{"embeddable":true,"href":"https:\/\/sundar.be\/fr\/wp-json\/wp\/v2\/media\/46496"}],"wp:attachment":[{"href":"https:\/\/sundar.be\/fr\/wp-json\/wp\/v2\/media?parent=23979"}],"wp:term":[{"taxonomy":"product_brand","embeddable":true,"href":"https:\/\/sundar.be\/fr\/wp-json\/wp\/v2\/product_brand?post=23979"},{"taxonomy":"product_cat","embeddable":true,"href":"https:\/\/sundar.be\/fr\/wp-json\/wp\/v2\/product_cat?post=23979"},{"taxonomy":"product_tag","embeddable":true,"href":"https:\/\/sundar.be\/fr\/wp-json\/wp\/v2\/product_tag?post=23979"}],"curies":[{"name":"wp","href":"https:\/\/api.w.org\/{rel}","templated":true}]}}