{"id":23958,"date":"2022-06-15T10:00:35","date_gmt":"2022-06-15T08:00:35","guid":{"rendered":"https:\/\/sundar.be\/product\/clarify-serum-24h-fr\/"},"modified":"2025-12-11T08:23:53","modified_gmt":"2025-12-11T07:23:53","slug":"clarify-serum-24h-fr","status":"publish","type":"product","link":"https:\/\/sundar.be\/fr\/produit\/clarify-serum-24h-fr\/","title":{"rendered":"Monteil SOLUTIONS CLARIFY Serum 24h"},"content":{"rendered":"<p>Le <span style=\"color: #557e96;\"><strong>SOLUTIONS CLARIFY Serum 24h<\/strong><\/span> est un s\u00e9rum purifiant et \u00e9quilibrant qui affine visiblement le grain de peau et contr\u00f4le la brillance tout au long de la journ\u00e9e. Gr\u00e2ce \u00e0 la combinaison d\u2019acide salicylique, de zinc PCA et d\u2019extraits botaniques apaisants, le s\u00e9rum soutient une peau nette et fra\u00eeche et aide \u00e0 pr\u00e9venir les obstructions. Sa formule l\u00e9g\u00e8re et non collante p\u00e9n\u00e8tre rapidement et procure une hydratation et un apaisement imm\u00e9diats, sans alourdir la peau. Id\u00e9al pour une utilisation quotidienne et parfait pour les clients recherchant une peau purifi\u00e9e et uniforme.   <\/p>\n","protected":false},"excerpt":{"rendered":"<p data-start=\"731\" data-end=\"868\">S\u00e9rum purifiant 24 h qui affine la peau et r\u00e9gule la brillance. Favorise une peau nette, fra\u00eeche et \u00e9quilibr\u00e9e sans la dess\u00e9cher. <\/p>\n<h2 data-start=\"870\" data-end=\"886\"><\/h2>\n","protected":false},"featured_media":27541,"comment_status":"closed","ping_status":"closed","template":"","meta":{"_acf_changed":false},"product_brand":[],"product_cat":[2683,2703,2982],"product_tag":[2716],"class_list":{"0":"post-23958","1":"product","2":"type-product","3":"status-publish","4":"has-post-thumbnail","6":"product_cat-monteil-fr","7":"product_cat-solutions-fr","8":"product_cat-monteil-solutions-clarify-fr","9":"product_tag-monteil-fr","10":"pa_inhoud-200-ml-fr","11":"pa_inhoud-30-ml-fr","12":"pa_inhoud-cabine-200ml-fr","13":"pa_inhoud-testeur-non-a-la-vente-30ml","14":"pa_inhoud-vente-30ml","16":"first","17":"instock","18":"taxable","19":"shipping-taxable","20":"product-type-variable"},"acf":[],"_links":{"self":[{"href":"https:\/\/sundar.be\/fr\/wp-json\/wp\/v2\/product\/23958","targetHints":{"allow":["GET"]}}],"collection":[{"href":"https:\/\/sundar.be\/fr\/wp-json\/wp\/v2\/product"}],"about":[{"href":"https:\/\/sundar.be\/fr\/wp-json\/wp\/v2\/types\/product"}],"replies":[{"embeddable":true,"href":"https:\/\/sundar.be\/fr\/wp-json\/wp\/v2\/comments?post=23958"}],"wp:featuredmedia":[{"embeddable":true,"href":"https:\/\/sundar.be\/fr\/wp-json\/wp\/v2\/media\/27541"}],"wp:attachment":[{"href":"https:\/\/sundar.be\/fr\/wp-json\/wp\/v2\/media?parent=23958"}],"wp:term":[{"taxonomy":"product_brand","embeddable":true,"href":"https:\/\/sundar.be\/fr\/wp-json\/wp\/v2\/product_brand?post=23958"},{"taxonomy":"product_cat","embeddable":true,"href":"https:\/\/sundar.be\/fr\/wp-json\/wp\/v2\/product_cat?post=23958"},{"taxonomy":"product_tag","embeddable":true,"href":"https:\/\/sundar.be\/fr\/wp-json\/wp\/v2\/product_tag?post=23958"}],"curies":[{"name":"wp","href":"https:\/\/api.w.org\/{rel}","templated":true}]}}