{"id":23903,"date":"2022-06-13T17:37:54","date_gmt":"2022-06-13T15:37:54","guid":{"rendered":"https:\/\/sundar.be\/product\/solutions-comfort-boost-infusion-mask-fr\/"},"modified":"2025-12-11T08:37:37","modified_gmt":"2025-12-11T07:37:37","slug":"solutions-comfort-boost-infusion-mask-fr","status":"publish","type":"product","link":"https:\/\/sundar.be\/fr\/produit\/solutions-comfort-boost-infusion-mask-fr\/","title":{"rendered":"Monteil SOLUTIONS Comfort Boost Infusion Mask"},"content":{"rendered":"<p class=\"\" data-start=\"104\" data-end=\"483\">Le <span style=\"color: #557e96;\"><strong>SOLUTIONS Comfort Boost Infusion Mask<\/strong><\/span> est un masque biocellulose ultra-nourrissant qui apaise imm\u00e9diatement la peau, la nourrit intens\u00e9ment et lui offre un confort durable. Gr\u00e2ce \u00e0 sa structure en biocellulose, le masque adh\u00e8re comme une seconde peau, permettant une absorption optimale d\u2019ingr\u00e9dients actifs tels que l\u2019huile d\u2019amande douce, le panth\u00e9nol et l\u2019huile de graines de meadowfoam. La formule aide \u00e0 restaurer la barri\u00e8re cutan\u00e9e, r\u00e9duit les rougeurs et laisse la peau souple, douce et visiblement apais\u00e9e. Id\u00e9al comme soin r\u00e9parateur apr\u00e8s des p\u00e9riodes de stress, de d\u00e9shydratation ou de sensibilit\u00e9.   <\/p>\n","protected":false},"excerpt":{"rendered":"<p data-start=\"855\" data-end=\"1009\">Masque en biocellulose qui nourrit intens\u00e9ment les peaux s\u00e8ches et sensibles tout en apportant un confort imm\u00e9diat. R\u00e9pare la barri\u00e8re cutan\u00e9e et att\u00e9nue rougeurs et irritations. <\/p>\n<h2 data-start=\"1011\" data-end=\"1027\"><\/h2>\n","protected":false},"featured_media":58170,"comment_status":"closed","ping_status":"closed","template":"","meta":{"_acf_changed":false},"product_brand":[],"product_cat":[5238,5240,2683,4920,2703,2988],"product_tag":[2716],"class_list":{"0":"post-23903","1":"product","2":"type-product","3":"status-publish","4":"has-post-thumbnail","6":"product_cat-tout-pour-visage-masques","7":"product_cat-masques-tissu","8":"product_cat-monteil-fr","9":"product_cat-beaute-soins-du-visage","10":"product_cat-solutions-fr","11":"product_cat-monteil-solutions-masques-en-bio-cellulose","12":"product_tag-monteil-fr","13":"pa_inhoud-1-piece","14":"pa_inhoud-10-pieces","16":"first","17":"instock","18":"taxable","19":"shipping-taxable","20":"product-type-variable"},"acf":[],"_links":{"self":[{"href":"https:\/\/sundar.be\/fr\/wp-json\/wp\/v2\/product\/23903","targetHints":{"allow":["GET"]}}],"collection":[{"href":"https:\/\/sundar.be\/fr\/wp-json\/wp\/v2\/product"}],"about":[{"href":"https:\/\/sundar.be\/fr\/wp-json\/wp\/v2\/types\/product"}],"replies":[{"embeddable":true,"href":"https:\/\/sundar.be\/fr\/wp-json\/wp\/v2\/comments?post=23903"}],"wp:featuredmedia":[{"embeddable":true,"href":"https:\/\/sundar.be\/fr\/wp-json\/wp\/v2\/media\/58170"}],"wp:attachment":[{"href":"https:\/\/sundar.be\/fr\/wp-json\/wp\/v2\/media?parent=23903"}],"wp:term":[{"taxonomy":"product_brand","embeddable":true,"href":"https:\/\/sundar.be\/fr\/wp-json\/wp\/v2\/product_brand?post=23903"},{"taxonomy":"product_cat","embeddable":true,"href":"https:\/\/sundar.be\/fr\/wp-json\/wp\/v2\/product_cat?post=23903"},{"taxonomy":"product_tag","embeddable":true,"href":"https:\/\/sundar.be\/fr\/wp-json\/wp\/v2\/product_tag?post=23903"}],"curies":[{"name":"wp","href":"https:\/\/api.w.org\/{rel}","templated":true}]}}