{"id":23899,"date":"2022-06-13T17:09:53","date_gmt":"2022-06-13T15:09:53","guid":{"rendered":"https:\/\/sundar.be\/product\/solutions-moisture-boost-infusion-mask-fr\/"},"modified":"2025-12-11T08:40:11","modified_gmt":"2025-12-11T07:40:11","slug":"solutions-moisture-boost-infusion-mask-fr","status":"publish","type":"product","link":"https:\/\/sundar.be\/fr\/produit\/solutions-moisture-boost-infusion-mask-fr\/","title":{"rendered":"Monteil SOLUTIONS Moisture Boost Infusion Mask"},"content":{"rendered":"<p>Le <span style=\"color: #557e96;\"><strong>SOLUTIONS Moisture Boost Infusion Mask <\/strong><\/span>est un masque biocellulose intens\u00e9ment hydratant qui apaise imm\u00e9diatement la peau, la rafra\u00eechit et la nourrit en profondeur. Sa structure fine en biocellulose agit comme une seconde peau, permettant une absorption optimale et uniforme d\u2019ingr\u00e9dients actifs tels que l\u2019aloe vera, l\u2019acide hyaluronique, le panth\u00e9nol et le collag\u00e8ne. Ce masque r\u00e9tablit l\u2019\u00e9quilibre hydrique, r\u00e9duit les ridules de d\u00e9shydratation et procure \u00e0 la peau un aspect repulp\u00e9, souple et \u00e9clatant. Parfait comme cure d\u2019hydratation hebdomadaire ou apr\u00e8s un stress cutan\u00e9, une exposition au soleil ou des traitements professionnels.   <\/p>\n","protected":false},"excerpt":{"rendered":"<p>Masque hydratant en biocellulose qui nourrit intens\u00e9ment la peau et la rend imm\u00e9diatement plus rebondie et plus douce. Id\u00e9al pour toutes les peaux ayant besoin d\u2019une hydratation profonde et durable. <\/p>\n","protected":false},"featured_media":46710,"comment_status":"closed","ping_status":"closed","template":"","meta":{"_acf_changed":false},"product_brand":[],"product_cat":[5238,5240,2683,4920,2703,2988],"product_tag":[2716],"class_list":{"0":"post-23899","1":"product","2":"type-product","3":"status-publish","4":"has-post-thumbnail","6":"product_cat-tout-pour-visage-masques","7":"product_cat-masques-tissu","8":"product_cat-monteil-fr","9":"product_cat-beaute-soins-du-visage","10":"product_cat-solutions-fr","11":"product_cat-monteil-solutions-masques-en-bio-cellulose","12":"product_tag-monteil-fr","13":"pa_inhoud-1-piece","14":"pa_inhoud-10-pieces","16":"first","17":"instock","18":"taxable","19":"shipping-taxable","20":"product-type-variable"},"acf":[],"_links":{"self":[{"href":"https:\/\/sundar.be\/fr\/wp-json\/wp\/v2\/product\/23899","targetHints":{"allow":["GET"]}}],"collection":[{"href":"https:\/\/sundar.be\/fr\/wp-json\/wp\/v2\/product"}],"about":[{"href":"https:\/\/sundar.be\/fr\/wp-json\/wp\/v2\/types\/product"}],"replies":[{"embeddable":true,"href":"https:\/\/sundar.be\/fr\/wp-json\/wp\/v2\/comments?post=23899"}],"wp:featuredmedia":[{"embeddable":true,"href":"https:\/\/sundar.be\/fr\/wp-json\/wp\/v2\/media\/46710"}],"wp:attachment":[{"href":"https:\/\/sundar.be\/fr\/wp-json\/wp\/v2\/media?parent=23899"}],"wp:term":[{"taxonomy":"product_brand","embeddable":true,"href":"https:\/\/sundar.be\/fr\/wp-json\/wp\/v2\/product_brand?post=23899"},{"taxonomy":"product_cat","embeddable":true,"href":"https:\/\/sundar.be\/fr\/wp-json\/wp\/v2\/product_cat?post=23899"},{"taxonomy":"product_tag","embeddable":true,"href":"https:\/\/sundar.be\/fr\/wp-json\/wp\/v2\/product_tag?post=23899"}],"curies":[{"name":"wp","href":"https:\/\/api.w.org\/{rel}","templated":true}]}}