{"id":23863,"date":"2022-06-09T12:07:50","date_gmt":"2022-06-09T10:07:50","guid":{"rendered":"https:\/\/sundar.be\/product\/clarify-sos-pore-reducer-fr\/"},"modified":"2025-12-11T08:44:51","modified_gmt":"2025-12-11T07:44:51","slug":"clarify-sos-pore-reducer-fr","status":"publish","type":"product","link":"https:\/\/sundar.be\/fr\/produit\/clarify-sos-pore-reducer-fr\/","title":{"rendered":"Monteil SOLUTIONS CLARIFY SOS Pore Reducer"},"content":{"rendered":"<p>Le <span style=\"color: #557e96;\"><strong>SOLUTIONS CLARIFY SOS Pore Reducer<\/strong><\/span> est un soin puissant et \u00e0 action rapide qui aide imm\u00e9diatement \u00e0 lisser, matifier et unifier la peau. Cette formule innovante combine des extraits ferment\u00e9s, du zinc, de la taurine et des ingr\u00e9dients botaniques apaisants pour r\u00e9duire visiblement l\u2019apparence des pores, r\u00e9guler l\u2019exc\u00e8s de s\u00e9bum et rafra\u00eechir la peau. Sa texture l\u00e9g\u00e8re p\u00e9n\u00e8tre rapidement et offre une finition douce et mate sans ass\u00e9cher. Id\u00e9al pour un effet \u201cpeau liss\u00e9e\u201d instantan\u00e9 ou comme \u00e9tape dans une routine de r\u00e9duction des pores.   <\/p>\n<p>&nbsp;<\/p>\n","protected":false},"excerpt":{"rendered":"<p data-start=\"815\" data-end=\"989\">Soin r\u00e9ducteur de pores \u00e0 action rapide qui laisse la peau instantan\u00e9ment plus lisse, plus mate et plus affin\u00e9e. R\u00e9duit visiblement la taille des pores et soutient un teint frais et \u00e9quilibr\u00e9. <\/p>\n<h2 data-start=\"991\" data-end=\"1007\"><\/h2>\n","protected":false},"featured_media":27558,"comment_status":"closed","ping_status":"closed","template":"","meta":{"_acf_changed":false},"product_brand":[],"product_cat":[2683,2703,2982],"product_tag":[2716],"class_list":{"0":"post-23863","1":"product","2":"type-product","3":"status-publish","4":"has-post-thumbnail","6":"product_cat-monteil-fr","7":"product_cat-solutions-fr","8":"product_cat-monteil-solutions-clarify-fr","9":"product_tag-monteil-fr","10":"pa_inhoud-testeur-non-a-la-vente-30ml","11":"pa_inhoud-vente-30ml","13":"first","14":"instock","15":"taxable","16":"shipping-taxable","17":"product-type-variable"},"acf":[],"_links":{"self":[{"href":"https:\/\/sundar.be\/fr\/wp-json\/wp\/v2\/product\/23863","targetHints":{"allow":["GET"]}}],"collection":[{"href":"https:\/\/sundar.be\/fr\/wp-json\/wp\/v2\/product"}],"about":[{"href":"https:\/\/sundar.be\/fr\/wp-json\/wp\/v2\/types\/product"}],"replies":[{"embeddable":true,"href":"https:\/\/sundar.be\/fr\/wp-json\/wp\/v2\/comments?post=23863"}],"wp:featuredmedia":[{"embeddable":true,"href":"https:\/\/sundar.be\/fr\/wp-json\/wp\/v2\/media\/27558"}],"wp:attachment":[{"href":"https:\/\/sundar.be\/fr\/wp-json\/wp\/v2\/media?parent=23863"}],"wp:term":[{"taxonomy":"product_brand","embeddable":true,"href":"https:\/\/sundar.be\/fr\/wp-json\/wp\/v2\/product_brand?post=23863"},{"taxonomy":"product_cat","embeddable":true,"href":"https:\/\/sundar.be\/fr\/wp-json\/wp\/v2\/product_cat?post=23863"},{"taxonomy":"product_tag","embeddable":true,"href":"https:\/\/sundar.be\/fr\/wp-json\/wp\/v2\/product_tag?post=23863"}],"curies":[{"name":"wp","href":"https:\/\/api.w.org\/{rel}","templated":true}]}}