{"id":23856,"date":"2022-06-09T11:24:39","date_gmt":"2022-06-09T09:24:39","guid":{"rendered":"https:\/\/sundar.be\/product\/acti-vita-total-face-lift-procgen-30ml-fr\/"},"modified":"2025-12-08T10:16:54","modified_gmt":"2025-12-08T09:16:54","slug":"acti-vita-total-face-lift-procgen-30ml","status":"publish","type":"product","link":"https:\/\/sundar.be\/fr\/produit\/acti-vita-total-face-lift-procgen-30ml\/","title":{"rendered":"Monteil ACTI-VITA Total Face Lift ProCGen, 30ml"},"content":{"rendered":"<p>L\u2019<span style=\"color: #557e96;\"><strong data-start=\"201\" data-end=\"238\">ACTI-VITA Total Face Lift ProCGen<\/strong><\/span> est un s\u00e9rum liftant avanc\u00e9 qui raffermit, hydrate et illumine visiblement la peau. Sa formule puissante associe acide hyaluronique, d\u00e9riv\u00e9s de vitamine C, extraits botaniques et actifs innovants tels que la g\u00e9nist\u00e9ine et l\u2019extrait de millet pour revitaliser la peau et r\u00e9duire les signes de fatigue. Gr\u00e2ce \u00e0 des ingr\u00e9dients adoucissants et hydratants comme la glyc\u00e9rine, le panth\u00e9nol et l\u2019extrait de past\u00e8que, la peau para\u00eet imm\u00e9diatement plus lisse, fra\u00eeche et rebondie. Parfait pour un usage quotidien afin de soutenir la fermet\u00e9 naturelle de la peau.   <\/p>\n","protected":false},"excerpt":{"rendered":"<p>Un s\u00e9rum liftant puissant qui raffermit, hydrate et apporte un \u00e9clat frais. L\u2019association de vitamine C, d\u2019acide hyaluronique et d\u2019extraits v\u00e9g\u00e9taux aide la peau \u00e0 devenir plus lisse et visiblement revitalis\u00e9e. <\/p>\n","protected":false},"featured_media":46451,"comment_status":"closed","ping_status":"closed","template":"","meta":{"_acf_changed":false},"product_brand":[],"product_cat":[2691,2683],"product_tag":[2716],"class_list":{"0":"post-23856","1":"product","2":"type-product","3":"status-publish","4":"has-post-thumbnail","6":"product_cat-acti-vita-fr","7":"product_cat-monteil-fr","8":"product_tag-monteil-fr","9":"pa_inhoud-testeur-non-a-la-vente-30ml","10":"pa_inhoud-vente-30ml","12":"first","13":"instock","14":"taxable","15":"shipping-taxable","16":"product-type-variable"},"acf":[],"_links":{"self":[{"href":"https:\/\/sundar.be\/fr\/wp-json\/wp\/v2\/product\/23856","targetHints":{"allow":["GET"]}}],"collection":[{"href":"https:\/\/sundar.be\/fr\/wp-json\/wp\/v2\/product"}],"about":[{"href":"https:\/\/sundar.be\/fr\/wp-json\/wp\/v2\/types\/product"}],"replies":[{"embeddable":true,"href":"https:\/\/sundar.be\/fr\/wp-json\/wp\/v2\/comments?post=23856"}],"wp:featuredmedia":[{"embeddable":true,"href":"https:\/\/sundar.be\/fr\/wp-json\/wp\/v2\/media\/46451"}],"wp:attachment":[{"href":"https:\/\/sundar.be\/fr\/wp-json\/wp\/v2\/media?parent=23856"}],"wp:term":[{"taxonomy":"product_brand","embeddable":true,"href":"https:\/\/sundar.be\/fr\/wp-json\/wp\/v2\/product_brand?post=23856"},{"taxonomy":"product_cat","embeddable":true,"href":"https:\/\/sundar.be\/fr\/wp-json\/wp\/v2\/product_cat?post=23856"},{"taxonomy":"product_tag","embeddable":true,"href":"https:\/\/sundar.be\/fr\/wp-json\/wp\/v2\/product_tag?post=23856"}],"curies":[{"name":"wp","href":"https:\/\/api.w.org\/{rel}","templated":true}]}}