{"id":23846,"date":"2022-06-09T10:57:19","date_gmt":"2022-06-09T08:57:19","guid":{"rendered":"https:\/\/sundar.be\/product\/acti-vita-neck-treatment-procgen-fr\/"},"modified":"2025-12-08T10:22:30","modified_gmt":"2025-12-08T09:22:30","slug":"acti-vita-neck-treatment-procgen","status":"publish","type":"product","link":"https:\/\/sundar.be\/fr\/produit\/acti-vita-neck-treatment-procgen\/","title":{"rendered":"Monteil ACTI-VITA Neck Treatment ProCGen"},"content":{"rendered":"<p>L\u2019<span style=\"color: #557e96;\"><strong data-start=\"243\" data-end=\"279\">ACTI-VITA Neck Treatment ProCGen<\/strong><\/span> est une cr\u00e8me intens\u00e9ment raffermissante et revitalisante, sp\u00e9cialement formul\u00e9e pour la zone d\u00e9licate du cou et du d\u00e9collet\u00e9. Cette formule riche et soyeuse associe des huiles nourrissantes telles que les huiles de jojoba, d\u2019amande douce et de tournesol \u00e0 des actifs puissants comme le r\u00e9tinyl palmitate, des d\u00e9riv\u00e9s de vitamine C et la g\u00e9nist\u00e9ine. Ensemble, ils soutiennent, hydratent et am\u00e9liorent l\u2019\u00e9lasticit\u00e9 de la peau. L\u2019allanto\u00efne, le panth\u00e9nol et l\u2019extrait de past\u00e8que apaisent et adoucissent, tandis que des pr\u00e9curseurs d\u2019acide hyaluronique contribuent \u00e0 un aspect plus lisse et repulp\u00e9. Id\u00e9al pour celles et ceux qui souhaitent raffermir la zone du cou et r\u00e9duire l\u2019apparence des ridules.    <\/p>\n<p>&nbsp;<\/p>\n","protected":false},"excerpt":{"rendered":"<p>Une cr\u00e8me raffermissante et nourrissante pour le cou et le d\u00e9collet\u00e9 qui laisse la peau plus lisse, plus rebondie et plus \u00e9lastique. Enrichie en vitamines, huiles v\u00e9g\u00e9tales et actifs liftants pour une apparence plus jeune. <\/p>\n","protected":false},"featured_media":46453,"comment_status":"closed","ping_status":"closed","template":"","meta":{"_acf_changed":false},"product_brand":[],"product_cat":[2691,2683],"product_tag":[2716],"class_list":{"0":"post-23846","1":"product","2":"type-product","3":"status-publish","4":"has-post-thumbnail","6":"product_cat-acti-vita-fr","7":"product_cat-monteil-fr","8":"product_tag-monteil-fr","9":"pa_inhoud-200-ml-fr","10":"pa_inhoud-50-ml-fr","11":"pa_inhoud-cabine-200ml-fr","12":"pa_inhoud-testeur-non-a-la-vente-50ml","13":"pa_inhoud-vente-50ml","15":"first","16":"instock","17":"taxable","18":"shipping-taxable","19":"product-type-variable"},"acf":[],"_links":{"self":[{"href":"https:\/\/sundar.be\/fr\/wp-json\/wp\/v2\/product\/23846","targetHints":{"allow":["GET"]}}],"collection":[{"href":"https:\/\/sundar.be\/fr\/wp-json\/wp\/v2\/product"}],"about":[{"href":"https:\/\/sundar.be\/fr\/wp-json\/wp\/v2\/types\/product"}],"replies":[{"embeddable":true,"href":"https:\/\/sundar.be\/fr\/wp-json\/wp\/v2\/comments?post=23846"}],"wp:featuredmedia":[{"embeddable":true,"href":"https:\/\/sundar.be\/fr\/wp-json\/wp\/v2\/media\/46453"}],"wp:attachment":[{"href":"https:\/\/sundar.be\/fr\/wp-json\/wp\/v2\/media?parent=23846"}],"wp:term":[{"taxonomy":"product_brand","embeddable":true,"href":"https:\/\/sundar.be\/fr\/wp-json\/wp\/v2\/product_brand?post=23846"},{"taxonomy":"product_cat","embeddable":true,"href":"https:\/\/sundar.be\/fr\/wp-json\/wp\/v2\/product_cat?post=23846"},{"taxonomy":"product_tag","embeddable":true,"href":"https:\/\/sundar.be\/fr\/wp-json\/wp\/v2\/product_tag?post=23846"}],"curies":[{"name":"wp","href":"https:\/\/api.w.org\/{rel}","templated":true}]}}