{"id":23836,"date":"2022-06-09T10:50:11","date_gmt":"2022-06-09T08:50:11","guid":{"rendered":"https:\/\/sundar.be\/product\/acti-vita-enriched-eye-creme-procgen-fr\/"},"modified":"2025-12-08T10:29:48","modified_gmt":"2025-12-08T09:29:48","slug":"acti-vita-enriched-eye-creme-procgen","status":"publish","type":"product","link":"https:\/\/sundar.be\/fr\/produit\/acti-vita-enriched-eye-creme-procgen\/","title":{"rendered":"Monteil ACTI-VITA Enriched Eye Creme ProCGen, 15ml"},"content":{"rendered":"<p>L\u2019<span style=\"color: #557e96;\"><strong data-start=\"247\" data-end=\"287\">ACTI-VITA Enriched Eye Creme ProCGen<\/strong><\/span> est une cr\u00e8me contour des yeux luxueuse et intens\u00e9ment nourrissante, con\u00e7ue pour hydrater, adoucir et renforcer visiblement la peau d\u00e9licate autour des yeux. Gr\u00e2ce \u00e0 une puissante combinaison d\u2019huiles v\u00e9g\u00e9tales nourrissantes, de provitamine B5, d\u2019allanto\u00efne et de complexes vitaminiques, cette cr\u00e8me aide \u00e0 lisser la peau et \u00e0 att\u00e9nuer les signes de fatigue. Des actifs performants tels que la g\u00e9nist\u00e9ine, le r\u00e9tinyl palmitate et des d\u00e9riv\u00e9s de vitamine C soutiennent la condition cutan\u00e9e et contribuent \u00e0 un regard frais et lumineux. Sa texture riche mais souple est id\u00e9ale pour un usage quotidien et s\u2019int\u00e8gre parfaitement dans une routine anti-\u00e2ge.   <\/p>\n","protected":false},"excerpt":{"rendered":"<p>Une cr\u00e8me contour des yeux nourrissante et rajeunissante qui aide \u00e0 lisser les ridules et hydrate intens\u00e9ment la peau sensible. Enrichie en vitamines, huiles adoucissantes et actifs ProCGen pour un contour des yeux frais et liss\u00e9. <\/p>\n","protected":false},"featured_media":46455,"comment_status":"closed","ping_status":"closed","template":"","meta":{"_acf_changed":false},"product_brand":[],"product_cat":[2691,4767,5254,2683,5253,4920],"product_tag":[2716],"class_list":{"0":"post-23836","1":"product","2":"type-product","3":"status-publish","4":"has-post-thumbnail","6":"product_cat-acti-vita-fr","7":"product_cat-beaute","8":"product_cat-soin-yeux-cremes-yeux","9":"product_cat-monteil-fr","10":"product_cat-soin-des-yeux","11":"product_cat-beaute-soins-du-visage","12":"product_tag-monteil-fr","13":"pa_inhoud-15-ml-fr","14":"pa_inhoud-3-ml-fr","15":"pa_inhoud-50-ml-fr","16":"pa_inhoud-testeur-3ml","17":"pa_inhoud-testeur-non-a-la-vente-15ml","18":"pa_inhoud-vente-15ml","20":"first","21":"instock","22":"taxable","23":"shipping-taxable","24":"product-type-variable"},"acf":[],"_links":{"self":[{"href":"https:\/\/sundar.be\/fr\/wp-json\/wp\/v2\/product\/23836","targetHints":{"allow":["GET"]}}],"collection":[{"href":"https:\/\/sundar.be\/fr\/wp-json\/wp\/v2\/product"}],"about":[{"href":"https:\/\/sundar.be\/fr\/wp-json\/wp\/v2\/types\/product"}],"replies":[{"embeddable":true,"href":"https:\/\/sundar.be\/fr\/wp-json\/wp\/v2\/comments?post=23836"}],"wp:featuredmedia":[{"embeddable":true,"href":"https:\/\/sundar.be\/fr\/wp-json\/wp\/v2\/media\/46455"}],"wp:attachment":[{"href":"https:\/\/sundar.be\/fr\/wp-json\/wp\/v2\/media?parent=23836"}],"wp:term":[{"taxonomy":"product_brand","embeddable":true,"href":"https:\/\/sundar.be\/fr\/wp-json\/wp\/v2\/product_brand?post=23836"},{"taxonomy":"product_cat","embeddable":true,"href":"https:\/\/sundar.be\/fr\/wp-json\/wp\/v2\/product_cat?post=23836"},{"taxonomy":"product_tag","embeddable":true,"href":"https:\/\/sundar.be\/fr\/wp-json\/wp\/v2\/product_tag?post=23836"}],"curies":[{"name":"wp","href":"https:\/\/api.w.org\/{rel}","templated":true}]}}