{"id":23734,"date":"2022-06-08T12:30:32","date_gmt":"2022-06-08T10:30:32","guid":{"rendered":"https:\/\/sundar.be\/product\/acti-vita-ultra-rich-creme-procgen-fr\/"},"modified":"2025-12-08T10:36:09","modified_gmt":"2025-12-08T09:36:09","slug":"acti-vita-ultra-rich-creme-procgen","status":"publish","type":"product","link":"https:\/\/sundar.be\/fr\/produit\/acti-vita-ultra-rich-creme-procgen\/","title":{"rendered":"Monteil ACTI-VITA Ultra Rich Creme ProCGen"},"content":{"rendered":"<p>L<span style=\"color: #557e96;\"><strong data-start=\"269\" data-end=\"307\">\u2019ACTI-VITA Ultra Rich Creme ProCGen<\/strong><\/span> est une cr\u00e8me intens\u00e9ment nourrissante et r\u00e9paratrice, sp\u00e9cialement con\u00e7ue pour les peaux s\u00e8ches, exigeantes et matures. Sa formule associe des \u00e9mollients riches tels que le beurre de karit\u00e9, l\u2019huile de jojoba, l\u2019huile d\u2019amande douce et les glyc\u00e9rides de noix de coco hydrog\u00e9n\u00e9s \u00e0 de puissants actifs ProCGen comme la g\u00e9nist\u00e9ine et des complexes vitaminiques (A, C &amp; E). Cette synergie soutient la barri\u00e8re cutan\u00e9e, r\u00e9duit les ridules de s\u00e9cheresse et aide la peau \u00e0 devenir plus lisse, plus rebondie et plus confortable. L\u2019extrait de past\u00e8que, le panth\u00e9nol et l\u2019allanto\u00efne apportent une hydratation et un apaisement suppl\u00e9mentaires, tandis que la texture beurr\u00e9e enveloppe la peau d\u2019un confort durable. Id\u00e9ale comme soin de jour et de nuit pour une peau plus souple, plus r\u00e9sistante et visiblement nourrie.    <\/p>\n<p>&nbsp;<\/p>\n","protected":false},"excerpt":{"rendered":"<p>Une cr\u00e8me ultra-riche et nourrissante qui hydrate intens\u00e9ment et apaise les peaux s\u00e8ches et matures. Enrichie en actifs ProCGen et en vitamines pour une peau plus lisse, plus rebondie et plus confortable. <\/p>\n","protected":false},"featured_media":46458,"comment_status":"closed","ping_status":"closed","template":"","meta":{"_acf_changed":false},"product_brand":[],"product_cat":[2691,2683],"product_tag":[2716],"class_list":{"0":"post-23734","1":"product","2":"type-product","3":"status-publish","4":"has-post-thumbnail","6":"product_cat-acti-vita-fr","7":"product_cat-monteil-fr","8":"product_tag-monteil-fr","9":"pa_inhoud-200-ml-fr","10":"pa_inhoud-3-ml-fr","11":"pa_inhoud-50-ml-fr","12":"pa_inhoud-cabine-200ml-fr","13":"pa_inhoud-testeur-3ml","14":"pa_inhoud-testeur-non-a-la-vente-50ml","15":"pa_inhoud-vente-50ml","17":"first","18":"instock","19":"taxable","20":"shipping-taxable","21":"product-type-variable"},"acf":[],"_links":{"self":[{"href":"https:\/\/sundar.be\/fr\/wp-json\/wp\/v2\/product\/23734","targetHints":{"allow":["GET"]}}],"collection":[{"href":"https:\/\/sundar.be\/fr\/wp-json\/wp\/v2\/product"}],"about":[{"href":"https:\/\/sundar.be\/fr\/wp-json\/wp\/v2\/types\/product"}],"replies":[{"embeddable":true,"href":"https:\/\/sundar.be\/fr\/wp-json\/wp\/v2\/comments?post=23734"}],"wp:featuredmedia":[{"embeddable":true,"href":"https:\/\/sundar.be\/fr\/wp-json\/wp\/v2\/media\/46458"}],"wp:attachment":[{"href":"https:\/\/sundar.be\/fr\/wp-json\/wp\/v2\/media?parent=23734"}],"wp:term":[{"taxonomy":"product_brand","embeddable":true,"href":"https:\/\/sundar.be\/fr\/wp-json\/wp\/v2\/product_brand?post=23734"},{"taxonomy":"product_cat","embeddable":true,"href":"https:\/\/sundar.be\/fr\/wp-json\/wp\/v2\/product_cat?post=23734"},{"taxonomy":"product_tag","embeddable":true,"href":"https:\/\/sundar.be\/fr\/wp-json\/wp\/v2\/product_tag?post=23734"}],"curies":[{"name":"wp","href":"https:\/\/api.w.org\/{rel}","templated":true}]}}