{"id":23725,"date":"2022-06-08T11:57:05","date_gmt":"2022-06-08T09:57:05","guid":{"rendered":"https:\/\/sundar.be\/product\/peeling-clarifying-bha-pha-liquid-fr\/"},"modified":"2025-12-11T08:50:34","modified_gmt":"2025-12-11T07:50:34","slug":"peeling-clarifying-bha-pha-liquid","status":"publish","type":"product","link":"https:\/\/sundar.be\/fr\/produit\/peeling-clarifying-bha-pha-liquid\/","title":{"rendered":"PEELING Clarifying BHA &amp; PHA Liquid, 100ml"},"content":{"rendered":"<p>La <span style=\"color: #557e96;\"><strong>PEELING Clarifying BHA &amp; PHA Liquid<\/strong><\/span> est un peeling liquide puissant mais doux qui affine la texture de la peau, nettoie les pores en profondeur et illumine visiblement le teint. La combinaison de BHA (acide salicylique) et de PHA (gluconolactone) offre une exfoliation de surface ainsi qu\u2019un nettoyage profond des pores, sans dess\u00e9cher la peau. La formule l\u00e9g\u00e8re, semblable \u00e0 de l\u2019eau, est rapidement absorb\u00e9e et aide \u00e0 r\u00e9duire les imperfections tout en laissant la peau plus lisse, plus fra\u00eeche et plus uniforme. Id\u00e9al pour les clients recherchant un peeling efficace mais respectueux de la peau.<\/p>\n<p>&nbsp;<\/p>\n<p>&nbsp;<\/p>\n","protected":false},"excerpt":{"rendered":"<p>Exfoliant liquide au BHA &amp; PHA qui nettoie les pores en profondeur et affine la texture de la peau. Apporte un teint plus lisse, plus clair et plus frais sans irritation.<\/p>\n","protected":false},"featured_media":46528,"comment_status":"closed","ping_status":"closed","template":"","meta":{"_acf_changed":false},"product_brand":[],"product_cat":[2683,2693,4921,4920],"product_tag":[2716],"class_list":{"0":"post-23725","1":"product","2":"type-product","3":"status-publish","4":"has-post-thumbnail","6":"product_cat-monteil-fr","7":"product_cat-monteil-nettoyage-exfoliation","8":"product_cat-beaute-nettoyage-exfoliation","9":"product_cat-beaute-soins-du-visage","10":"product_tag-monteil-fr","11":"pa_inhoud-testeur-non-a-la-vente-100-ml","12":"pa_inhoud-vente-100ml","14":"first","15":"instock","16":"taxable","17":"shipping-taxable","18":"product-type-variable"},"acf":[],"_links":{"self":[{"href":"https:\/\/sundar.be\/fr\/wp-json\/wp\/v2\/product\/23725","targetHints":{"allow":["GET"]}}],"collection":[{"href":"https:\/\/sundar.be\/fr\/wp-json\/wp\/v2\/product"}],"about":[{"href":"https:\/\/sundar.be\/fr\/wp-json\/wp\/v2\/types\/product"}],"replies":[{"embeddable":true,"href":"https:\/\/sundar.be\/fr\/wp-json\/wp\/v2\/comments?post=23725"}],"wp:featuredmedia":[{"embeddable":true,"href":"https:\/\/sundar.be\/fr\/wp-json\/wp\/v2\/media\/46528"}],"wp:attachment":[{"href":"https:\/\/sundar.be\/fr\/wp-json\/wp\/v2\/media?parent=23725"}],"wp:term":[{"taxonomy":"product_brand","embeddable":true,"href":"https:\/\/sundar.be\/fr\/wp-json\/wp\/v2\/product_brand?post=23725"},{"taxonomy":"product_cat","embeddable":true,"href":"https:\/\/sundar.be\/fr\/wp-json\/wp\/v2\/product_cat?post=23725"},{"taxonomy":"product_tag","embeddable":true,"href":"https:\/\/sundar.be\/fr\/wp-json\/wp\/v2\/product_tag?post=23725"}],"curies":[{"name":"wp","href":"https:\/\/api.w.org\/{rel}","templated":true}]}}