{"id":23723,"date":"2022-06-08T11:48:37","date_gmt":"2022-06-08T09:48:37","guid":{"rendered":"https:\/\/sundar.be\/product\/acti-vita-moisture-lotion-procgen-50ml-fr\/"},"modified":"2025-12-08T10:44:55","modified_gmt":"2025-12-08T09:44:55","slug":"acti-vita-moisture-lotion-procgen-50ml","status":"publish","type":"product","link":"https:\/\/sundar.be\/fr\/produit\/acti-vita-moisture-lotion-procgen-50ml\/","title":{"rendered":"Monteil ACTI-VITA Moisture Lotion ProCGen, 50ml"},"content":{"rendered":"<p>L\u2019<span style=\"color: #557e96;\"><strong data-start=\"239\" data-end=\"276\">ACTI-VITA Moisture Lotion ProCGen<\/strong><\/span> est une lotion hydratante et adoucissante qui nourrit intens\u00e9ment la peau tout en offrant un confort quotidien optimal. Sa formule l\u00e9g\u00e8re mais hautement soin associe des huiles adoucissantes comme l\u2019huile de jojoba et l\u2019huile d\u2019amande douce \u00e0 la glyc\u00e9rine, au panth\u00e9nol et \u00e0 l\u2019allanto\u00efne pour maintenir la peau souple, lisse et parfaitement hydrat\u00e9e. Gr\u00e2ce au complexe ProCGen, enrichi en g\u00e9nist\u00e9ine et en vitamines A, C et E, la peau est soutenue en termes de fermet\u00e9, de vitalit\u00e9 et d\u2019\u00e9clat uniforme. L\u2019extrait de past\u00e8que et les huiles v\u00e9g\u00e9tales renforcent l\u2019effet hydratant et apaisant. Id\u00e9ale comme soin hydratant quotidien pour toute personne recherchant une lotion l\u00e9g\u00e8re mais efficace.<\/p>\n","protected":false},"excerpt":{"rendered":"<p>Une lotion hydratante l\u00e9g\u00e8re qui nourrit, adoucit et apporte un confort quotidien. Enrichie en actifs ProCGen et en vitamines pour une peau fra\u00eeche, souple et revitalis\u00e9e. <\/p>\n","protected":false},"featured_media":46460,"comment_status":"closed","ping_status":"closed","template":"","meta":{"_acf_changed":false},"product_brand":[],"product_cat":[2691,2683],"product_tag":[2716],"class_list":{"0":"post-23723","1":"product","2":"type-product","3":"status-publish","4":"has-post-thumbnail","6":"product_cat-acti-vita-fr","7":"product_cat-monteil-fr","8":"product_tag-monteil-fr","9":"pa_inhoud-testeur-non-a-la-vente-50ml","10":"pa_inhoud-vente-50ml","12":"first","13":"instock","14":"taxable","15":"shipping-taxable","16":"product-type-variable"},"acf":[],"_links":{"self":[{"href":"https:\/\/sundar.be\/fr\/wp-json\/wp\/v2\/product\/23723","targetHints":{"allow":["GET"]}}],"collection":[{"href":"https:\/\/sundar.be\/fr\/wp-json\/wp\/v2\/product"}],"about":[{"href":"https:\/\/sundar.be\/fr\/wp-json\/wp\/v2\/types\/product"}],"replies":[{"embeddable":true,"href":"https:\/\/sundar.be\/fr\/wp-json\/wp\/v2\/comments?post=23723"}],"wp:featuredmedia":[{"embeddable":true,"href":"https:\/\/sundar.be\/fr\/wp-json\/wp\/v2\/media\/46460"}],"wp:attachment":[{"href":"https:\/\/sundar.be\/fr\/wp-json\/wp\/v2\/media?parent=23723"}],"wp:term":[{"taxonomy":"product_brand","embeddable":true,"href":"https:\/\/sundar.be\/fr\/wp-json\/wp\/v2\/product_brand?post=23723"},{"taxonomy":"product_cat","embeddable":true,"href":"https:\/\/sundar.be\/fr\/wp-json\/wp\/v2\/product_cat?post=23723"},{"taxonomy":"product_tag","embeddable":true,"href":"https:\/\/sundar.be\/fr\/wp-json\/wp\/v2\/product_tag?post=23723"}],"curies":[{"name":"wp","href":"https:\/\/api.w.org\/{rel}","templated":true}]}}