{"id":23716,"date":"2022-06-08T11:41:29","date_gmt":"2022-06-08T09:41:29","guid":{"rendered":"https:\/\/sundar.be\/product\/overnight-restoring-creme-procgen-fr\/"},"modified":"2025-12-08T10:49:36","modified_gmt":"2025-12-08T09:49:36","slug":"overnight-restoring-creme-procgen","status":"publish","type":"product","link":"https:\/\/sundar.be\/fr\/produit\/overnight-restoring-creme-procgen\/","title":{"rendered":"Monteil ACTI-VITA Overnight Restoring Creme ProCGen"},"content":{"rendered":"<p>L\u2019<span style=\"color: #557e96;\"><strong data-start=\"267\" data-end=\"314\">ACTI-VITA Overnight Restoring Creme ProCGen<\/strong><\/span> est une cr\u00e8me de nuit r\u00e9paratrice qui nourrit intens\u00e9ment et revitalise la peau pendant le sommeil. Sa formule riche associe des huiles adoucissantes telles que les huiles de germe de bl\u00e9, d\u2019amande douce, de jojoba et de tournesol au complexe ProCGen (g\u00e9nist\u00e9ine + vitamines A, C &amp; E). Ce m\u00e9lange puissant soutient les processus de r\u00e9g\u00e9n\u00e9ration nocturne, tandis que le panth\u00e9nol, l\u2019allanto\u00efne et l\u2019extrait de past\u00e8que apaisent la peau et maintiennent son confort. Des extraits botaniques tels que le curcuma, le Cistus Incanus et le Gynostemma Pentaphyllum contribuent \u00e0 un teint frais et renouvel\u00e9 au r\u00e9veil. Sa texture cr\u00e9meuse nourrit intens\u00e9ment sans effet lourd \u2014 parfaite pour celles et ceux qui souhaitent une peau plus lisse, plus souple et visiblement revitalis\u00e9e au matin.    <\/p>\n<p>&nbsp;<\/p>\n<p>&nbsp;<\/p>\n","protected":false},"excerpt":{"rendered":"<div class=\"flex max-w-full flex-col flex-grow\">\n<div class=\"min-h-8 text-message flex w-full flex-col items-end gap-2 whitespace-normal break-words text-start [.text-message+&amp;]:mt-5\" dir=\"auto\" data-message-author-role=\"assistant\" data-message-id=\"fd29474d-f656-44fc-9908-87721e35f06f\" data-message-model-slug=\"gpt-4o\">\n<div class=\"flex w-full flex-col gap-1 empty:hidden first:pt-[3px]\">\n<div class=\"markdown prose w-full break-words dark:prose-invert light\">\n<p>Une cr\u00e8me de nuit intens\u00e9ment nourrissante et r\u00e9paratrice qui soutient la peau durant son processus nocturne de r\u00e9g\u00e9n\u00e9ration. Enrichie en actifs ProCGen, extraits botaniques et vitamines pour une peau plus souple, rebondie et repos\u00e9e au r\u00e9veil. <\/p>\n<\/div>\n<\/div>\n<\/div>\n<\/div>\n","protected":false},"featured_media":46463,"comment_status":"closed","ping_status":"closed","template":"","meta":{"_acf_changed":false},"product_brand":[],"product_cat":[2691,2683],"product_tag":[2716],"class_list":{"0":"post-23716","1":"product","2":"type-product","3":"status-publish","4":"has-post-thumbnail","6":"product_cat-acti-vita-fr","7":"product_cat-monteil-fr","8":"product_tag-monteil-fr","9":"pa_inhoud-200-ml-fr","10":"pa_inhoud-3-ml-fr","11":"pa_inhoud-50-ml-fr","12":"pa_inhoud-cabine-200ml-fr","13":"pa_inhoud-testeur-3ml","14":"pa_inhoud-testeur-non-a-la-vente-50ml","15":"pa_inhoud-vente-50ml","17":"first","18":"instock","19":"taxable","20":"shipping-taxable","21":"product-type-variable"},"acf":[],"_links":{"self":[{"href":"https:\/\/sundar.be\/fr\/wp-json\/wp\/v2\/product\/23716","targetHints":{"allow":["GET"]}}],"collection":[{"href":"https:\/\/sundar.be\/fr\/wp-json\/wp\/v2\/product"}],"about":[{"href":"https:\/\/sundar.be\/fr\/wp-json\/wp\/v2\/types\/product"}],"replies":[{"embeddable":true,"href":"https:\/\/sundar.be\/fr\/wp-json\/wp\/v2\/comments?post=23716"}],"wp:featuredmedia":[{"embeddable":true,"href":"https:\/\/sundar.be\/fr\/wp-json\/wp\/v2\/media\/46463"}],"wp:attachment":[{"href":"https:\/\/sundar.be\/fr\/wp-json\/wp\/v2\/media?parent=23716"}],"wp:term":[{"taxonomy":"product_brand","embeddable":true,"href":"https:\/\/sundar.be\/fr\/wp-json\/wp\/v2\/product_brand?post=23716"},{"taxonomy":"product_cat","embeddable":true,"href":"https:\/\/sundar.be\/fr\/wp-json\/wp\/v2\/product_cat?post=23716"},{"taxonomy":"product_tag","embeddable":true,"href":"https:\/\/sundar.be\/fr\/wp-json\/wp\/v2\/product_tag?post=23716"}],"curies":[{"name":"wp","href":"https:\/\/api.w.org\/{rel}","templated":true}]}}