{"id":23715,"date":"2022-06-08T11:38:40","date_gmt":"2022-06-08T09:38:40","guid":{"rendered":"https:\/\/sundar.be\/product\/peeling-refining-aha-fluid-fr\/"},"modified":"2025-12-11T08:53:05","modified_gmt":"2025-12-11T07:53:05","slug":"peeling-refining-aha-fluid","status":"publish","type":"product","link":"https:\/\/sundar.be\/fr\/produit\/peeling-refining-aha-fluid\/","title":{"rendered":"Monteil PEELING Refining AHA Fluid, 50ml"},"content":{"rendered":"<p>Le<span style=\"color: #557e96;\"><strong> PEELING Refining AHA Fluid<\/strong><\/span> est un exfoliant puissant \u00e0 base d\u2019acide glycolique (AHA) qui lisse la texture de la peau, illumine le teint et aide \u00e0 r\u00e9duire les ridules. Sa formule fluide et l\u00e9g\u00e8re p\u00e9n\u00e8tre rapidement et stimule le renouvellement cellulaire, \u00e9liminant les cellules ternes pour r\u00e9v\u00e9ler une peau visiblement plus fra\u00eeche et plus uniforme. Des ingr\u00e9dients apaisants et nourrissants tels que le beurre de karit\u00e9 et la vitamine E prot\u00e8gent et adoucissent la peau, rendant ce peeling \u00e0 la fois efficace et respectueux de la peau. Id\u00e9al comme peeling nocturne intensif pour celles et ceux qui souhaitent une peau lisse, \u00e9clatante et affin\u00e9e.   <\/p>\n<p>&nbsp;<\/p>\n<p>&nbsp;<\/p>\n","protected":false},"excerpt":{"rendered":"<div class=\"flex max-w-full flex-col flex-grow\">\n<div class=\"min-h-8 text-message flex w-full flex-col items-end gap-2 whitespace-normal break-words text-start [.text-message+&amp;]:mt-5\" dir=\"auto\" data-message-author-role=\"assistant\" data-message-id=\"e863719a-b31c-4f04-9439-fd319038c250\" data-message-model-slug=\"gpt-4o\">\n<div class=\"flex w-full flex-col gap-1 empty:hidden first:pt-[3px]\">\n<div class=\"markdown prose w-full break-words dark:prose-invert light\">\n<p data-start=\"859\" data-end=\"996\">Exfoliant intensif AHA \u00e0 l\u2019acide glycolique qui affine la peau et illumine le teint. Laisse la peau plus lisse, plus \u00e9clatante et plus uniforme. <\/p>\n<h2 data-start=\"998\" data-end=\"1014\"><\/h2>\n<\/div>\n<\/div>\n<\/div>\n<\/div>\n","protected":false},"featured_media":46533,"comment_status":"closed","ping_status":"closed","template":"","meta":{"_acf_changed":false},"product_brand":[],"product_cat":[2683,2693,4921,4920],"product_tag":[2716],"class_list":{"0":"post-23715","1":"product","2":"type-product","3":"status-publish","4":"has-post-thumbnail","6":"product_cat-monteil-fr","7":"product_cat-monteil-nettoyage-exfoliation","8":"product_cat-beaute-nettoyage-exfoliation","9":"product_cat-beaute-soins-du-visage","10":"product_tag-monteil-fr","11":"pa_inhoud-testeur-non-a-la-vente-50ml","12":"pa_inhoud-vente-50ml","14":"first","15":"instock","16":"taxable","17":"shipping-taxable","18":"product-type-variable"},"acf":[],"_links":{"self":[{"href":"https:\/\/sundar.be\/fr\/wp-json\/wp\/v2\/product\/23715","targetHints":{"allow":["GET"]}}],"collection":[{"href":"https:\/\/sundar.be\/fr\/wp-json\/wp\/v2\/product"}],"about":[{"href":"https:\/\/sundar.be\/fr\/wp-json\/wp\/v2\/types\/product"}],"replies":[{"embeddable":true,"href":"https:\/\/sundar.be\/fr\/wp-json\/wp\/v2\/comments?post=23715"}],"wp:featuredmedia":[{"embeddable":true,"href":"https:\/\/sundar.be\/fr\/wp-json\/wp\/v2\/media\/46533"}],"wp:attachment":[{"href":"https:\/\/sundar.be\/fr\/wp-json\/wp\/v2\/media?parent=23715"}],"wp:term":[{"taxonomy":"product_brand","embeddable":true,"href":"https:\/\/sundar.be\/fr\/wp-json\/wp\/v2\/product_brand?post=23715"},{"taxonomy":"product_cat","embeddable":true,"href":"https:\/\/sundar.be\/fr\/wp-json\/wp\/v2\/product_cat?post=23715"},{"taxonomy":"product_tag","embeddable":true,"href":"https:\/\/sundar.be\/fr\/wp-json\/wp\/v2\/product_tag?post=23715"}],"curies":[{"name":"wp","href":"https:\/\/api.w.org\/{rel}","templated":true}]}}