{"id":23702,"date":"2022-06-08T11:15:39","date_gmt":"2022-06-08T09:15:39","guid":{"rendered":"https:\/\/sundar.be\/product\/feel-satin-lift-sensation-eye-serum-fr\/"},"modified":"2025-12-11T09:04:14","modified_gmt":"2025-12-11T08:04:14","slug":"feel-satin-lift-sensation-eye-serum","status":"publish","type":"product","link":"https:\/\/sundar.be\/fr\/produit\/feel-satin-lift-sensation-eye-serum\/","title":{"rendered":"Monteil FEEL SATIN Smoothing Eye Cream"},"content":{"rendered":"<p>La <span style=\"color: #557e96;\"><strong>FEEL SATIN Smoothing Eye Cream <\/strong><\/span>est une cr\u00e8me contour des yeux riche et soyeuse qui lisse les ridules, renforce la barri\u00e8re cutan\u00e9e et nourrit intens\u00e9ment la zone d\u00e9licate du regard. Sa formule associe des c\u00e9ramides r\u00e9parateurs, des peptides, de l\u2019acide hyaluronique et des extraits botaniques pour r\u00e9duire les signes de fatigue et rendre la peau visiblement plus lisse et plus ferme. Gr\u00e2ce \u00e0 sa texture satin\u00e9e et douce, la cr\u00e8me fond imm\u00e9diatement dans la peau sans irriter ni alourdir. Id\u00e9ale pour un usage quotidien afin de maintenir un contour des yeux frais, souple et d\u2019apparence jeune.   <\/p>\n","protected":false},"excerpt":{"rendered":"<p data-start=\"768\" data-end=\"925\">Cr\u00e8me contour des yeux riche et lissante qui r\u00e9duit les ridules et renforce la barri\u00e8re cutan\u00e9e. Hydrate, adoucit et laisse le contour des yeux frais et rajeuni. <\/p>\n<h2 data-start=\"927\" data-end=\"943\"><\/h2>\n","protected":false},"featured_media":46707,"comment_status":"closed","ping_status":"closed","template":"","meta":{"_acf_changed":false},"product_brand":[],"product_cat":[4767,5254,2689,2683,5253,4920],"product_tag":[2716],"class_list":{"0":"post-23702","1":"product","2":"type-product","3":"status-publish","4":"has-post-thumbnail","6":"product_cat-beaute","7":"product_cat-soin-yeux-cremes-yeux","8":"product_cat-feel-satin-fr","9":"product_cat-monteil-fr","10":"product_cat-soin-des-yeux","11":"product_cat-beaute-soins-du-visage","12":"product_tag-monteil-fr","13":"pa_inhoud-testeur-non-a-la-vente-10ml","14":"pa_inhoud-vente-10ml","16":"first","17":"instock","18":"taxable","19":"shipping-taxable","20":"product-type-variable"},"acf":[],"_links":{"self":[{"href":"https:\/\/sundar.be\/fr\/wp-json\/wp\/v2\/product\/23702","targetHints":{"allow":["GET"]}}],"collection":[{"href":"https:\/\/sundar.be\/fr\/wp-json\/wp\/v2\/product"}],"about":[{"href":"https:\/\/sundar.be\/fr\/wp-json\/wp\/v2\/types\/product"}],"replies":[{"embeddable":true,"href":"https:\/\/sundar.be\/fr\/wp-json\/wp\/v2\/comments?post=23702"}],"wp:featuredmedia":[{"embeddable":true,"href":"https:\/\/sundar.be\/fr\/wp-json\/wp\/v2\/media\/46707"}],"wp:attachment":[{"href":"https:\/\/sundar.be\/fr\/wp-json\/wp\/v2\/media?parent=23702"}],"wp:term":[{"taxonomy":"product_brand","embeddable":true,"href":"https:\/\/sundar.be\/fr\/wp-json\/wp\/v2\/product_brand?post=23702"},{"taxonomy":"product_cat","embeddable":true,"href":"https:\/\/sundar.be\/fr\/wp-json\/wp\/v2\/product_cat?post=23702"},{"taxonomy":"product_tag","embeddable":true,"href":"https:\/\/sundar.be\/fr\/wp-json\/wp\/v2\/product_tag?post=23702"}],"curies":[{"name":"wp","href":"https:\/\/api.w.org\/{rel}","templated":true}]}}