{"id":23696,"date":"2022-06-08T11:08:07","date_gmt":"2022-06-08T09:08:07","guid":{"rendered":"https:\/\/sundar.be\/product\/feel-satin-intensive-refine-night-creme-50ml-fr\/"},"modified":"2025-12-11T09:11:51","modified_gmt":"2025-12-11T08:11:51","slug":"feel-satin-intensive-refine-night-creme-50ml","status":"publish","type":"product","link":"https:\/\/sundar.be\/fr\/produit\/feel-satin-intensive-refine-night-creme-50ml\/","title":{"rendered":"Monteil FEEL SATIN Lifting Night Cream"},"content":{"rendered":"<p>La <span style=\"color: #557e96;\"><strong>FEEL SATIN Lifting Night Cream<\/strong><\/span> est une cr\u00e8me de nuit riche et r\u00e9paratrice qui nourrit intens\u00e9ment la peau pendant le sommeil, la raffermit et la revitalise. Gr\u00e2ce \u00e0 des ingr\u00e9dients actifs tels que le r\u00e9tinyl palmitate, l\u2019acide hyaluronique, le squalane et des extraits botaniques, la texture de la peau s\u2019affine, les ridules diminuent et la peau b\u00e9n\u00e9ficie d\u2019un effet liftant et lissant. Sa texture cr\u00e9meuse fond d\u00e9licatement dans la peau et soutient le processus naturel de r\u00e9g\u00e9n\u00e9ration nocturne, permettant de se r\u00e9veiller avec une peau plus souple, plus ferme et rayonnante. Id\u00e9ale pour les peaux ayant besoin de confort suppl\u00e9mentaire, de r\u00e9paration et de soutien anti-\u00e2ge.   <\/p>\n<p>&nbsp;<\/p>\n","protected":false},"excerpt":{"rendered":"<p data-start=\"848\" data-end=\"1025\">Cr\u00e8me de nuit riche aux effets liftants et r\u00e9parateurs, qui raffermit et affine la peau pendant le sommeil. Hydrate intens\u00e9ment et favorise une apparence plus lisse et plus jeune. <\/p>\n<h2 data-start=\"1027\" data-end=\"1043\"><\/h2>\n","protected":false},"featured_media":46699,"comment_status":"closed","ping_status":"closed","template":"","meta":{"_acf_changed":false},"product_brand":[],"product_cat":[2689,2683],"product_tag":[2716],"class_list":{"0":"post-23696","1":"product","2":"type-product","3":"status-publish","4":"has-post-thumbnail","6":"product_cat-feel-satin-fr","7":"product_cat-monteil-fr","8":"product_tag-monteil-fr","9":"pa_inhoud-testeur-3ml","10":"pa_inhoud-testeur-non-a-la-vente-50ml","11":"pa_inhoud-vente-50ml","13":"first","14":"instock","15":"taxable","16":"shipping-taxable","17":"product-type-variable"},"acf":[],"_links":{"self":[{"href":"https:\/\/sundar.be\/fr\/wp-json\/wp\/v2\/product\/23696","targetHints":{"allow":["GET"]}}],"collection":[{"href":"https:\/\/sundar.be\/fr\/wp-json\/wp\/v2\/product"}],"about":[{"href":"https:\/\/sundar.be\/fr\/wp-json\/wp\/v2\/types\/product"}],"replies":[{"embeddable":true,"href":"https:\/\/sundar.be\/fr\/wp-json\/wp\/v2\/comments?post=23696"}],"wp:featuredmedia":[{"embeddable":true,"href":"https:\/\/sundar.be\/fr\/wp-json\/wp\/v2\/media\/46699"}],"wp:attachment":[{"href":"https:\/\/sundar.be\/fr\/wp-json\/wp\/v2\/media?parent=23696"}],"wp:term":[{"taxonomy":"product_brand","embeddable":true,"href":"https:\/\/sundar.be\/fr\/wp-json\/wp\/v2\/product_brand?post=23696"},{"taxonomy":"product_cat","embeddable":true,"href":"https:\/\/sundar.be\/fr\/wp-json\/wp\/v2\/product_cat?post=23696"},{"taxonomy":"product_tag","embeddable":true,"href":"https:\/\/sundar.be\/fr\/wp-json\/wp\/v2\/product_tag?post=23696"}],"curies":[{"name":"wp","href":"https:\/\/api.w.org\/{rel}","templated":true}]}}