{"id":23691,"date":"2022-06-08T10:56:30","date_gmt":"2022-06-08T08:56:30","guid":{"rendered":"https:\/\/sundar.be\/product\/peeling-keratolytic-aha-water-fr\/"},"modified":"2025-12-11T09:17:49","modified_gmt":"2025-12-11T08:17:49","slug":"peeling-keratolytic-aha-water","status":"publish","type":"product","link":"https:\/\/sundar.be\/fr\/produit\/peeling-keratolytic-aha-water\/","title":{"rendered":"Monteil PEELING Keratolytic AHA Water, 175ml"},"content":{"rendered":"<p>Le<span style=\"color: #557e96;\"><strong> PEELING Keratolytic AHA Water<\/strong><\/span> est un exfoliant liquide intensif qui affine la texture de la peau, stimule le renouvellement cellulaire et r\u00e9v\u00e8le un teint visiblement plus lisse et plus frais. Gr\u00e2ce \u00e0 sa forte concentration en acide glycolique (AHA), les cellules mortes sont efficacement dissoutes, les pores sont affin\u00e9s et la peau retrouve une apparence plus lumineuse et uniforme. Sa texture aqueuse l\u00e9g\u00e8re est absorb\u00e9e instantan\u00e9ment et exerce une action k\u00e9ratolytique puissante, id\u00e9ale pour celles et ceux recherchant une exp\u00e9rience de peeling professionnelle. Parfait pour les peaux ternes n\u00e9cessitant un boost intensif.   <\/p>\n<p>&nbsp;<\/p>\n","protected":false},"excerpt":{"rendered":"<p data-start=\"804\" data-end=\"972\">Exfoliant AHA puissant en texture aqueuse qui dissout les cellules mortes et rend la peau visiblement plus lisse et plus fra\u00eeche. Id\u00e9al pour une r\u00e9g\u00e9n\u00e9ration cutan\u00e9e intensive et un grain de peau affin\u00e9. <\/p>\n<h2 data-start=\"974\" data-end=\"990\"><\/h2>\n","protected":false},"featured_media":58185,"comment_status":"closed","ping_status":"closed","template":"","meta":{"_acf_changed":false},"product_brand":[],"product_cat":[2683,2693,4921,4920],"product_tag":[2716],"class_list":{"0":"post-23691","1":"product","2":"type-product","3":"status-publish","4":"has-post-thumbnail","6":"product_cat-monteil-fr","7":"product_cat-monteil-nettoyage-exfoliation","8":"product_cat-beaute-nettoyage-exfoliation","9":"product_cat-beaute-soins-du-visage","10":"product_tag-monteil-fr","11":"pa_inhoud-testeur-non-a-la-vente-175ml","12":"pa_inhoud-vente-175ml","14":"first","15":"instock","16":"taxable","17":"shipping-taxable","18":"product-type-variable"},"acf":[],"_links":{"self":[{"href":"https:\/\/sundar.be\/fr\/wp-json\/wp\/v2\/product\/23691","targetHints":{"allow":["GET"]}}],"collection":[{"href":"https:\/\/sundar.be\/fr\/wp-json\/wp\/v2\/product"}],"about":[{"href":"https:\/\/sundar.be\/fr\/wp-json\/wp\/v2\/types\/product"}],"replies":[{"embeddable":true,"href":"https:\/\/sundar.be\/fr\/wp-json\/wp\/v2\/comments?post=23691"}],"wp:featuredmedia":[{"embeddable":true,"href":"https:\/\/sundar.be\/fr\/wp-json\/wp\/v2\/media\/58185"}],"wp:attachment":[{"href":"https:\/\/sundar.be\/fr\/wp-json\/wp\/v2\/media?parent=23691"}],"wp:term":[{"taxonomy":"product_brand","embeddable":true,"href":"https:\/\/sundar.be\/fr\/wp-json\/wp\/v2\/product_brand?post=23691"},{"taxonomy":"product_cat","embeddable":true,"href":"https:\/\/sundar.be\/fr\/wp-json\/wp\/v2\/product_cat?post=23691"},{"taxonomy":"product_tag","embeddable":true,"href":"https:\/\/sundar.be\/fr\/wp-json\/wp\/v2\/product_tag?post=23691"}],"curies":[{"name":"wp","href":"https:\/\/api.w.org\/{rel}","templated":true}]}}