{"id":23690,"date":"2022-06-08T10:59:32","date_gmt":"2022-06-08T08:59:32","guid":{"rendered":"https:\/\/sundar.be\/product\/feel-satin-instant-refine-day-creme-50ml-fr\/"},"modified":"2025-12-11T09:14:06","modified_gmt":"2025-12-11T08:14:06","slug":"feel-satin-instant-refine-day-creme-50ml","status":"publish","type":"product","link":"https:\/\/sundar.be\/fr\/produit\/feel-satin-instant-refine-day-creme-50ml\/","title":{"rendered":"Monteil FEEL SATIN Firming Day Cream"},"content":{"rendered":"<p>La <span style=\"color: #557e96;\"><strong>FEEL SATIN Firming Day Cream<\/strong><\/span> est une cr\u00e8me de jour raffermissante et nourrissante qui am\u00e9liore l\u2019\u00e9lasticit\u00e9 de la peau et procure un teint lisse et \u00e9clatant. Sa formule riche en c\u00e9ramides, peptides, acide hyaluronique et extraits botaniques renforce la barri\u00e8re cutan\u00e9e, adoucit les ridules et offre une hydratation quotidienne durable. Sa texture soyeuse et confortable p\u00e9n\u00e8tre rapidement sans effet gras ni lourd, laissant imm\u00e9diatement la peau plus souple et plus ferme. Id\u00e9ale pour un usage quotidien afin de soutenir les processus naturels de fermet\u00e9 et de protection de la peau.   <\/p>\n","protected":false},"excerpt":{"rendered":"<p data-start=\"870\" data-end=\"1057\">Cr\u00e8me de jour nourrissante et raffermissante qui am\u00e9liore l\u2019\u00e9lasticit\u00e9 et rend la peau plus lisse et lumineuse. Hydrate intens\u00e9ment et renforce la barri\u00e8re cutan\u00e9e pour une apparence plus jeune. <\/p>\n<h2 data-start=\"1059\" data-end=\"1075\"><\/h2>\n","protected":false},"featured_media":46703,"comment_status":"closed","ping_status":"closed","template":"","meta":{"_acf_changed":false},"product_brand":[],"product_cat":[2689,2683,4923,4920],"product_tag":[2716],"class_list":{"0":"post-23690","1":"product","2":"type-product","3":"status-publish","4":"has-post-thumbnail","6":"product_cat-feel-satin-fr","7":"product_cat-monteil-fr","8":"product_cat-beaute-soins-de-jour","9":"product_cat-beaute-soins-du-visage","10":"product_tag-monteil-fr","11":"pa_inhoud-testeur-3ml","12":"pa_inhoud-testeur-non-a-la-vente-50ml","13":"pa_inhoud-vente-50ml","15":"first","16":"instock","17":"taxable","18":"shipping-taxable","19":"product-type-variable"},"acf":[],"_links":{"self":[{"href":"https:\/\/sundar.be\/fr\/wp-json\/wp\/v2\/product\/23690","targetHints":{"allow":["GET"]}}],"collection":[{"href":"https:\/\/sundar.be\/fr\/wp-json\/wp\/v2\/product"}],"about":[{"href":"https:\/\/sundar.be\/fr\/wp-json\/wp\/v2\/types\/product"}],"replies":[{"embeddable":true,"href":"https:\/\/sundar.be\/fr\/wp-json\/wp\/v2\/comments?post=23690"}],"wp:featuredmedia":[{"embeddable":true,"href":"https:\/\/sundar.be\/fr\/wp-json\/wp\/v2\/media\/46703"}],"wp:attachment":[{"href":"https:\/\/sundar.be\/fr\/wp-json\/wp\/v2\/media?parent=23690"}],"wp:term":[{"taxonomy":"product_brand","embeddable":true,"href":"https:\/\/sundar.be\/fr\/wp-json\/wp\/v2\/product_brand?post=23690"},{"taxonomy":"product_cat","embeddable":true,"href":"https:\/\/sundar.be\/fr\/wp-json\/wp\/v2\/product_cat?post=23690"},{"taxonomy":"product_tag","embeddable":true,"href":"https:\/\/sundar.be\/fr\/wp-json\/wp\/v2\/product_tag?post=23690"}],"curies":[{"name":"wp","href":"https:\/\/api.w.org\/{rel}","templated":true}]}}