{"id":23684,"date":"2022-06-08T10:45:27","date_gmt":"2022-06-08T08:45:27","guid":{"rendered":"https:\/\/sundar.be\/product\/probeactive-probiotic-stimulating-night-creme-50ml-fr\/"},"modified":"2025-12-11T09:38:00","modified_gmt":"2025-12-11T08:38:00","slug":"probeactive-probiotic-stimulating-night-creme-50ml","status":"publish","type":"product","link":"https:\/\/sundar.be\/fr\/produit\/probeactive-probiotic-stimulating-night-creme-50ml\/","title":{"rendered":"Monteil ProBeActive Probiotic Night Creme"},"content":{"rendered":"<p>La <span style=\"color: #557e96;\"><strong>ProBeActive Probiotic Night Cr\u00e8me<\/strong><\/span> est un soin de nuit intens\u00e9ment r\u00e9parateur qui renforce la barri\u00e8re cutan\u00e9e, soutient l\u2019\u00e9quilibre naturel du microbiome et apaise visiblement la peau. Sa formule associe un ferment probiotique, des beurres nourrissants d\u2019avocat et de karit\u00e9, du bakuchiol (alternative v\u00e9g\u00e9tale douce au r\u00e9tinol) et des antioxydants pour stimuler le renouvellement cutan\u00e9 sans provoquer d\u2019irritation. Pendant la nuit, la peau est profond\u00e9ment nourrie et soutenue dans son processus de r\u00e9g\u00e9n\u00e9ration, permettant de se r\u00e9veiller avec une peau plus lisse, plus lumineuse et nettement plus confortable. Id\u00e9ale pour celles et ceux qui recherchent une cr\u00e8me de nuit anti-\u00e2ge puissante mais respectueuse de la peau.   <\/p>\n","protected":false},"excerpt":{"rendered":"<p data-start=\"888\" data-end=\"1079\">Cr\u00e8me de nuit r\u00e9paratrice aux probiotiques et au bakuchiol qui renforce la barri\u00e8re cutan\u00e9e et soutient le renouvellement cellulaire. Offre une peau plus lisse, nourrie et visiblement apais\u00e9e au r\u00e9veil. <\/p>\n<h2 data-start=\"1081\" data-end=\"1097\"><\/h2>\n","protected":false},"featured_media":46465,"comment_status":"closed","ping_status":"closed","template":"","meta":{"_acf_changed":false},"product_brand":[],"product_cat":[2683,2687],"product_tag":[2716],"class_list":{"0":"post-23684","1":"product","2":"type-product","3":"status-publish","4":"has-post-thumbnail","6":"product_cat-monteil-fr","7":"product_cat-probeactive-fr","8":"product_tag-monteil-fr","9":"pa_inhoud-3-ml-fr","10":"pa_inhoud-50-ml-fr","11":"pa_inhoud-testeur-3ml","12":"pa_inhoud-testeur-non-a-la-vente-50ml","13":"pa_inhoud-vente-50ml","15":"first","16":"instock","17":"taxable","18":"shipping-taxable","19":"product-type-variable"},"acf":[],"_links":{"self":[{"href":"https:\/\/sundar.be\/fr\/wp-json\/wp\/v2\/product\/23684","targetHints":{"allow":["GET"]}}],"collection":[{"href":"https:\/\/sundar.be\/fr\/wp-json\/wp\/v2\/product"}],"about":[{"href":"https:\/\/sundar.be\/fr\/wp-json\/wp\/v2\/types\/product"}],"replies":[{"embeddable":true,"href":"https:\/\/sundar.be\/fr\/wp-json\/wp\/v2\/comments?post=23684"}],"wp:featuredmedia":[{"embeddable":true,"href":"https:\/\/sundar.be\/fr\/wp-json\/wp\/v2\/media\/46465"}],"wp:attachment":[{"href":"https:\/\/sundar.be\/fr\/wp-json\/wp\/v2\/media?parent=23684"}],"wp:term":[{"taxonomy":"product_brand","embeddable":true,"href":"https:\/\/sundar.be\/fr\/wp-json\/wp\/v2\/product_brand?post=23684"},{"taxonomy":"product_cat","embeddable":true,"href":"https:\/\/sundar.be\/fr\/wp-json\/wp\/v2\/product_cat?post=23684"},{"taxonomy":"product_tag","embeddable":true,"href":"https:\/\/sundar.be\/fr\/wp-json\/wp\/v2\/product_tag?post=23684"}],"curies":[{"name":"wp","href":"https:\/\/api.w.org\/{rel}","templated":true}]}}