{"id":23678,"date":"2022-06-08T10:19:38","date_gmt":"2022-06-08T08:19:38","guid":{"rendered":"https:\/\/sundar.be\/product\/feel-satin-lift-sensation-serum-fr\/"},"modified":"2025-12-11T09:49:17","modified_gmt":"2025-12-11T08:49:17","slug":"feel-satin-lift-sensation-serum","status":"publish","type":"product","link":"https:\/\/sundar.be\/fr\/produit\/feel-satin-lift-sensation-serum\/","title":{"rendered":"Monteil FEEL SATIN Lift Sensation Serum"},"content":{"rendered":"<p>Le <span style=\"color: #557e96;\"><strong>FEEL SATIN Lift Sensation Serum<\/strong><\/span> est un s\u00e9rum raffermissant et luxueux qui lisse imm\u00e9diatement la peau tout en soutenant durablement son \u00e9lasticit\u00e9 et son hydratation. Sa formule associe peptides, acide hyaluronique, s\u00e8ve de bouleau et prot\u00e9ines de soie pour att\u00e9nuer les ridules, lifter la peau et lui apporter un \u00e9clat frais et lumineux. Sa texture l\u00e9g\u00e8re et soyeuse p\u00e9n\u00e8tre rapidement et laisse la peau instantan\u00e9ment plus souple, plus ferme et parfaitement nourrie. Id\u00e9al comme boost anti-\u00e2ge quotidien pour une peau visiblement retendue et revitalis\u00e9e.   <\/p>\n","protected":false},"excerpt":{"rendered":"<p data-start=\"809\" data-end=\"964\">S\u00e9rum liftant et raffermissant qui lisse imm\u00e9diatement la peau et am\u00e9liore l\u2019\u00e9lasticit\u00e9. Hydrate intens\u00e9ment et offre un \u00e9clat frais et lumineux. <\/p>\n<h2 data-start=\"966\" data-end=\"982\"><\/h2>\n","protected":false},"featured_media":23672,"comment_status":"closed","ping_status":"closed","template":"","meta":{"_acf_changed":false},"product_brand":[],"product_cat":[2689,2683],"product_tag":[2716],"class_list":{"0":"post-23678","1":"product","2":"type-product","3":"status-publish","4":"has-post-thumbnail","6":"product_cat-feel-satin-fr","7":"product_cat-monteil-fr","8":"product_tag-monteil-fr","9":"pa_inhoud-200-ml-fr","10":"pa_inhoud-50-ml-fr","11":"pa_inhoud-cabine-200ml-fr","12":"pa_inhoud-testeur-non-a-la-vente-50ml","13":"pa_inhoud-vente-50ml","15":"first","16":"instock","17":"taxable","18":"shipping-taxable","19":"product-type-variable"},"acf":[],"_links":{"self":[{"href":"https:\/\/sundar.be\/fr\/wp-json\/wp\/v2\/product\/23678","targetHints":{"allow":["GET"]}}],"collection":[{"href":"https:\/\/sundar.be\/fr\/wp-json\/wp\/v2\/product"}],"about":[{"href":"https:\/\/sundar.be\/fr\/wp-json\/wp\/v2\/types\/product"}],"replies":[{"embeddable":true,"href":"https:\/\/sundar.be\/fr\/wp-json\/wp\/v2\/comments?post=23678"}],"wp:featuredmedia":[{"embeddable":true,"href":"https:\/\/sundar.be\/fr\/wp-json\/wp\/v2\/media\/23672"}],"wp:attachment":[{"href":"https:\/\/sundar.be\/fr\/wp-json\/wp\/v2\/media?parent=23678"}],"wp:term":[{"taxonomy":"product_brand","embeddable":true,"href":"https:\/\/sundar.be\/fr\/wp-json\/wp\/v2\/product_brand?post=23678"},{"taxonomy":"product_cat","embeddable":true,"href":"https:\/\/sundar.be\/fr\/wp-json\/wp\/v2\/product_cat?post=23678"},{"taxonomy":"product_tag","embeddable":true,"href":"https:\/\/sundar.be\/fr\/wp-json\/wp\/v2\/product_tag?post=23678"}],"curies":[{"name":"wp","href":"https:\/\/api.w.org\/{rel}","templated":true}]}}