{"id":23662,"date":"2022-06-08T09:24:26","date_gmt":"2022-06-08T07:24:26","guid":{"rendered":"https:\/\/sundar.be\/product\/probeactive-probiotic-smoothing-eye-creme-fr\/"},"modified":"2025-12-11T10:05:49","modified_gmt":"2025-12-11T09:05:49","slug":"probeactive-probiotic-smoothing-eye-creme","status":"publish","type":"product","link":"https:\/\/sundar.be\/fr\/produit\/probeactive-probiotic-smoothing-eye-creme\/","title":{"rendered":"Monteil ProBeActive Probiotic Eye Cream"},"content":{"rendered":"<p>La <span style=\"color: #557e96;\"><strong>ProBeActive Probiotic Eye Cream<\/strong><\/span> est une cr\u00e8me contour des yeux apaisante et fortifiante qui hydrate, calme et r\u00e9duit les signes visibles de fatigue. Gr\u00e2ce au ferment probiotique, \u00e0 l\u2019huile d\u2019avocat nourrissante, au beurre de karit\u00e9 et \u00e0 un complexe peptidique avanc\u00e9, la peau autour des yeux devient plus ferme, plus uniforme et plus r\u00e9sistante. Sa texture cr\u00e9meuse et l\u00e9g\u00e8re p\u00e9n\u00e8tre rapidement et laisse la zone d\u00e9licate du regard souple et confortable, sans irritation. Id\u00e9ale pour renforcer, hydrater et rafra\u00eechir le contour des yeux de mani\u00e8re douce mais efficace.   <\/p>\n","protected":false},"excerpt":{"rendered":"<p data-start=\"811\" data-end=\"1007\">Cr\u00e8me contour des yeux fortifiante aux probiotiques et peptides qui hydrate, adoucit et revitalise la zone du regard. R\u00e9duit les ridules, les signes de fatigue et soutient un contour des yeux sain et lumineux. <\/p>\n<h2 data-start=\"1009\" data-end=\"1025\"><\/h2>\n","protected":false},"featured_media":46470,"comment_status":"closed","ping_status":"closed","template":"","meta":{"_acf_changed":false},"product_brand":[],"product_cat":[4767,5254,2683,2687,5253,4920],"product_tag":[2716],"class_list":{"0":"post-23662","1":"product","2":"type-product","3":"status-publish","4":"has-post-thumbnail","6":"product_cat-beaute","7":"product_cat-soin-yeux-cremes-yeux","8":"product_cat-monteil-fr","9":"product_cat-probeactive-fr","10":"product_cat-soin-des-yeux","11":"product_cat-beaute-soins-du-visage","12":"product_tag-monteil-fr","13":"pa_inhoud-15-ml-fr","14":"pa_inhoud-50-ml-fr","15":"pa_inhoud-testeur-non-a-la-vente-15ml","16":"pa_inhoud-vente-15ml","18":"first","19":"instock","20":"taxable","21":"shipping-taxable","22":"product-type-variable"},"acf":[],"_links":{"self":[{"href":"https:\/\/sundar.be\/fr\/wp-json\/wp\/v2\/product\/23662","targetHints":{"allow":["GET"]}}],"collection":[{"href":"https:\/\/sundar.be\/fr\/wp-json\/wp\/v2\/product"}],"about":[{"href":"https:\/\/sundar.be\/fr\/wp-json\/wp\/v2\/types\/product"}],"replies":[{"embeddable":true,"href":"https:\/\/sundar.be\/fr\/wp-json\/wp\/v2\/comments?post=23662"}],"wp:featuredmedia":[{"embeddable":true,"href":"https:\/\/sundar.be\/fr\/wp-json\/wp\/v2\/media\/46470"}],"wp:attachment":[{"href":"https:\/\/sundar.be\/fr\/wp-json\/wp\/v2\/media?parent=23662"}],"wp:term":[{"taxonomy":"product_brand","embeddable":true,"href":"https:\/\/sundar.be\/fr\/wp-json\/wp\/v2\/product_brand?post=23662"},{"taxonomy":"product_cat","embeddable":true,"href":"https:\/\/sundar.be\/fr\/wp-json\/wp\/v2\/product_cat?post=23662"},{"taxonomy":"product_tag","embeddable":true,"href":"https:\/\/sundar.be\/fr\/wp-json\/wp\/v2\/product_tag?post=23662"}],"curies":[{"name":"wp","href":"https:\/\/api.w.org\/{rel}","templated":true}]}}