{"id":23656,"date":"2022-06-08T08:43:23","date_gmt":"2022-06-08T06:43:23","guid":{"rendered":"https:\/\/sundar.be\/product\/hydro-cell-hydrating-lifting-serum-fr\/"},"modified":"2025-12-11T10:45:29","modified_gmt":"2025-12-11T09:45:29","slug":"hydro-cell-hydrating-lifting-serum","status":"publish","type":"product","link":"https:\/\/sundar.be\/fr\/produit\/hydro-cell-hydrating-lifting-serum\/","title":{"rendered":"Monteil HYDRO CELL Hydrating Lifting Serum"},"content":{"rendered":"<p>Le <span style=\"color: #557e96;\"><strong>HYDRO CELL Hydrating Lifting Serum<\/strong><\/span> est un s\u00e9rum rafra\u00eechissant, hydratant et raffermissant qui laisse la peau imm\u00e9diatement plus rebondie, plus lisse et plus \u00e9nergis\u00e9e. Gr\u00e2ce \u00e0 une combinaison puissante d\u2019acide hyaluronique, d\u2019extraits marins, d\u2019extrait de plancton et de pullulan aux propri\u00e9t\u00e9s liftantes, la peau obtient un effet raffermissant et revitalisant instantan\u00e9. Sa texture gel l\u00e9g\u00e8re est rapidement absorb\u00e9e et laisse la peau intens\u00e9ment hydrat\u00e9e et fra\u00eeche, sans effet collant. Id\u00e9al pour celles et ceux qui souhaitent dynamiser, raffermir et prot\u00e9ger leur peau des agressions quotidiennes.   <\/p>\n<h2><\/h2>\n<p class=\"_04xlpA direction-ltr align-justify para-style-body\">\n","protected":false},"excerpt":{"rendered":"<p data-start=\"803\" data-end=\"980\">S\u00e9rum hydratant et liftant \u00e0 base d\u2019acide hyaluronique et d\u2019extraits marins qui rend la peau plus rebondie, plus lisse et plus fra\u00eeche. Offre un effet raffermissant imm\u00e9diat et une hydratation durable. <\/p>\n<h2 data-start=\"982\" data-end=\"998\"><\/h2>\n","protected":false},"featured_media":46473,"comment_status":"closed","ping_status":"closed","template":"","meta":{"_acf_changed":false},"product_brand":[],"product_cat":[2685,2683],"product_tag":[2716],"class_list":{"0":"post-23656","1":"product","2":"type-product","3":"status-publish","4":"has-post-thumbnail","6":"product_cat-hydro-cell-fr","7":"product_cat-monteil-fr","8":"product_tag-monteil-fr","9":"pa_inhoud-cabine-200ml-fr","10":"pa_inhoud-testeur-non-a-la-vente-50ml","11":"pa_inhoud-vente-50ml","13":"first","14":"instock","15":"taxable","16":"shipping-taxable","17":"product-type-variable"},"acf":[],"_links":{"self":[{"href":"https:\/\/sundar.be\/fr\/wp-json\/wp\/v2\/product\/23656","targetHints":{"allow":["GET"]}}],"collection":[{"href":"https:\/\/sundar.be\/fr\/wp-json\/wp\/v2\/product"}],"about":[{"href":"https:\/\/sundar.be\/fr\/wp-json\/wp\/v2\/types\/product"}],"replies":[{"embeddable":true,"href":"https:\/\/sundar.be\/fr\/wp-json\/wp\/v2\/comments?post=23656"}],"wp:featuredmedia":[{"embeddable":true,"href":"https:\/\/sundar.be\/fr\/wp-json\/wp\/v2\/media\/46473"}],"wp:attachment":[{"href":"https:\/\/sundar.be\/fr\/wp-json\/wp\/v2\/media?parent=23656"}],"wp:term":[{"taxonomy":"product_brand","embeddable":true,"href":"https:\/\/sundar.be\/fr\/wp-json\/wp\/v2\/product_brand?post=23656"},{"taxonomy":"product_cat","embeddable":true,"href":"https:\/\/sundar.be\/fr\/wp-json\/wp\/v2\/product_cat?post=23656"},{"taxonomy":"product_tag","embeddable":true,"href":"https:\/\/sundar.be\/fr\/wp-json\/wp\/v2\/product_tag?post=23656"}],"curies":[{"name":"wp","href":"https:\/\/api.w.org\/{rel}","templated":true}]}}