{"id":23636,"date":"2022-06-07T20:20:33","date_gmt":"2022-06-07T18:20:33","guid":{"rendered":"https:\/\/sundar.be\/product\/hydro-cell-total-lifting-creme-24h-fr\/"},"modified":"2025-12-11T10:48:17","modified_gmt":"2025-12-11T09:48:17","slug":"hydro-cell-total-lifting-creme-24h","status":"publish","type":"product","link":"https:\/\/sundar.be\/fr\/produit\/hydro-cell-total-lifting-creme-24h\/","title":{"rendered":"Monteil HYDRO CELL Total Lifting Cream 24h"},"content":{"rendered":"<p>La <span style=\"color: #557e96;\"><strong>HYDRO CELL Total Lifting Cream 24h<\/strong><\/span> est une cr\u00e8me 24 heures intens\u00e9ment hydratante et raffermissante qui donne \u00e0 la peau un aspect imm\u00e9diatement plus rebondi, lisse et \u00e9nergis\u00e9. Sa formule riche associe des extraits marins, des activateurs de collag\u00e8ne marin, des peptides et des agents hydratants pour am\u00e9liorer la texture cutan\u00e9e et r\u00e9duire les signes de rel\u00e2chement. Gr\u00e2ce \u00e0 des huiles nourrissantes comme l\u2019huile d\u2019amande douce et le squalane, la peau devient confortable, souple et parfaitement nourrie. La cr\u00e8me offre un effet liftant, stimule le renouvellement cellulaire et procure un teint frais et lumineux \u2014 de jour comme de nuit.   <\/p>\n","protected":false},"excerpt":{"rendered":"<p data-start=\"838\" data-end=\"1001\">Cr\u00e8me liftante et hydratante 24 h qui rend la peau plus rebondie, plus ferme et visiblement plus lisse. Nourrit intens\u00e9ment et soutient l\u2019\u00e9lasticit\u00e9 naturelle de la peau. <\/p>\n<h2 data-start=\"1003\" data-end=\"1019\"><\/h2>\n","protected":false},"featured_media":46476,"comment_status":"closed","ping_status":"closed","template":"","meta":{"_acf_changed":false},"product_brand":[],"product_cat":[2685,2683],"product_tag":[2716],"class_list":{"0":"post-23636","1":"product","2":"type-product","3":"status-publish","4":"has-post-thumbnail","6":"product_cat-hydro-cell-fr","7":"product_cat-monteil-fr","8":"product_tag-monteil-fr","9":"pa_inhoud-200-ml-fr","10":"pa_inhoud-3-ml-fr","11":"pa_inhoud-50-ml-fr","12":"pa_inhoud-cabine-200ml-fr","13":"pa_inhoud-testeur-3ml","14":"pa_inhoud-testeur-non-a-la-vente-50ml","15":"pa_inhoud-vente-50ml","17":"first","18":"instock","19":"taxable","20":"shipping-taxable","21":"product-type-variable"},"acf":[],"_links":{"self":[{"href":"https:\/\/sundar.be\/fr\/wp-json\/wp\/v2\/product\/23636","targetHints":{"allow":["GET"]}}],"collection":[{"href":"https:\/\/sundar.be\/fr\/wp-json\/wp\/v2\/product"}],"about":[{"href":"https:\/\/sundar.be\/fr\/wp-json\/wp\/v2\/types\/product"}],"replies":[{"embeddable":true,"href":"https:\/\/sundar.be\/fr\/wp-json\/wp\/v2\/comments?post=23636"}],"wp:featuredmedia":[{"embeddable":true,"href":"https:\/\/sundar.be\/fr\/wp-json\/wp\/v2\/media\/46476"}],"wp:attachment":[{"href":"https:\/\/sundar.be\/fr\/wp-json\/wp\/v2\/media?parent=23636"}],"wp:term":[{"taxonomy":"product_brand","embeddable":true,"href":"https:\/\/sundar.be\/fr\/wp-json\/wp\/v2\/product_brand?post=23636"},{"taxonomy":"product_cat","embeddable":true,"href":"https:\/\/sundar.be\/fr\/wp-json\/wp\/v2\/product_cat?post=23636"},{"taxonomy":"product_tag","embeddable":true,"href":"https:\/\/sundar.be\/fr\/wp-json\/wp\/v2\/product_tag?post=23636"}],"curies":[{"name":"wp","href":"https:\/\/api.w.org\/{rel}","templated":true}]}}