{"id":23626,"date":"2022-06-07T20:12:57","date_gmt":"2022-06-07T18:12:57","guid":{"rendered":"https:\/\/sundar.be\/product\/hydro-cell-intensive-moisture-creme-day-night-fr\/"},"modified":"2025-12-11T10:50:50","modified_gmt":"2025-12-11T09:50:50","slug":"hydro-cell-intensive-moisture-creme-day-night","status":"publish","type":"product","link":"https:\/\/sundar.be\/fr\/produit\/hydro-cell-intensive-moisture-creme-day-night\/","title":{"rendered":"Monteil HYDRO CELL Intensive Moisture Cream Day\/Night, 50ml"},"content":{"rendered":"<p>La <span style=\"color: #557e96;\"><strong>HYDRO CELL Intensive Moisture Cream Day\/Night<\/strong><\/span> est une cr\u00e8me 24 heures riche et intens\u00e9ment hydratante qui adoucit imm\u00e9diatement la peau, la nourrit et la prot\u00e8ge durablement. Gr\u00e2ce \u00e0 une combinaison d\u2019huile d\u2019amande douce, de beurre de karit\u00e9, d\u2019extraits marins, d\u2019extrait de plancton et de boosters d\u2019hydratation, la peau gagne en \u00e9lasticit\u00e9, en confort et en \u00e9clat. Le pullulan apporte un subtil effet liftant, tandis que des antioxydants comme la vitamine E contribuent \u00e0 une peau renforc\u00e9e et rayonnante. Sa texture cr\u00e9meuse fond dans la peau sans effet gras, id\u00e9ale pour celles et ceux recherchant une hydratation profonde \u2014 de jour comme de nuit.   <\/p>\n","protected":false},"excerpt":{"rendered":"<p data-start=\"889\" data-end=\"1062\">Cr\u00e8me 24 h intens\u00e9ment hydratante qui nourrit, adoucit et apporte un \u00e9clat sain et frais. Convient au jour comme \u00e0 la nuit pour une peau plus souple, confortable et lumineuse. <\/p>\n<h2 data-start=\"1064\" data-end=\"1080\"><\/h2>\n","protected":false},"featured_media":46478,"comment_status":"closed","ping_status":"closed","template":"","meta":{"_acf_changed":false},"product_brand":[],"product_cat":[2685,2683],"product_tag":[2716],"class_list":{"0":"post-23626","1":"product","2":"type-product","3":"status-publish","4":"has-post-thumbnail","6":"product_cat-hydro-cell-fr","7":"product_cat-monteil-fr","8":"product_tag-monteil-fr","9":"pa_inhoud-3-ml-fr","10":"pa_inhoud-50-ml-fr","11":"pa_inhoud-testeur-3ml","12":"pa_inhoud-testeur-non-a-la-vente-50ml","13":"pa_inhoud-vente-50ml","15":"first","16":"instock","17":"taxable","18":"shipping-taxable","19":"product-type-variable"},"acf":[],"_links":{"self":[{"href":"https:\/\/sundar.be\/fr\/wp-json\/wp\/v2\/product\/23626","targetHints":{"allow":["GET"]}}],"collection":[{"href":"https:\/\/sundar.be\/fr\/wp-json\/wp\/v2\/product"}],"about":[{"href":"https:\/\/sundar.be\/fr\/wp-json\/wp\/v2\/types\/product"}],"replies":[{"embeddable":true,"href":"https:\/\/sundar.be\/fr\/wp-json\/wp\/v2\/comments?post=23626"}],"wp:featuredmedia":[{"embeddable":true,"href":"https:\/\/sundar.be\/fr\/wp-json\/wp\/v2\/media\/46478"}],"wp:attachment":[{"href":"https:\/\/sundar.be\/fr\/wp-json\/wp\/v2\/media?parent=23626"}],"wp:term":[{"taxonomy":"product_brand","embeddable":true,"href":"https:\/\/sundar.be\/fr\/wp-json\/wp\/v2\/product_brand?post=23626"},{"taxonomy":"product_cat","embeddable":true,"href":"https:\/\/sundar.be\/fr\/wp-json\/wp\/v2\/product_cat?post=23626"},{"taxonomy":"product_tag","embeddable":true,"href":"https:\/\/sundar.be\/fr\/wp-json\/wp\/v2\/product_tag?post=23626"}],"curies":[{"name":"wp","href":"https:\/\/api.w.org\/{rel}","templated":true}]}}