{"id":23612,"date":"2022-06-07T19:34:43","date_gmt":"2022-06-07T17:34:43","guid":{"rendered":"https:\/\/sundar.be\/product\/hydro-cell-age-defense-eye-creme-fr\/"},"modified":"2025-12-11T10:55:50","modified_gmt":"2025-12-11T09:55:50","slug":"hydro-cell-age-defense-eye-creme","status":"publish","type":"product","link":"https:\/\/sundar.be\/fr\/produit\/hydro-cell-age-defense-eye-creme\/","title":{"rendered":"Monteil HYDRO CELL Age Defense Eye Cream"},"content":{"rendered":"<p>La <span style=\"color: #557e96;\"><strong>HYDRO CELL Age Defense Eye Cream<\/strong><\/span> est une cr\u00e8me contour des yeux intens\u00e9ment nourrissante qui r\u00e9duit les ridules, les cernes et les signes de fatigue pour un regard plus frais et plus jeune. Sa formule associe des peptides puissants, des extraits marins, du pullulan et des agents hydratants pour raffermir, adoucir et prot\u00e9ger la peau. Gr\u00e2ce \u00e0 sa texture douce et cr\u00e9meuse, la zone du regard est parfaitement nourrie sans effet lourd. Id\u00e9ale pour un usage quotidien afin de renforcer et revitaliser la peau d\u00e9licate du contour des yeux.   <\/p>\n<p>&nbsp;<\/p>\n","protected":false},"excerpt":{"rendered":"<p data-start=\"778\" data-end=\"937\">Cr\u00e8me contour des yeux anti-\u00e2ge qui r\u00e9duit visiblement les ridules, les poches et les cernes. Raffermit et hydrate le contour des yeux pour un regard plus frais et plus jeune. <\/p>\n<h2 data-start=\"939\" data-end=\"955\"><\/h2>\n","protected":false},"featured_media":46484,"comment_status":"closed","ping_status":"closed","template":"","meta":{"_acf_changed":false},"product_brand":[],"product_cat":[4767,5254,2685,2683,5253,4920],"product_tag":[2716],"class_list":{"0":"post-23612","1":"product","2":"type-product","3":"status-publish","4":"has-post-thumbnail","6":"product_cat-beaute","7":"product_cat-soin-yeux-cremes-yeux","8":"product_cat-hydro-cell-fr","9":"product_cat-monteil-fr","10":"product_cat-soin-des-yeux","11":"product_cat-beaute-soins-du-visage","12":"product_tag-monteil-fr","13":"pa_inhoud-15-ml-fr","14":"pa_inhoud-3-ml-fr","15":"pa_inhoud-testeur-3ml","16":"pa_inhoud-testeur-non-a-la-vente-15ml","17":"pa_inhoud-vente-15ml","19":"first","20":"instock","21":"taxable","22":"shipping-taxable","23":"product-type-variable"},"acf":[],"_links":{"self":[{"href":"https:\/\/sundar.be\/fr\/wp-json\/wp\/v2\/product\/23612","targetHints":{"allow":["GET"]}}],"collection":[{"href":"https:\/\/sundar.be\/fr\/wp-json\/wp\/v2\/product"}],"about":[{"href":"https:\/\/sundar.be\/fr\/wp-json\/wp\/v2\/types\/product"}],"replies":[{"embeddable":true,"href":"https:\/\/sundar.be\/fr\/wp-json\/wp\/v2\/comments?post=23612"}],"wp:featuredmedia":[{"embeddable":true,"href":"https:\/\/sundar.be\/fr\/wp-json\/wp\/v2\/media\/46484"}],"wp:attachment":[{"href":"https:\/\/sundar.be\/fr\/wp-json\/wp\/v2\/media?parent=23612"}],"wp:term":[{"taxonomy":"product_brand","embeddable":true,"href":"https:\/\/sundar.be\/fr\/wp-json\/wp\/v2\/product_brand?post=23612"},{"taxonomy":"product_cat","embeddable":true,"href":"https:\/\/sundar.be\/fr\/wp-json\/wp\/v2\/product_cat?post=23612"},{"taxonomy":"product_tag","embeddable":true,"href":"https:\/\/sundar.be\/fr\/wp-json\/wp\/v2\/product_tag?post=23612"}],"curies":[{"name":"wp","href":"https:\/\/api.w.org\/{rel}","templated":true}]}}