{"id":23581,"date":"2022-06-07T17:31:27","date_gmt":"2022-06-07T15:31:27","guid":{"rendered":"https:\/\/sundar.be\/product\/hydro-cell-pro-active-cleanser-fr\/"},"modified":"2025-12-08T12:08:04","modified_gmt":"2025-12-08T11:08:04","slug":"pro-active-cleanser","status":"publish","type":"product","link":"https:\/\/sundar.be\/fr\/produit\/pro-active-cleanser\/","title":{"rendered":"Monteil Pro Active Cleanser"},"content":{"rendered":"<p>Le<span style=\"color: #557e96;\"><strong data-start=\"247\" data-end=\"270\"> Pro Active Cleanser<\/strong><\/span> est une <span style=\"color: #557e96;\"><strong data-start=\"292\" data-end=\"310\">formule 2-en-1<\/strong><\/span> efficace qui nettoie et tonifie simultan\u00e9ment, id\u00e9ale pour une routine de soin rapide mais compl\u00e8te. Gr\u00e2ce \u00e0 une combinaison \u00e9quilibr\u00e9e de tensioactifs doux (coco-glucoside, lauryl glucoside, sodium coco-sulfate et cocamidopropyl betaine), ce nettoyant \u00e9limine efficacement maquillage, s\u00e9bum et impuret\u00e9s sans dess\u00e9cher la peau. Des ingr\u00e9dients hydratants et apaisants tels que le panth\u00e9nol, la glyc\u00e9rine, l\u2019allanto\u00efne et l\u2019ur\u00e9e procurent une sensation de confort, tandis que le lactate et la s\u00e9rine soutiennent l\u2019\u00e9quilibre naturel d\u2019hydratation de la peau. La peau est fra\u00eeche, nette et \u00e9quilibr\u00e9e apr\u00e8s usage \u2014 pr\u00eate pour les \u00e9tapes suivantes de la routine skincare.   <\/p>\n<p>&nbsp;<\/p>\n<p>&nbsp;<\/p>\n","protected":false},"excerpt":{"rendered":"<p>Un <span style=\"color: #557e96;\"><strong data-start=\"1033\" data-end=\"1061\">nettoyant et tonique 2-en-1 <\/strong><\/span>doux mais efficace qui purifie, rafra\u00eechit et hydrate la peau. Id\u00e9al pour une utilisation quotidienne et adapt\u00e9 \u00e0 presque tous les types de peau. <\/p>\n","protected":false},"featured_media":58142,"comment_status":"closed","ping_status":"closed","template":"","meta":{"_acf_changed":false},"product_brand":[],"product_cat":[2683,2693,4921,4920],"product_tag":[2716],"class_list":{"0":"post-23581","1":"product","2":"type-product","3":"status-publish","4":"has-post-thumbnail","6":"product_cat-monteil-fr","7":"product_cat-monteil-nettoyage-exfoliation","8":"product_cat-beaute-nettoyage-exfoliation","9":"product_cat-beaute-soins-du-visage","10":"product_tag-monteil-fr","11":"pa_inhoud-200-ml-fr","12":"pa_inhoud-3-ml-fr","13":"pa_inhoud-500-ml-fr","14":"pa_inhoud-cabine-500ml-fr","15":"pa_inhoud-testeur-3ml","16":"pa_inhoud-testeur-non-a-la-vente-200ml","17":"pa_inhoud-vente-200ml","19":"first","20":"instock","21":"taxable","22":"shipping-taxable","23":"product-type-variable"},"acf":[],"_links":{"self":[{"href":"https:\/\/sundar.be\/fr\/wp-json\/wp\/v2\/product\/23581","targetHints":{"allow":["GET"]}}],"collection":[{"href":"https:\/\/sundar.be\/fr\/wp-json\/wp\/v2\/product"}],"about":[{"href":"https:\/\/sundar.be\/fr\/wp-json\/wp\/v2\/types\/product"}],"replies":[{"embeddable":true,"href":"https:\/\/sundar.be\/fr\/wp-json\/wp\/v2\/comments?post=23581"}],"wp:featuredmedia":[{"embeddable":true,"href":"https:\/\/sundar.be\/fr\/wp-json\/wp\/v2\/media\/58142"}],"wp:attachment":[{"href":"https:\/\/sundar.be\/fr\/wp-json\/wp\/v2\/media?parent=23581"}],"wp:term":[{"taxonomy":"product_brand","embeddable":true,"href":"https:\/\/sundar.be\/fr\/wp-json\/wp\/v2\/product_brand?post=23581"},{"taxonomy":"product_cat","embeddable":true,"href":"https:\/\/sundar.be\/fr\/wp-json\/wp\/v2\/product_cat?post=23581"},{"taxonomy":"product_tag","embeddable":true,"href":"https:\/\/sundar.be\/fr\/wp-json\/wp\/v2\/product_tag?post=23581"}],"curies":[{"name":"wp","href":"https:\/\/api.w.org\/{rel}","templated":true}]}}