{"id":23387,"date":"2022-05-02T12:02:05","date_gmt":"2022-05-02T10:02:05","guid":{"rendered":"https:\/\/sundar.be\/product\/acrylic-sculpting-brush-exclusive-line-size-10-fr\/"},"modified":"2025-11-25T15:08:52","modified_gmt":"2025-11-25T14:08:52","slug":"acrylic-sculpting-brush-exclusive-line-size-10-fr","status":"publish","type":"product","link":"https:\/\/sundar.be\/fr\/produit\/acrylic-sculpting-brush-exclusive-line-size-10-fr\/","title":{"rendered":"LCN Acrylic Sculpting Brush, exclusive Line (size 10)"},"content":{"rendered":"<p>Pinceau en poils synth\u00e9tiques v\u00e9g\u00e9taliens de haute qualit\u00e9 avec un manche exclusif laqu\u00e9 noir pour l&rsquo;application du syst\u00e8me poudre-liquide.<\/p>\n","protected":false},"excerpt":{"rendered":"<p>Pinceau en poils synth\u00e9tiques v\u00e9g\u00e9taliens de haute qualit\u00e9 avec un manche exclusif laqu\u00e9 noir pour l&rsquo;application du syst\u00e8me poudre-liquide.<\/p>\n","protected":false},"featured_media":26099,"comment_status":"closed","ping_status":"closed","template":"","meta":{"_acf_changed":false},"product_brand":[],"product_cat":[4936,1532,4949,1533,5010,5618,4761],"product_tag":[2715],"class_list":{"0":"post-23387","1":"product","2":"type-product","3":"status-publish","4":"has-post-thumbnail","6":"product_cat-lcn-fr","7":"product_cat-materiels","8":"product_cat-lcn-ongles-artificiels","9":"product_cat-pinceaux","10":"product_cat-manucure-pinceaux","11":"product_cat-pinceaux-acryl","12":"product_cat-pose-ongles","13":"product_tag-lcn-fr","15":"first","16":"instock","17":"taxable","18":"shipping-taxable","19":"product-type-simple"},"acf":[],"_links":{"self":[{"href":"https:\/\/sundar.be\/fr\/wp-json\/wp\/v2\/product\/23387","targetHints":{"allow":["GET"]}}],"collection":[{"href":"https:\/\/sundar.be\/fr\/wp-json\/wp\/v2\/product"}],"about":[{"href":"https:\/\/sundar.be\/fr\/wp-json\/wp\/v2\/types\/product"}],"replies":[{"embeddable":true,"href":"https:\/\/sundar.be\/fr\/wp-json\/wp\/v2\/comments?post=23387"}],"wp:featuredmedia":[{"embeddable":true,"href":"https:\/\/sundar.be\/fr\/wp-json\/wp\/v2\/media\/26099"}],"wp:attachment":[{"href":"https:\/\/sundar.be\/fr\/wp-json\/wp\/v2\/media?parent=23387"}],"wp:term":[{"taxonomy":"product_brand","embeddable":true,"href":"https:\/\/sundar.be\/fr\/wp-json\/wp\/v2\/product_brand?post=23387"},{"taxonomy":"product_cat","embeddable":true,"href":"https:\/\/sundar.be\/fr\/wp-json\/wp\/v2\/product_cat?post=23387"},{"taxonomy":"product_tag","embeddable":true,"href":"https:\/\/sundar.be\/fr\/wp-json\/wp\/v2\/product_tag?post=23387"}],"curies":[{"name":"wp","href":"https:\/\/api.w.org\/{rel}","templated":true}]}}