{"id":23377,"date":"2022-05-02T11:49:09","date_gmt":"2022-05-02T09:49:09","guid":{"rendered":"https:\/\/sundar.be\/product\/coco-scrub-fr\/"},"modified":"2025-11-25T15:08:49","modified_gmt":"2025-11-25T14:08:49","slug":"coco-scrub-fr","status":"publish","type":"product","link":"https:\/\/sundar.be\/fr\/produit\/coco-scrub-fr\/","title":{"rendered":"LCN Coco Scrub"},"content":{"rendered":"<p><strong>Coco Scrub<\/strong> est un gommage pour les pieds d\u2019origine naturelle qui \u00e9limine efficacement les cellules mortes et les zones rugueuses pour des pieds imm\u00e9diatement plus doux et plus lisses. Sa texture cr\u00e9meuse, enrichie en particules de coque de coco finement moulues, exfolie sans irriter et laisse une sensation de confort, de fra\u00eecheur et de soin. <\/p>\n<p>&nbsp;<\/p>\n","protected":false},"excerpt":{"rendered":"<p data-start=\"330\" data-end=\"562\">Ce gommage pour les pieds \u00e9limine en douceur mais efficacement les callosit\u00e9s et la peau s\u00e8che pour retrouver des pieds lisses et doux. Id\u00e9al comme soin hebdomadaire ou avant une p\u00e9dicure. <\/p>\n<p data-start=\"564\" data-end=\"728\">\n","protected":false},"featured_media":23376,"comment_status":"closed","ping_status":"closed","template":"","meta":{"_acf_changed":false},"product_brand":[],"product_cat":[1431,4755,1427],"product_tag":[2715],"class_list":{"0":"post-23377","1":"product","2":"type-product","3":"status-publish","4":"has-post-thumbnail","6":"product_cat-lavage-exfoliation-soin-pour-les-pieds","7":"product_cat-pedicure","8":"product_cat-lcn-soin-de-pieds","9":"product_tag-lcn-fr","10":"pa_inhoud-100-ml-fr","11":"pa_inhoud-300-ml-fr","13":"first","14":"instock","15":"taxable","16":"shipping-taxable","17":"product-type-variable"},"acf":[],"_links":{"self":[{"href":"https:\/\/sundar.be\/fr\/wp-json\/wp\/v2\/product\/23377","targetHints":{"allow":["GET"]}}],"collection":[{"href":"https:\/\/sundar.be\/fr\/wp-json\/wp\/v2\/product"}],"about":[{"href":"https:\/\/sundar.be\/fr\/wp-json\/wp\/v2\/types\/product"}],"replies":[{"embeddable":true,"href":"https:\/\/sundar.be\/fr\/wp-json\/wp\/v2\/comments?post=23377"}],"wp:featuredmedia":[{"embeddable":true,"href":"https:\/\/sundar.be\/fr\/wp-json\/wp\/v2\/media\/23376"}],"wp:attachment":[{"href":"https:\/\/sundar.be\/fr\/wp-json\/wp\/v2\/media?parent=23377"}],"wp:term":[{"taxonomy":"product_brand","embeddable":true,"href":"https:\/\/sundar.be\/fr\/wp-json\/wp\/v2\/product_brand?post=23377"},{"taxonomy":"product_cat","embeddable":true,"href":"https:\/\/sundar.be\/fr\/wp-json\/wp\/v2\/product_cat?post=23377"},{"taxonomy":"product_tag","embeddable":true,"href":"https:\/\/sundar.be\/fr\/wp-json\/wp\/v2\/product_tag?post=23377"}],"curies":[{"name":"wp","href":"https:\/\/api.w.org\/{rel}","templated":true}]}}