{"id":22919,"date":"2022-03-30T11:16:13","date_gmt":"2022-03-30T09:16:13","guid":{"rendered":"https:\/\/sundar.be\/product\/pedi-polish-8ml-fr\/"},"modified":"2025-11-25T15:08:41","modified_gmt":"2025-11-25T14:08:41","slug":"pedi-polish-8ml-fr","status":"publish","type":"product","link":"https:\/\/sundar.be\/fr\/produit\/pedi-polish-8ml-fr\/","title":{"rendered":"LCN Pedi Polish, 8ml"},"content":{"rendered":"<p>Le syst\u00e8me de vernis sans TPO facile \u00e0 utiliser, sp\u00e9cialement con\u00e7u pour les besoins vari\u00e9s des ongles des orteils, destin\u00e9 aux podologues et aux p\u00e9dicures esth\u00e9tiques. Super facile \u00e0 appliquer, brillance \u00e9clatante, reste en place jusqu&rsquo;\u00e0 4 semaines et s&rsquo;enl\u00e8ve facilement. Garantie de gel \u00e0 100 % !<\/p>\n","protected":false},"excerpt":{"rendered":"<p>Le syst\u00e8me de vernis facile pour les podologues et les p\u00e9dicures esth\u00e9tiques, sp\u00e9cialement con\u00e7u pour les besoins polyvalents des ongles de pied.<\/p>\n","protected":false},"featured_media":26738,"comment_status":"closed","ping_status":"closed","template":"","meta":{"_acf_changed":false},"product_brand":[],"product_cat":[2630,4755,1427],"product_tag":[2715],"class_list":{"0":"post-22919","1":"product","2":"type-product","3":"status-publish","4":"has-post-thumbnail","6":"product_cat-pedi-polish-foot-care-fr","7":"product_cat-pedicure","8":"product_cat-lcn-soin-de-pieds","9":"product_tag-lcn-fr","10":"pa_kleur-1-clear","11":"pa_kleur-10-i-love-purple-grapes","12":"pa_kleur-11-pink-up-the-party","13":"pa_kleur-12-chocolate-for-dessert","14":"pa_kleur-13-living-my-powder-dreams","15":"pa_kleur-14-cant-help-it-i-love-it","16":"pa_kleur-15-dragonfruit","17":"pa_kleur-16-grapefruit","18":"pa_kleur-17-taupe","19":"pa_kleur-18-navy-blue","20":"pa_kleur-19-dark-cherry","21":"pa_kleur-2-will-you-be-my-valentine","22":"pa_kleur-3-seduction-in-black-cherry","23":"pa_kleur-4-did-you-see-cupid","24":"pa_kleur-5-the-thing-about-love","25":"pa_kleur-6-check-out-the-mountain-hare","26":"pa_kleur-7-cover-me-in-diamonds","27":"pa_kleur-8-sweet-side-of-life","28":"pa_kleur-9-call-me-a-ballerina","29":"pa_kleur-ne1-neon-papaya-blaze","30":"pa_kleur-ne2-neon-grapefruit-glow","31":"pa_kleur-ne3-neon-cosmic-guava","32":"pa_kleur-ne4-neon-dragon-punch","33":"pa_kleur-ne5-neon-grape-crush","34":"pa_kleur-ne6-neon-blueberry-flash","36":"first","37":"instock","38":"taxable","39":"shipping-taxable","40":"product-type-variable"},"acf":[],"_links":{"self":[{"href":"https:\/\/sundar.be\/fr\/wp-json\/wp\/v2\/product\/22919","targetHints":{"allow":["GET"]}}],"collection":[{"href":"https:\/\/sundar.be\/fr\/wp-json\/wp\/v2\/product"}],"about":[{"href":"https:\/\/sundar.be\/fr\/wp-json\/wp\/v2\/types\/product"}],"replies":[{"embeddable":true,"href":"https:\/\/sundar.be\/fr\/wp-json\/wp\/v2\/comments?post=22919"}],"wp:featuredmedia":[{"embeddable":true,"href":"https:\/\/sundar.be\/fr\/wp-json\/wp\/v2\/media\/26738"}],"wp:attachment":[{"href":"https:\/\/sundar.be\/fr\/wp-json\/wp\/v2\/media?parent=22919"}],"wp:term":[{"taxonomy":"product_brand","embeddable":true,"href":"https:\/\/sundar.be\/fr\/wp-json\/wp\/v2\/product_brand?post=22919"},{"taxonomy":"product_cat","embeddable":true,"href":"https:\/\/sundar.be\/fr\/wp-json\/wp\/v2\/product_cat?post=22919"},{"taxonomy":"product_tag","embeddable":true,"href":"https:\/\/sundar.be\/fr\/wp-json\/wp\/v2\/product_tag?post=22919"}],"curies":[{"name":"wp","href":"https:\/\/api.w.org\/{rel}","templated":true}]}}