{"id":22855,"date":"2022-03-25T16:18:50","date_gmt":"2022-03-25T15:18:50","guid":{"rendered":"https:\/\/sundar.be\/product\/mykosept-foot-guard-100ml-fr\/"},"modified":"2025-11-25T15:24:23","modified_gmt":"2025-11-25T14:24:23","slug":"mykosept-foot-guard-100ml-fr","status":"publish","type":"product","link":"https:\/\/sundar.be\/fr\/produit\/mykosept-foot-guard-100ml-fr\/","title":{"rendered":"LCN Mykosept Foot Guard, 100ml"},"content":{"rendered":"<p><span style=\"color: #466b69;\"><strong>Mykosept Foot Guard<\/strong><\/span> est une cr\u00e8me protectrice et nourrissante pour les pieds qui prend soin de la peau en profondeur et aide \u00e0 renforcer la d\u00e9fense naturelle des pieds. Sa formule associe des beurres et des huiles v\u00e9g\u00e9tales riches \u00e0 des ingr\u00e9dients r\u00e9parateurs et purifiants pour rendre les pieds secs, sensibles ou sujets \u00e0 la transpiration plus doux, confortables et frais. <\/p>\n<p>&nbsp;<\/p>\n","protected":false},"excerpt":{"rendered":"<p>Mykosept Foot Guard hydrate et adoucit la peau des pieds tout en soutenant la protection naturelle de l\u2019\u00e9piderme. La cr\u00e8me r\u00e9duit l\u2019inconfort, nourrit intens\u00e9ment et offre une sensation durable de fra\u00eecheur et de confort. <\/p>\n","protected":false},"featured_media":27064,"comment_status":"closed","ping_status":"closed","template":"","meta":{"_acf_changed":false},"product_brand":[],"product_cat":[1432,4755,1436,1427],"product_tag":[2715],"class_list":{"0":"post-22855","1":"product","2":"type-product","3":"status-publish","4":"has-post-thumbnail","6":"product_cat-cremes-pour-les-pieds","7":"product_cat-pedicure","8":"product_cat-produits-speciaux","9":"product_cat-lcn-soin-de-pieds","10":"product_tag-lcn-fr","12":"first","13":"instock","14":"taxable","15":"shipping-taxable","16":"product-type-simple"},"acf":[],"_links":{"self":[{"href":"https:\/\/sundar.be\/fr\/wp-json\/wp\/v2\/product\/22855","targetHints":{"allow":["GET"]}}],"collection":[{"href":"https:\/\/sundar.be\/fr\/wp-json\/wp\/v2\/product"}],"about":[{"href":"https:\/\/sundar.be\/fr\/wp-json\/wp\/v2\/types\/product"}],"replies":[{"embeddable":true,"href":"https:\/\/sundar.be\/fr\/wp-json\/wp\/v2\/comments?post=22855"}],"wp:featuredmedia":[{"embeddable":true,"href":"https:\/\/sundar.be\/fr\/wp-json\/wp\/v2\/media\/27064"}],"wp:attachment":[{"href":"https:\/\/sundar.be\/fr\/wp-json\/wp\/v2\/media?parent=22855"}],"wp:term":[{"taxonomy":"product_brand","embeddable":true,"href":"https:\/\/sundar.be\/fr\/wp-json\/wp\/v2\/product_brand?post=22855"},{"taxonomy":"product_cat","embeddable":true,"href":"https:\/\/sundar.be\/fr\/wp-json\/wp\/v2\/product_cat?post=22855"},{"taxonomy":"product_tag","embeddable":true,"href":"https:\/\/sundar.be\/fr\/wp-json\/wp\/v2\/product_tag?post=22855"}],"curies":[{"name":"wp","href":"https:\/\/api.w.org\/{rel}","templated":true}]}}