{"id":22836,"date":"2022-03-23T13:00:04","date_gmt":"2022-03-23T12:00:04","guid":{"rendered":"https:\/\/sundar.be\/product\/36-point-needles-for-micro-needling-mobile-pen-10pcs-fr\/"},"modified":"2025-03-13T19:49:32","modified_gmt":"2025-03-13T18:49:32","slug":"36-point-needles-for-micro-needling-mobile-pen-10pcs","status":"publish","type":"product","link":"https:\/\/sundar.be\/fr\/produit\/36-point-needles-for-micro-needling-mobile-pen-10pcs\/","title":{"rendered":"36-point Needles for Micro Needling Mobile Pen (10pcs)"},"content":{"rendered":"<p>LCN propose d\u00e9sormais des aiguilles \u00e0 36 pointes pour le stylo mobile de micro-aiguilletage, en plus des aiguilles \u00e0 12 pointes.<\/p>\n<ul>\n<li>Chacune des 36 aiguilles en acier inoxydable a un diam\u00e8tre de seulement 0,25 mm. Par rapport aux aiguilles \u00e0 12 pointes, qui ont un diam\u00e8tre de 0,3 mm, la profondeur de p\u00e9n\u00e9tration des aiguilles de calibre 36 est l\u00e9g\u00e8rement inf\u00e9rieure.<\/li>\n<li>D&rsquo;autre part, la plus grande densit\u00e9 des aiguilles permet un traitement plus intensif de la zone cutan\u00e9e \u00e0 traiter.<\/li>\n<li>Gr\u00e2ce \u00e0 la m\u00e9thode tr\u00e8s douce, les aiguilles \u00e0 36 pointes conviennent particuli\u00e8rement aux peaux sensibles.<\/li>\n<li>Unit\u00e9 d&#8217;emballage : 10 pi\u00e8ces<\/li>\n<\/ul>\n<p>&nbsp;<\/p>\n","protected":false},"excerpt":{"rendered":"<p>LCN propose d\u00e9sormais des aiguilles \u00e0 36 pointes pour le stylo mobile de micro-aiguilletage, en plus des aiguilles \u00e0 12 pointes. Chacune des 36 aiguilles en acier inoxydable a un diam\u00e8tre de seulement 0,25 mm. Par rapport aux aiguilles \u00e0 12 pointes, qui ont un diam\u00e8tre de 0,3 mm, la profondeur de p\u00e9n\u00e9tration des aiguilles [&hellip;]<\/p>\n","protected":false},"featured_media":22835,"comment_status":"closed","ping_status":"closed","template":"","meta":{"_acf_changed":false},"product_brand":[],"product_cat":[2622],"product_tag":[2715],"class_list":{"0":"post-22836","1":"product","2":"type-product","3":"status-publish","4":"has-post-thumbnail","6":"product_cat-microneedling-fr","7":"product_tag-lcn-fr","9":"first","10":"instock","11":"taxable","12":"shipping-taxable","13":"product-type-simple"},"acf":[],"_links":{"self":[{"href":"https:\/\/sundar.be\/fr\/wp-json\/wp\/v2\/product\/22836","targetHints":{"allow":["GET"]}}],"collection":[{"href":"https:\/\/sundar.be\/fr\/wp-json\/wp\/v2\/product"}],"about":[{"href":"https:\/\/sundar.be\/fr\/wp-json\/wp\/v2\/types\/product"}],"replies":[{"embeddable":true,"href":"https:\/\/sundar.be\/fr\/wp-json\/wp\/v2\/comments?post=22836"}],"wp:featuredmedia":[{"embeddable":true,"href":"https:\/\/sundar.be\/fr\/wp-json\/wp\/v2\/media\/22835"}],"wp:attachment":[{"href":"https:\/\/sundar.be\/fr\/wp-json\/wp\/v2\/media?parent=22836"}],"wp:term":[{"taxonomy":"product_brand","embeddable":true,"href":"https:\/\/sundar.be\/fr\/wp-json\/wp\/v2\/product_brand?post=22836"},{"taxonomy":"product_cat","embeddable":true,"href":"https:\/\/sundar.be\/fr\/wp-json\/wp\/v2\/product_cat?post=22836"},{"taxonomy":"product_tag","embeddable":true,"href":"https:\/\/sundar.be\/fr\/wp-json\/wp\/v2\/product_tag?post=22836"}],"curies":[{"name":"wp","href":"https:\/\/api.w.org\/{rel}","templated":true}]}}