{"id":22111,"date":"2022-01-18T17:30:12","date_gmt":"2022-01-18T16:30:12","guid":{"rendered":"https:\/\/sundar.be\/product\/pastell-base-gel-10-ml-fr\/"},"modified":"2025-11-25T15:24:34","modified_gmt":"2025-11-25T14:24:34","slug":"pastel-base-gel-10-ml-fr","status":"publish","type":"product","link":"https:\/\/sundar.be\/fr\/produit\/pastel-base-gel-10-ml-fr\/","title":{"rendered":"LCN Pastel Base Gel, 10 ml"},"content":{"rendered":"<p>Le gel de base Pastel constitue la base parfaite pour les couleurs claires, les tons pastel et les couleurs cr\u00e8me. Pour un r\u00e9sultat homog\u00e8ne !<\/p>\n<p>&nbsp;<\/p>\n","protected":false},"excerpt":{"rendered":"<p>Une base sans TPO \u00e0 appliquer avant la pose d\u2019une couleur claire sur l\u2019ongle construit.<\/p>\n","protected":false},"featured_media":22110,"comment_status":"closed","ping_status":"closed","template":"","meta":{"_acf_changed":false},"product_brand":[],"product_cat":[4951,4936,4949,4962],"product_tag":[2715],"class_list":{"0":"post-22111","1":"product","2":"type-product","3":"status-publish","4":"has-post-thumbnail","6":"product_cat-lcn-ongles-artificiels-gels-uv-premium","7":"product_cat-lcn-fr","8":"product_cat-lcn-ongles-artificiels","9":"product_cat-lcn-gels-uv-prof-primer","10":"product_tag-lcn-fr","12":"first","13":"instock","14":"taxable","15":"shipping-taxable","16":"product-type-simple"},"acf":[],"_links":{"self":[{"href":"https:\/\/sundar.be\/fr\/wp-json\/wp\/v2\/product\/22111","targetHints":{"allow":["GET"]}}],"collection":[{"href":"https:\/\/sundar.be\/fr\/wp-json\/wp\/v2\/product"}],"about":[{"href":"https:\/\/sundar.be\/fr\/wp-json\/wp\/v2\/types\/product"}],"replies":[{"embeddable":true,"href":"https:\/\/sundar.be\/fr\/wp-json\/wp\/v2\/comments?post=22111"}],"wp:featuredmedia":[{"embeddable":true,"href":"https:\/\/sundar.be\/fr\/wp-json\/wp\/v2\/media\/22110"}],"wp:attachment":[{"href":"https:\/\/sundar.be\/fr\/wp-json\/wp\/v2\/media?parent=22111"}],"wp:term":[{"taxonomy":"product_brand","embeddable":true,"href":"https:\/\/sundar.be\/fr\/wp-json\/wp\/v2\/product_brand?post=22111"},{"taxonomy":"product_cat","embeddable":true,"href":"https:\/\/sundar.be\/fr\/wp-json\/wp\/v2\/product_cat?post=22111"},{"taxonomy":"product_tag","embeddable":true,"href":"https:\/\/sundar.be\/fr\/wp-json\/wp\/v2\/product_tag?post=22111"}],"curies":[{"name":"wp","href":"https:\/\/api.w.org\/{rel}","templated":true}]}}