{"id":21423,"date":"2021-11-29T16:53:33","date_gmt":"2021-11-29T15:53:33","guid":{"rendered":"https:\/\/sundar.be\/product\/waste-container-pmu\/"},"modified":"2025-03-13T19:49:39","modified_gmt":"2025-03-13T18:49:39","slug":"waste-container-pmu","status":"publish","type":"product","link":"https:\/\/sundar.be\/fr\/produit\/waste-container-pmu\/","title":{"rendered":"R\u00e9cipient \u00e0 d\u00e9chets pour les aiguilles"},"content":{"rendered":"<p>R\u00e9cipient \u00e0 d\u00e9chets pour aiguilles et modules usag\u00e9s Capacit\u00e9 de remplissage : 0,5 litre<\/p>\n","protected":false},"excerpt":{"rendered":"<p>R\u00e9cipient \u00e0 d\u00e9chets pour aiguilles et modules usag\u00e9s Capacit\u00e9 de remplissage : 0,5 litre<\/p>\n","protected":false},"featured_media":44007,"comment_status":"closed","ping_status":"closed","template":"","meta":{"_acf_changed":false},"product_brand":[],"product_cat":[1446,4765,4137],"product_tag":[2715],"class_list":{"0":"post-21423","1":"product","2":"type-product","3":"status-publish","4":"has-post-thumbnail","6":"product_cat-hygiene-desinfection-fr","7":"product_cat-matriel-de-pratique","8":"product_cat-nettoyage-produits-usage-unique","9":"product_tag-lcn-fr","11":"first","12":"instock","13":"taxable","14":"shipping-taxable","15":"product-type-simple"},"acf":[],"_links":{"self":[{"href":"https:\/\/sundar.be\/fr\/wp-json\/wp\/v2\/product\/21423","targetHints":{"allow":["GET"]}}],"collection":[{"href":"https:\/\/sundar.be\/fr\/wp-json\/wp\/v2\/product"}],"about":[{"href":"https:\/\/sundar.be\/fr\/wp-json\/wp\/v2\/types\/product"}],"replies":[{"embeddable":true,"href":"https:\/\/sundar.be\/fr\/wp-json\/wp\/v2\/comments?post=21423"}],"wp:featuredmedia":[{"embeddable":true,"href":"https:\/\/sundar.be\/fr\/wp-json\/wp\/v2\/media\/44007"}],"wp:attachment":[{"href":"https:\/\/sundar.be\/fr\/wp-json\/wp\/v2\/media?parent=21423"}],"wp:term":[{"taxonomy":"product_brand","embeddable":true,"href":"https:\/\/sundar.be\/fr\/wp-json\/wp\/v2\/product_brand?post=21423"},{"taxonomy":"product_cat","embeddable":true,"href":"https:\/\/sundar.be\/fr\/wp-json\/wp\/v2\/product_cat?post=21423"},{"taxonomy":"product_tag","embeddable":true,"href":"https:\/\/sundar.be\/fr\/wp-json\/wp\/v2\/product_tag?post=21423"}],"curies":[{"name":"wp","href":"https:\/\/api.w.org\/{rel}","templated":true}]}}