{"id":21329,"date":"2021-11-28T14:57:42","date_gmt":"2021-11-28T13:57:42","guid":{"rendered":"https:\/\/sundar.be\/product\/extreme-wow-effect-volume-mascara\/"},"modified":"2025-12-18T09:16:45","modified_gmt":"2025-12-18T08:16:45","slug":"extreme-wow-effect-volume-mascara","status":"publish","type":"product","link":"https:\/\/sundar.be\/fr\/produit\/extreme-wow-effect-volume-mascara\/","title":{"rendered":"LCN Extreme WOW Effect Volume Mascara"},"content":{"rendered":"<p>R\u00e9compens\u00e9 par le Beauty Forum <strong>\u00ab\u00a0Readers Choice Award 2017\u00a0\u00bb<\/strong> dans la cat\u00e9gorie Cosm\u00e9tique d\u00e9corative.<\/p>\n<p>D\u00e9couvrez le \u00ab\u00a0Mascara Volume Extreme WOW Effect\u00a0\u00bb avec une formule innovante contenant des ingr\u00e9dients actifs et une brosse sp\u00e9ciale pour des cils radieusement fournis ! Le mascara offre un \u00ab\u00a0Volume WOW Effect\u00a0\u00bb extr\u00eame et cr\u00e9e des cils luxueux, \u00e9pais, longs et recourb\u00e9s avec un effet brillant. La forme sp\u00e9cialement con\u00e7ue de la brosse assure un dosage parfait du produit, tandis que les poils plus petits \u00e0 l&rsquo;extr\u00e9mit\u00e9 permettent d&rsquo;atteindre m\u00eame les plus petits poils des cils.<\/p>\n<p>La combinaison exclusive de son de riz, de cire de carnauba et de cire de candelilla allonge et \u00e9paissit les cils. Les fortes propri\u00e9t\u00e9s filmog\u00e8nes pr\u00e9servent la longueur et les boucles. Le film naturel autour de chaque cil est visible, ce qui donne l&rsquo;impression que les cils sont plus longs et plus fournis.<\/p>\n<p>&nbsp;<\/p>\n","protected":false},"excerpt":{"rendered":"<p>Mascara volume<\/p>\n","protected":false},"featured_media":21328,"comment_status":"closed","ping_status":"closed","template":"","meta":{"_acf_changed":false},"product_brand":[],"product_cat":[4767,6229,4936,1461,6232,5805,4907,5058],"product_tag":[2715],"class_list":{"0":"post-21329","1":"product","2":"type-product","3":"status-publish","4":"has-post-thumbnail","6":"product_cat-beaute","7":"product_cat-lcn-soins-highlights","8":"product_cat-lcn-fr","9":"product_cat-maquillage","10":"product_cat-lcn-soins-highlights-mascara","11":"product_cat-mascara-fr","12":"product_cat-soins","13":"product_cat-webshop-fr","14":"product_tag-lcn-fr","16":"first","17":"instock","18":"taxable","19":"shipping-taxable","20":"product-type-simple"},"acf":[],"_links":{"self":[{"href":"https:\/\/sundar.be\/fr\/wp-json\/wp\/v2\/product\/21329","targetHints":{"allow":["GET"]}}],"collection":[{"href":"https:\/\/sundar.be\/fr\/wp-json\/wp\/v2\/product"}],"about":[{"href":"https:\/\/sundar.be\/fr\/wp-json\/wp\/v2\/types\/product"}],"replies":[{"embeddable":true,"href":"https:\/\/sundar.be\/fr\/wp-json\/wp\/v2\/comments?post=21329"}],"wp:featuredmedia":[{"embeddable":true,"href":"https:\/\/sundar.be\/fr\/wp-json\/wp\/v2\/media\/21328"}],"wp:attachment":[{"href":"https:\/\/sundar.be\/fr\/wp-json\/wp\/v2\/media?parent=21329"}],"wp:term":[{"taxonomy":"product_brand","embeddable":true,"href":"https:\/\/sundar.be\/fr\/wp-json\/wp\/v2\/product_brand?post=21329"},{"taxonomy":"product_cat","embeddable":true,"href":"https:\/\/sundar.be\/fr\/wp-json\/wp\/v2\/product_cat?post=21329"},{"taxonomy":"product_tag","embeddable":true,"href":"https:\/\/sundar.be\/fr\/wp-json\/wp\/v2\/product_tag?post=21329"}],"curies":[{"name":"wp","href":"https:\/\/api.w.org\/{rel}","templated":true}]}}