{"id":21089,"date":"2021-10-26T10:39:28","date_gmt":"2021-10-26T08:39:28","guid":{"rendered":"https:\/\/sundar.be\/product\/nano-needling-bit-round\/"},"modified":"2025-11-25T15:24:18","modified_gmt":"2025-11-25T14:24:18","slug":"nano-needling-bit-round","status":"publish","type":"product","link":"https:\/\/sundar.be\/fr\/produit\/nano-needling-bit-round\/","title":{"rendered":"LCN Nano-needling bit \u00ab\u00a0round\u00a0\u00bb"},"content":{"rendered":"<p>Le Nano-Needling Bit Round est un accessoire de nano-aiguillage pour le 2in1 Artist Pen et le Mobile Needling Pen. L&#8217;embout rond convient aux zones plus larges du visage et du d\u00e9collet\u00e9. Cet accessoire permet de faire p\u00e9n\u00e9trer en douceur les s\u00e9rums Even Skin Glow dans la peau par des mouvements circulaires. La nano-aiguille est utilis\u00e9e pour am\u00e9liorer la surface de la peau et, en combinaison avec la micro-aiguille, elle permet d&rsquo;obtenir des r\u00e9sultats anti-\u00e2ge parfaits.<\/p>\n<p>&nbsp;<\/p>\n","protected":false},"excerpt":{"rendered":"<p>Attachement nano rond pour le 2in1 Artist Pen en Mobile Needling Pen.<\/p>\n","protected":false},"featured_media":18947,"comment_status":"closed","ping_status":"closed","template":"","meta":{"_acf_changed":false},"product_brand":[],"product_cat":[2187],"product_tag":[2715],"class_list":{"0":"post-21089","1":"product","2":"type-product","3":"status-publish","4":"has-post-thumbnail","6":"product_cat-even-skin-glow-fr-fr","7":"product_tag-lcn-fr","9":"first","10":"instock","11":"taxable","12":"shipping-taxable","13":"product-type-simple"},"acf":[],"_links":{"self":[{"href":"https:\/\/sundar.be\/fr\/wp-json\/wp\/v2\/product\/21089","targetHints":{"allow":["GET"]}}],"collection":[{"href":"https:\/\/sundar.be\/fr\/wp-json\/wp\/v2\/product"}],"about":[{"href":"https:\/\/sundar.be\/fr\/wp-json\/wp\/v2\/types\/product"}],"replies":[{"embeddable":true,"href":"https:\/\/sundar.be\/fr\/wp-json\/wp\/v2\/comments?post=21089"}],"wp:featuredmedia":[{"embeddable":true,"href":"https:\/\/sundar.be\/fr\/wp-json\/wp\/v2\/media\/18947"}],"wp:attachment":[{"href":"https:\/\/sundar.be\/fr\/wp-json\/wp\/v2\/media?parent=21089"}],"wp:term":[{"taxonomy":"product_brand","embeddable":true,"href":"https:\/\/sundar.be\/fr\/wp-json\/wp\/v2\/product_brand?post=21089"},{"taxonomy":"product_cat","embeddable":true,"href":"https:\/\/sundar.be\/fr\/wp-json\/wp\/v2\/product_cat?post=21089"},{"taxonomy":"product_tag","embeddable":true,"href":"https:\/\/sundar.be\/fr\/wp-json\/wp\/v2\/product_tag?post=21089"}],"curies":[{"name":"wp","href":"https:\/\/api.w.org\/{rel}","templated":true}]}}