{"id":20784,"date":"2021-11-18T20:55:31","date_gmt":"2021-11-18T19:55:31","guid":{"rendered":"https:\/\/sundar.be\/product\/wow-hybrid-gel-top-coat-super-fast\/"},"modified":"2025-11-25T15:24:26","modified_gmt":"2025-11-25T14:24:26","slug":"wow-hybrid-gel-top-coat-super-fast","status":"publish","type":"product","link":"https:\/\/sundar.be\/fr\/produit\/wow-hybrid-gel-top-coat-super-fast\/","title":{"rendered":"LCN WOW Hybrid Gel Top Coat 8ml \u00ab\u00a0super fast\u00a0\u00bb"},"content":{"rendered":"<p>Le Top Coat le plus vendu avec l&rsquo;effet gel repulpant a \u00e9t\u00e9 optimis\u00e9 : Quelles sont les nouveaut\u00e9s ? Le meilleur top coat de tous les temps s\u00e8che d\u00e9sormais encore plus vite, donne encore plus de brillance et prolonge sa dur\u00e9e de vie !<\/p>\n<p>D\u00e9couvrez le syst\u00e8me WOW Hybrid Gel Nail Polish de LCN &#8211; sans appareil d&rsquo;\u00e9clairage ! Des ongles parfaitement polis jusqu&rsquo;\u00e0 10 jours. Ce syst\u00e8me offre des couleurs intens\u00e9ment lumineuses, une texture repulpante \u00e9quilibrante et une tenue longue dur\u00e9e.<\/p>\n<p>Le Top Coat WOW Hybrid Gel Polish donne un r\u00e9sultat ultra-brillant et prolonge la dur\u00e9e de vie de la couleur. Vous pouvez prolonger la dur\u00e9e de vie et la brillance en appliquant la couche de finition tous les deux jours.<\/p>\n<p><strong>Qu&rsquo;est-ce que le gel hybride ?<\/strong><\/p>\n<p>Ce syst\u00e8me combine les avantages du vernis \u00e0 ongles et du vernis \u00e0 ongles UV. Les syst\u00e8mes de gel hybride ont un temps de s\u00e9chage plus rapide que les vernis \u00e0 ongles conventionnels, offrent une dur\u00e9e de conservation plus longue et permettent d&rsquo;obtenir des r\u00e9sultats brillants sans aucun \u00e9quipement UV ou LED. Une caract\u00e9ristique particuli\u00e8re est la technologie sp\u00e9ciale de la lumi\u00e8re UV, d&rsquo;o\u00f9 les bouteilles prot\u00e9g\u00e9es de la lumi\u00e8re. La texture permet au vernis \u00e0 ongles de durcir au fil du temps lorsqu&rsquo;il est expos\u00e9 \u00e0 la lumi\u00e8re du jour.<\/p>\n","protected":false},"excerpt":{"rendered":"<p>Top Coat pour le syst\u00e8me WOW Hybrid Gel Polish.<\/p>\n","protected":false},"featured_media":20783,"comment_status":"closed","ping_status":"closed","template":"","meta":{"_acf_changed":false},"product_brand":[],"product_cat":[4936,4952,4958],"product_tag":[2715],"class_list":{"0":"post-20784","1":"product","2":"type-product","3":"status-publish","4":"has-post-thumbnail","6":"product_cat-lcn-fr","7":"product_cat-lcn-systemes-de-couleur","8":"product_cat-lcn-systemes-de-couleur-wow","9":"product_tag-lcn-fr","11":"first","12":"instock","13":"taxable","14":"shipping-taxable","15":"product-type-simple"},"acf":[],"_links":{"self":[{"href":"https:\/\/sundar.be\/fr\/wp-json\/wp\/v2\/product\/20784","targetHints":{"allow":["GET"]}}],"collection":[{"href":"https:\/\/sundar.be\/fr\/wp-json\/wp\/v2\/product"}],"about":[{"href":"https:\/\/sundar.be\/fr\/wp-json\/wp\/v2\/types\/product"}],"replies":[{"embeddable":true,"href":"https:\/\/sundar.be\/fr\/wp-json\/wp\/v2\/comments?post=20784"}],"wp:featuredmedia":[{"embeddable":true,"href":"https:\/\/sundar.be\/fr\/wp-json\/wp\/v2\/media\/20783"}],"wp:attachment":[{"href":"https:\/\/sundar.be\/fr\/wp-json\/wp\/v2\/media?parent=20784"}],"wp:term":[{"taxonomy":"product_brand","embeddable":true,"href":"https:\/\/sundar.be\/fr\/wp-json\/wp\/v2\/product_brand?post=20784"},{"taxonomy":"product_cat","embeddable":true,"href":"https:\/\/sundar.be\/fr\/wp-json\/wp\/v2\/product_cat?post=20784"},{"taxonomy":"product_tag","embeddable":true,"href":"https:\/\/sundar.be\/fr\/wp-json\/wp\/v2\/product_tag?post=20784"}],"curies":[{"name":"wp","href":"https:\/\/api.w.org\/{rel}","templated":true}]}}