{"id":20040,"date":"2021-11-10T12:37:41","date_gmt":"2021-11-10T11:37:41","guid":{"rendered":"https:\/\/sundar.be\/product\/nail-art-tool\/"},"modified":"2025-08-04T14:52:09","modified_gmt":"2025-08-04T12:52:09","slug":"nail-art-tool","status":"publish","type":"product","link":"https:\/\/sundar.be\/fr\/produit\/nail-art-tool\/","title":{"rendered":"Nail Art Tool"},"content":{"rendered":"<p>Notre nouvel outil Nail Art permet de r\u00e9aliser en un clin d&rsquo;\u0153il un effet ombr\u00e9 tendance sur vos ongles.<br \/>\nGr\u00e2ce \u00e0 ses deux \u00e9ponges diff\u00e9rentes, il offre la possibilit\u00e9 de cr\u00e9er des looks personnalis\u00e9s.<br \/>\nIl est \u00e9galement id\u00e9al pour appliquer des pigments ou ajouter de simples touches de couleur.<\/p>\n","protected":false},"excerpt":{"rendered":"<p>Notre nouvel outil Nail Art permet de r\u00e9aliser en un clin d&rsquo;\u0153il un effet ombr\u00e9 tendance sur vos ongles. Gr\u00e2ce \u00e0 ses deux \u00e9ponges diff\u00e9rentes, il offre la possibilit\u00e9 de cr\u00e9er des looks personnalis\u00e9s. Il est \u00e9galement id\u00e9al pour appliquer des pigments ou ajouter de simples touches de couleur.<\/p>\n","protected":false},"featured_media":20039,"comment_status":"closed","ping_status":"closed","template":"","meta":{"_acf_changed":false},"product_brand":[],"product_cat":[4936,1532,4949,5010,1533,5617,4761],"product_tag":[2715],"class_list":{"0":"post-20040","1":"product","2":"type-product","3":"status-publish","4":"has-post-thumbnail","6":"product_cat-lcn-fr","7":"product_cat-materiels","8":"product_cat-lcn-ongles-artificiels","9":"product_cat-manucure-pinceaux","10":"product_cat-pinceaux","11":"product_cat-pinceaux-nail-art","12":"product_cat-pose-ongles","13":"product_tag-lcn-fr","14":"pa_vorm-sponges-for-tool-fr","15":"pa_vorm-tool-fr","17":"first","18":"instock","19":"taxable","20":"shipping-taxable","21":"product-type-variable"},"acf":[],"_links":{"self":[{"href":"https:\/\/sundar.be\/fr\/wp-json\/wp\/v2\/product\/20040","targetHints":{"allow":["GET"]}}],"collection":[{"href":"https:\/\/sundar.be\/fr\/wp-json\/wp\/v2\/product"}],"about":[{"href":"https:\/\/sundar.be\/fr\/wp-json\/wp\/v2\/types\/product"}],"replies":[{"embeddable":true,"href":"https:\/\/sundar.be\/fr\/wp-json\/wp\/v2\/comments?post=20040"}],"wp:featuredmedia":[{"embeddable":true,"href":"https:\/\/sundar.be\/fr\/wp-json\/wp\/v2\/media\/20039"}],"wp:attachment":[{"href":"https:\/\/sundar.be\/fr\/wp-json\/wp\/v2\/media?parent=20040"}],"wp:term":[{"taxonomy":"product_brand","embeddable":true,"href":"https:\/\/sundar.be\/fr\/wp-json\/wp\/v2\/product_brand?post=20040"},{"taxonomy":"product_cat","embeddable":true,"href":"https:\/\/sundar.be\/fr\/wp-json\/wp\/v2\/product_cat?post=20040"},{"taxonomy":"product_tag","embeddable":true,"href":"https:\/\/sundar.be\/fr\/wp-json\/wp\/v2\/product_tag?post=20040"}],"curies":[{"name":"wp","href":"https:\/\/api.w.org\/{rel}","templated":true}]}}