{"id":18655,"date":"2021-10-20T15:56:36","date_gmt":"2021-10-20T13:56:36","guid":{"rendered":"https:\/\/sundar.be\/product\/filter-for-microderm-skin-expert\/"},"modified":"2025-11-25T15:22:07","modified_gmt":"2025-11-25T14:22:07","slug":"filter-for-microderm-skin-expert","status":"publish","type":"product","link":"https:\/\/sundar.be\/fr\/produit\/filter-for-microderm-skin-expert\/","title":{"rendered":"LCN Filter for Microderm Skin Expert"},"content":{"rendered":"<p>Le filtre interchangeable capture les cellules mortes \u00e9limin\u00e9es lors de la microdermabrasion.<br \/>\nApr\u00e8s chaque traitement avec le Microderm Skin Expert, le filtre doit \u00eatre remplac\u00e9.<\/p>\n","protected":false},"excerpt":{"rendered":"<p>Le filtre interchangeable capture les cellules mortes \u00e9limin\u00e9es lors de la microdermabrasion. Apr\u00e8s chaque traitement avec le Microderm Skin Expert, le filtre doit \u00eatre remplac\u00e9.<\/p>\n","protected":false},"featured_media":18654,"comment_status":"closed","ping_status":"closed","template":"","meta":{"_acf_changed":false},"product_brand":[],"product_cat":[1590],"product_tag":[2715],"class_list":{"0":"post-18655","1":"product","2":"type-product","3":"status-publish","4":"has-post-thumbnail","6":"product_cat-lcn-microdermabrasion-fr","7":"product_tag-lcn-fr","9":"first","10":"instock","11":"taxable","12":"shipping-taxable","13":"product-type-simple"},"acf":[],"_links":{"self":[{"href":"https:\/\/sundar.be\/fr\/wp-json\/wp\/v2\/product\/18655","targetHints":{"allow":["GET"]}}],"collection":[{"href":"https:\/\/sundar.be\/fr\/wp-json\/wp\/v2\/product"}],"about":[{"href":"https:\/\/sundar.be\/fr\/wp-json\/wp\/v2\/types\/product"}],"replies":[{"embeddable":true,"href":"https:\/\/sundar.be\/fr\/wp-json\/wp\/v2\/comments?post=18655"}],"wp:featuredmedia":[{"embeddable":true,"href":"https:\/\/sundar.be\/fr\/wp-json\/wp\/v2\/media\/18654"}],"wp:attachment":[{"href":"https:\/\/sundar.be\/fr\/wp-json\/wp\/v2\/media?parent=18655"}],"wp:term":[{"taxonomy":"product_brand","embeddable":true,"href":"https:\/\/sundar.be\/fr\/wp-json\/wp\/v2\/product_brand?post=18655"},{"taxonomy":"product_cat","embeddable":true,"href":"https:\/\/sundar.be\/fr\/wp-json\/wp\/v2\/product_cat?post=18655"},{"taxonomy":"product_tag","embeddable":true,"href":"https:\/\/sundar.be\/fr\/wp-json\/wp\/v2\/product_tag?post=18655"}],"curies":[{"name":"wp","href":"https:\/\/api.w.org\/{rel}","templated":true}]}}